{"id":1136,"date":"2018-12-18T15:29:06","date_gmt":"2018-12-18T14:29:06","guid":{"rendered":"https:\/\/www.damak.at\/datenschutz\/"},"modified":"2019-04-18T17:30:59","modified_gmt":"2019-04-18T15:30:59","slug":"privacy","status":"publish","type":"page","link":"https:\/\/www.damak.at\/en\/privacy\/","title":{"rendered":"Privacy Statement"},"content":{"rendered":"<div class=\"wpb-content-wrapper\"><p>[vc_row full_width=&#8221;stretch_row&#8221; css=&#8221;.vc_custom_1545578568204{background-color: #000000 !important;}&#8221;][vc_column offset=&#8221;vc_hidden-md vc_hidden-sm vc_hidden-xs&#8221;][vc_empty_space height=&#8221;30px&#8221;][\/vc_column][\/vc_row][vc_row full_width=&#8221;stretch_row&#8221; content_placement=&#8221;bottom&#8221; css=&#8221;.vc_custom_1545140460190{background-image: url(https:\/\/www.damak.at\/wp-content\/uploads\/top-back.png?id=376) !important;background-position: 0 0 !important;background-repeat: no-repeat !important;}&#8221;][vc_column][vc_empty_space height=&#8221;35px&#8221;][vc_column_text]<\/p>\n<h2><strong>Privacy Statement<\/strong><\/h2>\n<p>[\/vc_column_text][vc_column_text css=&#8221;.vc_custom_1555601436473{margin-bottom: -20px !important;}&#8221;]<\/p>\n<div class=\"vSiteElemBox\">\n<div class=\"vSiteElemBoxInhalt\">\n<div class=\"vSiteElemBox\">\n<div class=\"vSiteElemBoxInhalt\">\n<p><strong>Basics <\/strong><\/p>\n<p>This Privacy Policy applies to all persons using the services of KVMK Business GmbH (hereinafter referred to as KVMK). We inform you about the nature, scope and purpose of the collection and use of your personal data by our company. We respect your privacy and strive to comply strictly with the legal requirements for the processing of your personal data (EU Regulation No. 679\/2016 (DSGVO), DSG 2000, DSG 2018 and TKG 2003). All your personal information will be processed on this basis.<\/p>\n<p>Responsible for the data processing is KVMK, Leibnizgasse 15, 1100 Vienna.<\/p>\n<p>Our Privacy Coordinator is Volkan Akin (<a href=\"mailto:office@damak.at\">office@damak.at<\/a>, +43 1 236 0 222).<\/p>\n<p>By using our services and obtaining consent in the sense of this statement, you certify that you have reached the age of 14 and are able to give your consent, or that your guardian or administrator already has effective consent.<\/p>\n<p><strong>Information according to Art. 13 DSGVO <\/strong><\/p>\n<p>Your personal data, that is in particular<\/p>\n<p>&#8211; Your master data (name, first name, address, e-mail address, telephone number),<\/p>\n<p>&#8211; the details of payment and payments, in particular debit cards, credit cards and bank cards;<\/p>\n<p>&#8211; special categories of data such as health data (allergies, special meals),<\/p>\n<p>are needed for our services. Therefore, we store, process and, where necessary, send this data to third parties &#8211; including service providers in third countries as processors for travel bookings, software and agency services.<\/p>\n<p>We do not use profiling and automated decisions.<\/p>\n<p>The duration of the storage depends on the duration of our business relationship and furthermore on the statutory retention requirements applicable to us. We emphasize that in the case of a regular cooperation for our best possible customer service, we endeavor to know your customer wishes that have already been conveyed to us so well that we can satisfy you continuously and permanently.<\/p>\n<p><strong>Our Websites<\/strong><\/p>\n<p>By calling our website, your access data are automatically collected and stored. These access data may include, in particular, the page accessed, the files viewed, the date and time of the call, the user&#8217;s IP address, data of the calling computer, in particular the browser and the operating system, as well as the data volume and the message of the successful call. These access data are used by us for internal statistical purposes to ensure the security of our offer and to optimize the offer. If an unlawful act is suspected, the access data will be evaluated to secure evidence.<\/p>\n<p>By entering your personal data in one of our contact forms, you consent to the transmission and storage and processing by us for the duration of this specific request. This is especially true for your requests via contact form, chat and emails you send us. We need this data to process your request and in these cases also store your IP address for purposes of securing evidence. The storage takes place as long as this is necessary for the care of any supplementary or subsequently asked questions by you or us.<\/p>\n<p>Via our site damak.at no other data is requested and stored, which we do not include in the inpatient distribution. The same provisions apply to storage and deletion.<\/p>\n<p>The legal basis for this data processing is your consent, our pre-contractual and contractual obligations to you, our legitimate interests and legal obligations of all kinds and \u00a7 96 TKG.<\/p>\n<p><strong>Newsletter <\/strong><\/p>\n<p>You are free to subscribe to our newsletter. In every newsletter you receive, you will find all the information you need to unsubscribe from the newsletter. For more information about our newsletters, please contact us at <a href=\"mailto:office@damak.at\"> office@damak.at <\/a>. We&#8217;re here to help.<\/p>\n<p>The content of our website has been carefully prepared and checked several times, but we assume no liability for the topicality, correctness and completeness of the information provided. Claims for damages for the use or non-use of the information or for the use of incorrect or incomplete information are excluded. All offers are non-binding. We reserve the right to change, amend or delete the offer or parts thereof without prior notice or to cease publication of the website temporarily or permanently.<\/p>\n<p>The content and programming of our website are protected by copyright and ancillary copyright. Any duplication &#8211; also in extracts &#8211; and public reproduction, especially the copying of texts, graphics and photos, is prohibited without our prior written consent.<\/p>\n<p><strong>Transmission to third parties \/ obligations of processors <\/strong><\/p>\n<p>Your personal information may be provided by us<\/p>\n<p>&#8211; within the group taking into account the permitted uses,<\/p>\n<p>&#8211; to a processor (for example, our electronic newsletter advertisements) who have committed ourselves to comply with applicable privacy standards, or<\/p>\n<p>&#8211; to third parties who are required to provide the services you require,<\/p>\n<p>transmitted. If compliance with European data protection standards is not possible &#8211; for example because standard contractual clauses, adequacy decisions or certifications are not guaranteed in the specific case &#8211; we will inform you in good time and also obtain the necessary consents from you. For more information, please contact us at <a href=\"mailto:office@damak.at\"> office@damak.at<\/a><\/p>\n<p><strong>Cookies und Tracking Dienste <\/strong><\/p>\n<p>Wir verwenden Cookies, das sind kleine Textelemente, die zum Speichern von Informationen in Webbrowsern verwendet werden. Cookies werden bei Ihrem n\u00e4chsten Besuch unseres Webauftritts erkannt und tragen erheblich dazu bei, Ladevorg\u00e4nge zu beschleunigen und die Nutzung unserer Angebote komfortabel f\u00fcr Sie zu machen. Ihre von Cookies erkannten und gespeicherten Informationen dienen Ihrer Wiederkennung, aber auch der Analyse Ihres Nutzerverhaltens. Sie werden auf dem Server des jeweiligen Anbieters, der sich als Auftragsverarbeiter uns gegen\u00fcber zur Einhaltung der geltenden Datenschutz-Standards verpflichtet hat, gespeichert.<\/p>\n<p>Nachdem Sie unseren Webauftritt besucht haben, bleiben Cookies auf Ihrem Endger\u00e4t gespeichert, sofern Sie dies nicht von vornherein verweigern oder Sie Cookies nicht aktiv l\u00f6schen. Das aktive Deaktivieren von Cookies kann die Funktionalit\u00e4t unserer Webauftritte f\u00fcr Sie beeintr\u00e4chtigen. Sie k\u00f6nnen die Speicherung der Cookies auch durch eine entsprechende Einstellung Ihrer Browser- Software verhindern. Wir weisen Sie jedoch darauf hin, dass Sie in diesem Fall gegebenenfalls nicht s\u00e4mtliche Funktionen unserer Website werden nutzen k\u00f6nnen. Sie k\u00f6nnen dar\u00fcber hinaus die Weiterleitung der durch das Cookie erzeugten und auf Ihre Nutzung der Website bezogenen Daten (inkl. Ihrer IP-Adresse) an Google sowie die Verarbeitung dieser Daten durch Google verhindern, indem Sie das auf der Website google.com verf\u00fcgbare Browser-Plugin herunterladen und installieren. Das Plug-In ist jedoch nur f\u00fcr bestimmte Browser-Programme verf\u00fcgbar.<\/p>\n<p>Wir verwenden auf unserer Website auch Inhalte Dritter, um unseren Internet-Auftritt m\u00f6glichst informativ und komfortabel f\u00fcr Sie zu gestalten. Dazu geh\u00f6ren zB Google-Maps, RSS-Feeds oder Youtube. Diese Dritt-Anbieter erhalten aus technischen Gr\u00fcnden Ihre IP-Adresse. Auf die Verwendung dieser Daten durch den Dritt-Anbieter haben wir keinen Einfluss. Wir verweisen diesbez\u00fcglich auf die Datenschutzerkl\u00e4rungen der jeweiligen Anbieter.<\/p>\n<p><strong>Google Analytics<\/strong><\/p>\n<p>Google&#8217;s website uses the &#8220;Google Analytics&#8221; service provided by Google Inc. (1600 Amphitheater Parkway Mountain View, CA 94043, USA) to analyze users&#8217; website usage. The service uses &#8220;cookies&#8221; &#8211; text files stored on your device. The information collected through the cookies is usually sent to and stored on a Google server in the USAnalytics<\/p>\n<p>On this website accesses the IP anonymization. The IP address of the users is shortened within the member states of the EU and the European Economic Area. This reduction eliminates the personal reference of your IP address. Under the terms of the agreement, which website operators have entered into with Google Inc., they use the information collected to compile an evaluation of website activity and website activity, and provide Internet-related services.<\/p>\n<p>You have the option of preventing the cookie from being stored on your device by making the appropriate settings in your browser. There is no guarantee that you will access all features of this website without restrictions<\/p>\n<p>Learn more about data usage by Google Inc: <a href=\"https:\/\/support.google.com\/analytics\/answer\/6004245?hl=en\"> https:\/\/support.google.com\/analytics \/ answer \/ 6004245? hl = en <\/a><\/p>\n<p><strong>Use of social media plugins<\/strong><\/p>\n<p>This website uses Facebook Social Plugins, which is operated by Facebook Inc. (1 Hacker Way, Menlo Park, California 94025, USA). Recognizable are the incorporations on the Facebook logo or on the terms &#8220;Like&#8221;, &#8220;Like&#8221;, &#8220;Share&#8221; in the colors Facebook (blue and white). For all Facebook plug-ins, see the following link: <a href=\"https:\/\/developers.facebook.com\/docs\/plugins\/\"> https:\/\/developers.facebook.com\/docs\/plugins\/&lt;\/a &gt;<\/a><\/p>\n<p>The plugin creates a direct connection between your browser and the Facebook servers. The website operator has no influence whatsoever on the nature and extent of the data transmitted by the plugin to the Facebook Inc. servers. You can find information here: <a href=\"https:\/\/www.facebook.com\/help\/186325668085084\"> https:\/\/www.facebook.com\/help\/186325668085084 <\/a><br \/>\nThe plugin informs Facebook Inc. that users have visited this website. There is the possibility that your IP address will be saved. If you are logged into your Facebook account while visiting this website, the information will be linked to it.<\/p>\n<p>If you use the functions of the plugin &#8211; for example by sharing or &#8220;liking&#8221; a post &#8211; the corresponding information will also be transmitted to Facebook Inc.<\/p>\n<p>Do you want to prevent the Facebook. Inc. associates this information with your Facebook account, please log out of Facebook before visiting this website.<\/p>\n<p>Furthermore, this website uses the &#8220;+1&#8221; button of Google Plus. It is operated by Google Inc. (1600 Amphitheater Parkway Mountain View, CA 94043, USA). If you visit a page that contains the &#8220;+1&#8221; button, a direct connection is created between your browser and the Google servers. The website operator therefore has no influence whatsoever on the nature and extent of the data transmitted by the plugin to the servers of Google Inc. Click on the &#8220;+1&#8221; button while logged in to Google+, share the contents of the page on your public profile.<\/p>\n<p>Personal data will not be collected by Google Inc. until you click the button. Even with logged in Google users, among other things, the IP address is stored. If you would like to prevent Google Inc. from storing this data and linking it to your account, please log out before visiting this website.<\/p>\n<p>Learn about the &#8220;+1&#8221; button here: <a href=\"https:\/\/developers.google.com\/+\/web\/buttons-policy\"> https:\/\/developers.google.com\/+\/web\/ buttons-policy code.<\/a><\/p>\n<p>urthermore, this website uses Twitter-Schlatfl\u00e4chen. These are operated by Twitter Inc. (795 Folsom St., Suite 600, San Francisco, CA 94107, USA). If you visit a page that contains such a button, a direct connection is created between your browser and the Twitter servers. The website operator therefore has no influence whatsoever on the nature and extent of the data transmitted by the plugin to the server Twitter Inc.<\/p>\n<p>According to the Twitter Inc. only your IP address is collected and stored.<br \/>\nFor information about how personal information is handled by Twitter Inc., please see: <a href=\"https:\/\/twitter.com\/privacy?lang=en\"> https:\/\/twitter.com\/privacy?lang=en &lt; \/ a&gt;<\/a><\/p>\n<p>Our website uses social plugins (&#8220;plugins&#8221;) from the Instagram online service operated by Instagram LLC, 1601 Willow Road, Menlo Park, CA 94025, USA (&#8220;Instagram&#8221;). The plugins are marked with an Instagram logo, for example in the form of an &#8220;Instagram camera&#8221;. For an overview of the Instagram plugins and their look, see: <a href=\"http:\/\/blog.instagram.com\/post\/36222023872\/introducing-instagram-badges.\"> http:\/\/blog.instagram.com\/ post \/ 36222023872 \/ introducing-instagram-badges. <\/a><\/p>\n<p>When you visit a page of our website that contains such a plugin, your browser connects directly to Instagram&#8217;s servers. The content of the plugin is transmitted by Instagram directly to your browser and integrated into the page. Through this integration, Instagram receives the information that your browser has accessed the corresponding page of our website, even if you do not have an Instagram profile or are currently not logged in to Instagram. This information (including your IP address) is sent from your browser directly to an Instagram server in the US and stored there.<\/p>\n<p>The purpose and scope of the data collection and the further processing and use of the data by Instagram as well as your rights in this respect and setting options for the protection of your privacy can be found in the privacy policy of Instagram: <a href=\"https:\/\/help.instagram.com\/155833707900388\/ \"> https:\/\/help.instagram.com\/155833707900388\/. <\/a><\/p>\n<p><strong>Contact<\/strong><\/p>\n<p>You can request information about your personal data stored by us free of charge at any time. As a data subject, you also have the right to revoke, provide information, delete, rectify, limit and transfer your personal data, insofar as there is no legal obligation to keep records on our part.<\/p>\n<p>For more information about your rights as a victim, please contact us at <a href=\"mailto:office@damak.at\"> office@damak.at <\/a> or +43 1 236 0 222. We are here to help. For complaints, the Austrian Data Protection Authority (DSB), Wickenburggasse 8-10, 1080 Vienna, is the supervisory authority.<\/p>\n<p><strong>Rights of the user:information, correction and deletion<\/strong><\/p>\n<p>As a user, you, at the request of you, receive free information about which personal data has been stored about you. If your request does not conflict with a legal duty to retain data (eg data retention), you are entitled to correct incorrect data and to block or delete your personal data.<\/p>\n<p><strong>Miscellaneous<\/strong><\/p>\n<p>We have implemented organizational and technical safeguards that we continually evaluate and adapt as necessary to protect your personal information that we store and process.<\/p>\n<p>We reserve the right to change this privacy policy at any time and to adapt it to new developments. The new version is valid from provision on our website. The current version of the privacy policy is available on the website at any time.<\/p>\n<\/div>\n<\/div>\n<\/div>\n<\/div>\n<p>[\/vc_column_text][\/vc_column][\/vc_row][vc_row full_width=&#8221;stretch_row_content_no_spaces&#8221;][vc_column][vc_empty_space height=&#8221;15px&#8221;][vc_single_image image=&#8221;40&#8243; img_size=&#8221;full&#8221; alignment=&#8221;center&#8221; css=&#8221;.vc_custom_1538614234640{margin-bottom: -40px !important;}&#8221;][\/vc_column][\/vc_row]<\/p>\n<\/div>","protected":false},"excerpt":{"rendered":"<p>[vc_row full_width=&#8221;stretch_row&#8221; css=&#8221;.vc_custom_1545578568204{background-color: #000000 !important;}&#8221;][vc_column offset=&#8221;vc_hidden-md vc_hidden-sm vc_hidden-xs&#8221;][vc_empty_space height=&#8221;30px&#8221;][\/vc_column][\/vc_row][vc_row full_width=&#8221;stretch_row&#8221; content_placement=&#8221;bottom&#8221; css=&#8221;.vc_custom_1545140460190{background-image: url(https:\/\/www.damak.at\/wp-content\/uploads\/top-back.png?id=376) !important;background-position: 0 0 !important;background-repeat: no-repeat !important;}&#8221;][vc_column][vc_empty_space height=&#8221;35px&#8221;][vc_column_text] Privacy Statement [\/vc_column_text][vc_column_text css=&#8221;.vc_custom_1555601436473{margin-bottom: -20px !important;}&#8221;]<span class=\"excerpt-hellip\"> [\u2026]<\/span><\/p>\n","protected":false},"author":2,"featured_media":0,"parent":0,"menu_order":0,"comment_status":"closed","ping_status":"closed","template":"","meta":{"inline_featured_image":false,"footnotes":""},"class_list":["post-1136","page","type-page","status-publish","hentry"],"yoast_head":"<!-- This site is optimized with the Yoast SEO plugin v27.3 - https:\/\/yoast.com\/product\/yoast-seo-wordpress\/ -->\n<title>Privacy Statement - Damak Restaurant Wien<\/title>\n<meta name=\"robots\" content=\"index, follow, max-snippet:-1, max-image-preview:large, max-video-preview:-1\" \/>\n<link rel=\"canonical\" href=\"https:\/\/www.damak.at\/en\/privacy\/\" \/>\n<meta property=\"og:locale\" content=\"en_US\" \/>\n<meta property=\"og:type\" content=\"article\" \/>\n<meta property=\"og:title\" content=\"Privacy Statement - Damak Restaurant Wien\" \/>\n<meta property=\"og:description\" content=\"[vc_row full_width=&#8221;stretch_row&#8221; css=&#8221;.vc_custom_1545578568204{background-color: #000000 !important;}&#8221;][vc_column offset=&#8221;vc_hidden-md vc_hidden-sm vc_hidden-xs&#8221;][vc_empty_space height=&#8221;30px&#8221;][\/vc_column][\/vc_row][vc_row full_width=&#8221;stretch_row&#8221; content_placement=&#8221;bottom&#8221; css=&#8221;.vc_custom_1545140460190{background-image: url(https:\/\/www.damak.at\/wp-content\/uploads\/top-back.png?id=376) !important;background-position: 0 0 !important;background-repeat: no-repeat !important;}&#8221;][vc_column][vc_empty_space height=&#8221;35px&#8221;][vc_column_text] Privacy Statement [\/vc_column_text][vc_column_text css=&#8221;.vc_custom_1555601436473{margin-bottom: -20px !important;}&#8221;] [\u2026]\" \/>\n<meta property=\"og:url\" content=\"https:\/\/www.damak.at\/en\/privacy\/\" \/>\n<meta property=\"og:site_name\" content=\"Damak Restaurant Wien\" \/>\n<meta property=\"article:publisher\" content=\"https:\/\/www.facebook.com\/damaketliekmek\/?locale=de_DE\" \/>\n<meta property=\"article:modified_time\" content=\"2019-04-18T15:30:59+00:00\" \/>\n<meta name=\"twitter:card\" content=\"summary_large_image\" \/>\n<meta name=\"twitter:label1\" content=\"Est. reading time\" \/>\n\t<meta name=\"twitter:data1\" content=\"11 minutes\" \/>\n<script type=\"application\/ld+json\" class=\"yoast-schema-graph\">{\"@context\":\"https:\\\/\\\/schema.org\",\"@graph\":[{\"@type\":\"WebPage\",\"@id\":\"https:\\\/\\\/www.damak.at\\\/en\\\/privacy\\\/\",\"url\":\"https:\\\/\\\/www.damak.at\\\/en\\\/privacy\\\/\",\"name\":\"Privacy Statement - Damak Restaurant Wien\",\"isPartOf\":{\"@id\":\"https:\\\/\\\/www.damak.at\\\/en\\\/#website\"},\"datePublished\":\"2018-12-18T14:29:06+00:00\",\"dateModified\":\"2019-04-18T15:30:59+00:00\",\"breadcrumb\":{\"@id\":\"https:\\\/\\\/www.damak.at\\\/en\\\/privacy\\\/#breadcrumb\"},\"inLanguage\":\"en-US\",\"potentialAction\":[{\"@type\":\"ReadAction\",\"target\":[\"https:\\\/\\\/www.damak.at\\\/en\\\/privacy\\\/\"]}]},{\"@type\":\"BreadcrumbList\",\"@id\":\"https:\\\/\\\/www.damak.at\\\/en\\\/privacy\\\/#breadcrumb\",\"itemListElement\":[{\"@type\":\"ListItem\",\"position\":1,\"name\":\"Startseite\",\"item\":\"https:\\\/\\\/www.damak.at\\\/en\\\/\"},{\"@type\":\"ListItem\",\"position\":2,\"name\":\"Privacy Statement\"}]},{\"@type\":\"WebSite\",\"@id\":\"https:\\\/\\\/www.damak.at\\\/en\\\/#website\",\"url\":\"https:\\\/\\\/www.damak.at\\\/en\\\/\",\"name\":\"Damak Restaurant Wien\",\"description\":\"Konya Etliekmek\",\"publisher\":{\"@id\":\"https:\\\/\\\/www.damak.at\\\/en\\\/#organization\"},\"potentialAction\":[{\"@type\":\"SearchAction\",\"target\":{\"@type\":\"EntryPoint\",\"urlTemplate\":\"https:\\\/\\\/www.damak.at\\\/en\\\/?s={search_term_string}\"},\"query-input\":{\"@type\":\"PropertyValueSpecification\",\"valueRequired\":true,\"valueName\":\"search_term_string\"}}],\"inLanguage\":\"en-US\"},{\"@type\":\"Organization\",\"@id\":\"https:\\\/\\\/www.damak.at\\\/en\\\/#organization\",\"name\":\"Damak Restaurant Wien\",\"url\":\"https:\\\/\\\/www.damak.at\\\/en\\\/\",\"logo\":{\"@type\":\"ImageObject\",\"inLanguage\":\"en-US\",\"@id\":\"https:\\\/\\\/www.damak.at\\\/en\\\/#\\\/schema\\\/logo\\\/image\\\/\",\"url\":\"https:\\\/\\\/www.damak.at\\\/wp-content\\\/uploads\\\/favicon.png\",\"contentUrl\":\"https:\\\/\\\/www.damak.at\\\/wp-content\\\/uploads\\\/favicon.png\",\"width\":32,\"height\":32,\"caption\":\"Damak Restaurant Wien\"},\"image\":{\"@id\":\"https:\\\/\\\/www.damak.at\\\/en\\\/#\\\/schema\\\/logo\\\/image\\\/\"},\"sameAs\":[\"https:\\\/\\\/www.facebook.com\\\/damaketliekmek\\\/?locale=de_DE\",\"https:\\\/\\\/www.instagram.com\\\/damak.restaurant\\\/?hl=de\"]}]}<\/script>\n<!-- \/ Yoast SEO plugin. -->","yoast_head_json":{"title":"Privacy Statement - Damak Restaurant Wien","robots":{"index":"index","follow":"follow","max-snippet":"max-snippet:-1","max-image-preview":"max-image-preview:large","max-video-preview":"max-video-preview:-1"},"canonical":"https:\/\/www.damak.at\/en\/privacy\/","og_locale":"en_US","og_type":"article","og_title":"Privacy Statement - Damak Restaurant Wien","og_description":"[vc_row full_width=&#8221;stretch_row&#8221; css=&#8221;.vc_custom_1545578568204{background-color: #000000 !important;}&#8221;][vc_column offset=&#8221;vc_hidden-md vc_hidden-sm vc_hidden-xs&#8221;][vc_empty_space height=&#8221;30px&#8221;][\/vc_column][\/vc_row][vc_row full_width=&#8221;stretch_row&#8221; content_placement=&#8221;bottom&#8221; css=&#8221;.vc_custom_1545140460190{background-image: url(https:\/\/www.damak.at\/wp-content\/uploads\/top-back.png?id=376) !important;background-position: 0 0 !important;background-repeat: no-repeat !important;}&#8221;][vc_column][vc_empty_space height=&#8221;35px&#8221;][vc_column_text] Privacy Statement [\/vc_column_text][vc_column_text css=&#8221;.vc_custom_1555601436473{margin-bottom: -20px !important;}&#8221;] [\u2026]","og_url":"https:\/\/www.damak.at\/en\/privacy\/","og_site_name":"Damak Restaurant Wien","article_publisher":"https:\/\/www.facebook.com\/damaketliekmek\/?locale=de_DE","article_modified_time":"2019-04-18T15:30:59+00:00","twitter_card":"summary_large_image","twitter_misc":{"Est. reading time":"11 minutes"},"schema":{"@context":"https:\/\/schema.org","@graph":[{"@type":"WebPage","@id":"https:\/\/www.damak.at\/en\/privacy\/","url":"https:\/\/www.damak.at\/en\/privacy\/","name":"Privacy Statement - Damak Restaurant Wien","isPartOf":{"@id":"https:\/\/www.damak.at\/en\/#website"},"datePublished":"2018-12-18T14:29:06+00:00","dateModified":"2019-04-18T15:30:59+00:00","breadcrumb":{"@id":"https:\/\/www.damak.at\/en\/privacy\/#breadcrumb"},"inLanguage":"en-US","potentialAction":[{"@type":"ReadAction","target":["https:\/\/www.damak.at\/en\/privacy\/"]}]},{"@type":"BreadcrumbList","@id":"https:\/\/www.damak.at\/en\/privacy\/#breadcrumb","itemListElement":[{"@type":"ListItem","position":1,"name":"Startseite","item":"https:\/\/www.damak.at\/en\/"},{"@type":"ListItem","position":2,"name":"Privacy Statement"}]},{"@type":"WebSite","@id":"https:\/\/www.damak.at\/en\/#website","url":"https:\/\/www.damak.at\/en\/","name":"Damak Restaurant Wien","description":"Konya Etliekmek","publisher":{"@id":"https:\/\/www.damak.at\/en\/#organization"},"potentialAction":[{"@type":"SearchAction","target":{"@type":"EntryPoint","urlTemplate":"https:\/\/www.damak.at\/en\/?s={search_term_string}"},"query-input":{"@type":"PropertyValueSpecification","valueRequired":true,"valueName":"search_term_string"}}],"inLanguage":"en-US"},{"@type":"Organization","@id":"https:\/\/www.damak.at\/en\/#organization","name":"Damak Restaurant Wien","url":"https:\/\/www.damak.at\/en\/","logo":{"@type":"ImageObject","inLanguage":"en-US","@id":"https:\/\/www.damak.at\/en\/#\/schema\/logo\/image\/","url":"https:\/\/www.damak.at\/wp-content\/uploads\/favicon.png","contentUrl":"https:\/\/www.damak.at\/wp-content\/uploads\/favicon.png","width":32,"height":32,"caption":"Damak Restaurant Wien"},"image":{"@id":"https:\/\/www.damak.at\/en\/#\/schema\/logo\/image\/"},"sameAs":["https:\/\/www.facebook.com\/damaketliekmek\/?locale=de_DE","https:\/\/www.instagram.com\/damak.restaurant\/?hl=de"]}]}},"_links":{"self":[{"href":"https:\/\/www.damak.at\/en\/wp-json\/wp\/v2\/pages\/1136","targetHints":{"allow":["GET"]}}],"collection":[{"href":"https:\/\/www.damak.at\/en\/wp-json\/wp\/v2\/pages"}],"about":[{"href":"https:\/\/www.damak.at\/en\/wp-json\/wp\/v2\/types\/page"}],"author":[{"embeddable":true,"href":"https:\/\/www.damak.at\/en\/wp-json\/wp\/v2\/users\/2"}],"replies":[{"embeddable":true,"href":"https:\/\/www.damak.at\/en\/wp-json\/wp\/v2\/comments?post=1136"}],"version-history":[{"count":2,"href":"https:\/\/www.damak.at\/en\/wp-json\/wp\/v2\/pages\/1136\/revisions"}],"predecessor-version":[{"id":1138,"href":"https:\/\/www.damak.at\/en\/wp-json\/wp\/v2\/pages\/1136\/revisions\/1138"}],"wp:attachment":[{"href":"https:\/\/www.damak.at\/en\/wp-json\/wp\/v2\/media?parent=1136"}],"curies":[{"name":"wp","href":"https:\/\/api.w.org\/{rel}","templated":true}]}}