{"id":1274,"date":"2019-04-26T11:39:33","date_gmt":"2019-04-26T09:39:33","guid":{"rendered":"https:\/\/www.damak.at\/?page_id=1274"},"modified":"2021-05-18T23:27:21","modified_gmt":"2021-05-18T21:27:21","slug":"viyana-turk-tatlisi","status":"publish","type":"page","link":"https:\/\/www.damak.at\/tr\/viyana-turk-tatlisi\/","title":{"rendered":"Viyana T\u00fcrk Tatl\u0131s\u0131"},"content":{"rendered":"<div class=\"wpb-content-wrapper\"><p>[vc_row full_width=&#8221;stretch_row&#8221; css=&#8221;.vc_custom_1545577927891{background-color: #000000 !important;}&#8221;][vc_column offset=&#8221;vc_hidden-md vc_hidden-sm vc_hidden-xs&#8221;][vc_empty_space height=&#8221;30px&#8221;][\/vc_column][\/vc_row][vc_row full_width=&#8221;stretch_row&#8221; content_placement=&#8221;bottom&#8221; css=&#8221;.vc_custom_1544714892435{background-image: url(https:\/\/www.damak.at\/wp-content\/uploads\/top-back.png?id=376) !important;background-position: 0 0 !important;background-repeat: no-repeat !important;}&#8221;][vc_column][vc_empty_space][vc_column_text css=&#8221;.vc_custom_1557999848754{margin-bottom: -5px !important;}&#8221;]<\/p>\n<h1 style=\"text-align: center;\">Viyana&#8217;da T\u00fcrk Tatl\u0131s\u0131<\/h1>\n<p>Viyana&#8217;da var olan en iyi T\u00fcrk Restaurant\u0131 Damak Restaurant, sizin i\u00e7in <strong>T\u00fcrk Mutfa\u011f\u0131n\u0131n en g\u00fczel tatl\u0131lar\u0131n\u0131<\/strong> sunmaya devam ediyor. \u00d6zellikle de t\u00fcm m\u00fc\u015fterilerimiz taraf\u0131ndan b\u00fcy\u00fck hayranl\u0131kla t\u00fcketilen bu tatl\u0131lar kesinlikle arad\u0131\u011f\u0131n\u0131z lezzet diyebiliriz. En \u00e7ok t\u00fcketilen ve tercih edilen tatl\u0131lar\u0131m\u0131z\u0131n ba\u015f\u0131nda <a href=\"https:\/\/www.damak.at\/tr\/kunefe\/\">K\u00fcnefe<\/a>, <a href=\"https:\/\/www.damak.at\/tr\/viyanada-baklava\/\">Baklava<\/a>, Kemalpa\u015fa, Katmer ve F\u0131r\u0131n S\u00fctla\u00e7 gibi \u00fcr\u00fcnler gelmektedir. \u00d6zellikle d\u00fcnyan\u0131n bir\u00e7ok yerinden gelen insanlar\u0131n parmaklar\u0131n\u0131 yemesine neden olan bu lezzetler T\u00fcrklere \u00f6zg\u00fc \u00fcr\u00fcnlerden sadece birka\u00e7\u0131. Damak Restaurant\u0131nda harika bir yemek yedikten sonra mutlaka tad\u0131na bakman\u0131z\u0131 istedi\u011fimiz bu tatl\u0131lar\u0131 gelip denemelisiniz.<\/p>\n<p>\u00d6zellikle de bir\u00e7ok milletten insan\u0131n bay\u0131larak t\u00fcketti\u011fi ve her f\u0131rsatta yemek istedikleri T\u00fcrk Mutfa\u011f\u0131na \u00f6zg\u00fc tatl\u0131lar sizin i\u00e7in harika bir lezzet deneyimi olacakt\u0131r. Viyana&#8217;da bulunan <strong>T\u00fcrk Tatl\u0131c\u0131s\u0131<\/strong> olarak da adland\u0131r\u0131lan Damak Restaurant\u0131nda, t\u00fcm T\u00fcrk Mutfa\u011f\u0131na ait yemekleri bulabilece\u011finiz gibi yine bizim y\u00f6remize ait harika tatl\u0131lar\u0131 t\u00fcketebileceksiniz.\u00a0 Mutlaka Viyana&#8217;da bulunan Damak Restaurant\u0131m\u0131za u\u011fray\u0131p denemelisiniz.[\/vc_column_text][\/vc_column][\/vc_row][vc_row][vc_column][vc_column_text]<\/p>\n<h3><div class=\"mfn_heading heading_lines align_left\"><h3 class=\"title\" style=\"color:#000;\"><span class=\"line line_l\" style=\"background:#000;\"><\/span>Damak Tatl\u0131lar<span class=\"line line_r\" style=\"background:#000;\"><\/span><\/h3><\/div>\n<\/h3>\n<p>[\/vc_column_text][vc_row_inner][vc_column_inner width=&#8221;1\/2&#8243;][vc_single_image image=&#8221;2120&#8243; img_size=&#8221;full&#8221; el_class=&#8221;mobildeyukari&#8221; css=&#8221;.vc_custom_1621373236976{margin-bottom: 0px !important;}&#8221;][\/vc_column_inner][vc_column_inner width=&#8221;1\/2&#8243;][\/vc_column_inner][\/vc_row_inner][\/vc_column][\/vc_row][vc_row][vc_column][vc_message message_box_style=&#8221;outline&#8221; css=&#8221;.vc_custom_1553692492821{margin-top: -30px !important;}&#8221;]Yiyeceklerimizde alerji veya tahamm\u00fcls\u00fczl\u00fc\u011fe neden olabilecek maddeler hakk\u0131nda bilgi alabilirsiniz. (\u00a7 3 Abs. 2 Alerjenlerin formasyonlar\u0131na g\u00f6re VO BGBl. II No. 175\/2014)[\/vc_message][\/vc_column][\/vc_row][vc_row css=&#8221;.vc_custom_1544991450514{background-image: url(https:\/\/www.damak.at\/wp-content\/uploads\/2018\/09\/burger2-home-greenbg.png?id=45) !important;background-position: 0 0 !important;background-repeat: repeat !important;}&#8221;][vc_column width=&#8221;2\/3&#8243; css=&#8221;.vc_custom_1544988200185{background-position: 0 0 !important;background-repeat: no-repeat !important;}&#8221;][vc_column_text css=&#8221;.vc_custom_1553692544267{margin-bottom: -10px !important;background-position: 0 0 !important;background-repeat: no-repeat !important;}&#8221;]<\/p>\n<table>\n<tbody>\n<tr>\n<td style=\"border: 0;\"><span class=\"single_icon  icon_right\"><i style=\"font-size:55px;line-height:55px;color:#fff;\" class=\"icon-phone\"><\/i><\/span>\n<\/td>\n<td>\n<h3 class=\"ctasiparis\">Paket Servisi<\/h3>\n<h2 class=\"ctasiparis\"><b>+43 1 236 0 222<\/b><\/h2>\n<p class=\"ctasiparis\">Haftan\u0131n herg\u00fcn\u00fc. Pazar &amp; Tatil G\u00fcnleri: 08:00-24:00<\/p>\n<\/td>\n<\/tr>\n<\/tbody>\n<\/table>\n<p>[\/vc_column_text][\/vc_column][vc_column width=&#8221;1\/3&#8243;][vc_column_text css=&#8221;.vc_custom_1553692566041{padding-top: 25px !important;padding-right: 20px !important;padding-left: 20px !important;}&#8221; el_class=&#8221;mobildeyukari&#8221;]<a class=\"button  button_left button_full_width button_size_4\" href=\"http:\/\/..\/online-bestellung\/\"     style=\"background-color:#fff!important;color:#000000;\"     title=\"\"><span class=\"button_icon\"><i class=\"icon-cart\"  style=\"color:#000000!important;\" aria-hidden=\"true\"><\/i><\/span><span class=\"button_label\">Online Sipari\u015f<\/span><\/a>\n[\/vc_column_text][\/vc_column][\/vc_row][vc_row full_width=&#8221;stretch_row_content_no_spaces&#8221;][vc_column][vc_empty_space height=&#8221;15px&#8221;][vc_single_image image=&#8221;40&#8243; img_size=&#8221;full&#8221; alignment=&#8221;center&#8221; css=&#8221;.vc_custom_1538614234640{margin-bottom: -40px !important;}&#8221;][\/vc_column][\/vc_row]<\/p>\n<\/div>","protected":false},"excerpt":{"rendered":"<p>[vc_row full_width=&#8221;stretch_row&#8221; css=&#8221;.vc_custom_1545577927891{background-color: #000000 !important;}&#8221;][vc_column offset=&#8221;vc_hidden-md vc_hidden-sm vc_hidden-xs&#8221;][vc_empty_space height=&#8221;30px&#8221;][\/vc_column][\/vc_row][vc_row full_width=&#8221;stretch_row&#8221; content_placement=&#8221;bottom&#8221; css=&#8221;.vc_custom_1544714892435{background-image: url(https:\/\/www.damak.at\/wp-content\/uploads\/top-back.png?id=376) !important;background-position: 0 0 !important;background-repeat: no-repeat !important;}&#8221;][vc_column][vc_empty_space][vc_column_text css=&#8221;.vc_custom_1557999848754{margin-bottom: -5px !important;}&#8221;] Viyana&#8217;da T\u00fcrk Tatl\u0131s\u0131 Viyana&#8217;da<span class=\"excerpt-hellip\"> [\u2026]<\/span><\/p>\n","protected":false},"author":2,"featured_media":0,"parent":0,"menu_order":0,"comment_status":"closed","ping_status":"closed","template":"","meta":{"inline_featured_image":false,"footnotes":""},"class_list":["post-1274","page","type-page","status-publish","hentry"],"yoast_head":"<!-- This site is optimized with the Yoast SEO plugin v27.5 - https:\/\/yoast.com\/product\/yoast-seo-wordpress\/ -->\n<title>Viyana T\u00fcrk Tatl\u0131s\u0131 - Damak Restaurant Wien<\/title>\n<meta name=\"robots\" content=\"index, follow, max-snippet:-1, max-image-preview:large, max-video-preview:-1\" \/>\n<link rel=\"canonical\" href=\"https:\/\/www.damak.at\/tr\/viyana-turk-tatlisi\/\" \/>\n<meta property=\"og:locale\" content=\"tr_TR\" \/>\n<meta property=\"og:type\" content=\"article\" \/>\n<meta property=\"og:title\" content=\"Viyana T\u00fcrk Tatl\u0131s\u0131 - Damak Restaurant Wien\" \/>\n<meta property=\"og:description\" content=\"[vc_row full_width=&#8221;stretch_row&#8221; css=&#8221;.vc_custom_1545577927891{background-color: #000000 !important;}&#8221;][vc_column offset=&#8221;vc_hidden-md vc_hidden-sm vc_hidden-xs&#8221;][vc_empty_space height=&#8221;30px&#8221;][\/vc_column][\/vc_row][vc_row full_width=&#8221;stretch_row&#8221; content_placement=&#8221;bottom&#8221; css=&#8221;.vc_custom_1544714892435{background-image: url(https:\/\/www.damak.at\/wp-content\/uploads\/top-back.png?id=376) !important;background-position: 0 0 !important;background-repeat: no-repeat !important;}&#8221;][vc_column][vc_empty_space][vc_column_text css=&#8221;.vc_custom_1557999848754{margin-bottom: -5px !important;}&#8221;] Viyana&#8217;da T\u00fcrk Tatl\u0131s\u0131 Viyana&#8217;da [\u2026]\" \/>\n<meta property=\"og:url\" content=\"https:\/\/www.damak.at\/tr\/viyana-turk-tatlisi\/\" \/>\n<meta property=\"og:site_name\" content=\"Damak Restaurant Wien\" \/>\n<meta property=\"article:publisher\" content=\"https:\/\/www.facebook.com\/damaketliekmek\/?locale=de_DE\" \/>\n<meta property=\"article:modified_time\" content=\"2021-05-18T21:27:21+00:00\" \/>\n<meta name=\"twitter:card\" content=\"summary_large_image\" \/>\n<meta name=\"twitter:label1\" content=\"Tahmini okuma s\u00fcresi\" \/>\n\t<meta name=\"twitter:data1\" content=\"3 dakika\" \/>\n<script type=\"application\/ld+json\" class=\"yoast-schema-graph\">{\"@context\":\"https:\\\/\\\/schema.org\",\"@graph\":[{\"@type\":\"WebPage\",\"@id\":\"https:\\\/\\\/www.damak.at\\\/tr\\\/viyana-turk-tatlisi\\\/\",\"url\":\"https:\\\/\\\/www.damak.at\\\/tr\\\/viyana-turk-tatlisi\\\/\",\"name\":\"Viyana T\u00fcrk Tatl\u0131s\u0131 - Damak Restaurant Wien\",\"isPartOf\":{\"@id\":\"https:\\\/\\\/www.damak.at\\\/en\\\/#website\"},\"datePublished\":\"2019-04-26T09:39:33+00:00\",\"dateModified\":\"2021-05-18T21:27:21+00:00\",\"breadcrumb\":{\"@id\":\"https:\\\/\\\/www.damak.at\\\/tr\\\/viyana-turk-tatlisi\\\/#breadcrumb\"},\"inLanguage\":\"tr\",\"potentialAction\":[{\"@type\":\"ReadAction\",\"target\":[\"https:\\\/\\\/www.damak.at\\\/tr\\\/viyana-turk-tatlisi\\\/\"]}]},{\"@type\":\"BreadcrumbList\",\"@id\":\"https:\\\/\\\/www.damak.at\\\/tr\\\/viyana-turk-tatlisi\\\/#breadcrumb\",\"itemListElement\":[{\"@type\":\"ListItem\",\"position\":1,\"name\":\"Startseite\",\"item\":\"https:\\\/\\\/www.damak.at\\\/tr\\\/\"},{\"@type\":\"ListItem\",\"position\":2,\"name\":\"Viyana T\u00fcrk Tatl\u0131s\u0131\"}]},{\"@type\":\"WebSite\",\"@id\":\"https:\\\/\\\/www.damak.at\\\/en\\\/#website\",\"url\":\"https:\\\/\\\/www.damak.at\\\/en\\\/\",\"name\":\"Damak Restaurant Wien\",\"description\":\"Konya Etliekmek\",\"publisher\":{\"@id\":\"https:\\\/\\\/www.damak.at\\\/en\\\/#organization\"},\"potentialAction\":[{\"@type\":\"SearchAction\",\"target\":{\"@type\":\"EntryPoint\",\"urlTemplate\":\"https:\\\/\\\/www.damak.at\\\/en\\\/?s={search_term_string}\"},\"query-input\":{\"@type\":\"PropertyValueSpecification\",\"valueRequired\":true,\"valueName\":\"search_term_string\"}}],\"inLanguage\":\"tr\"},{\"@type\":\"Organization\",\"@id\":\"https:\\\/\\\/www.damak.at\\\/en\\\/#organization\",\"name\":\"Damak Restaurant Wien\",\"url\":\"https:\\\/\\\/www.damak.at\\\/en\\\/\",\"logo\":{\"@type\":\"ImageObject\",\"inLanguage\":\"tr\",\"@id\":\"https:\\\/\\\/www.damak.at\\\/en\\\/#\\\/schema\\\/logo\\\/image\\\/\",\"url\":\"https:\\\/\\\/www.damak.at\\\/wp-content\\\/uploads\\\/favicon.png\",\"contentUrl\":\"https:\\\/\\\/www.damak.at\\\/wp-content\\\/uploads\\\/favicon.png\",\"width\":32,\"height\":32,\"caption\":\"Damak Restaurant Wien\"},\"image\":{\"@id\":\"https:\\\/\\\/www.damak.at\\\/en\\\/#\\\/schema\\\/logo\\\/image\\\/\"},\"sameAs\":[\"https:\\\/\\\/www.facebook.com\\\/damaketliekmek\\\/?locale=de_DE\",\"https:\\\/\\\/www.instagram.com\\\/damak.restaurant\\\/?hl=de\"]}]}<\/script>\n<!-- \/ Yoast SEO plugin. -->","yoast_head_json":{"title":"Viyana T\u00fcrk Tatl\u0131s\u0131 - Damak Restaurant Wien","robots":{"index":"index","follow":"follow","max-snippet":"max-snippet:-1","max-image-preview":"max-image-preview:large","max-video-preview":"max-video-preview:-1"},"canonical":"https:\/\/www.damak.at\/tr\/viyana-turk-tatlisi\/","og_locale":"tr_TR","og_type":"article","og_title":"Viyana T\u00fcrk Tatl\u0131s\u0131 - Damak Restaurant Wien","og_description":"[vc_row full_width=&#8221;stretch_row&#8221; css=&#8221;.vc_custom_1545577927891{background-color: #000000 !important;}&#8221;][vc_column offset=&#8221;vc_hidden-md vc_hidden-sm vc_hidden-xs&#8221;][vc_empty_space height=&#8221;30px&#8221;][\/vc_column][\/vc_row][vc_row full_width=&#8221;stretch_row&#8221; content_placement=&#8221;bottom&#8221; css=&#8221;.vc_custom_1544714892435{background-image: url(https:\/\/www.damak.at\/wp-content\/uploads\/top-back.png?id=376) !important;background-position: 0 0 !important;background-repeat: no-repeat !important;}&#8221;][vc_column][vc_empty_space][vc_column_text css=&#8221;.vc_custom_1557999848754{margin-bottom: -5px !important;}&#8221;] Viyana&#8217;da T\u00fcrk Tatl\u0131s\u0131 Viyana&#8217;da [\u2026]","og_url":"https:\/\/www.damak.at\/tr\/viyana-turk-tatlisi\/","og_site_name":"Damak Restaurant Wien","article_publisher":"https:\/\/www.facebook.com\/damaketliekmek\/?locale=de_DE","article_modified_time":"2021-05-18T21:27:21+00:00","twitter_card":"summary_large_image","twitter_misc":{"Tahmini okuma s\u00fcresi":"3 dakika"},"schema":{"@context":"https:\/\/schema.org","@graph":[{"@type":"WebPage","@id":"https:\/\/www.damak.at\/tr\/viyana-turk-tatlisi\/","url":"https:\/\/www.damak.at\/tr\/viyana-turk-tatlisi\/","name":"Viyana T\u00fcrk Tatl\u0131s\u0131 - Damak Restaurant Wien","isPartOf":{"@id":"https:\/\/www.damak.at\/en\/#website"},"datePublished":"2019-04-26T09:39:33+00:00","dateModified":"2021-05-18T21:27:21+00:00","breadcrumb":{"@id":"https:\/\/www.damak.at\/tr\/viyana-turk-tatlisi\/#breadcrumb"},"inLanguage":"tr","potentialAction":[{"@type":"ReadAction","target":["https:\/\/www.damak.at\/tr\/viyana-turk-tatlisi\/"]}]},{"@type":"BreadcrumbList","@id":"https:\/\/www.damak.at\/tr\/viyana-turk-tatlisi\/#breadcrumb","itemListElement":[{"@type":"ListItem","position":1,"name":"Startseite","item":"https:\/\/www.damak.at\/tr\/"},{"@type":"ListItem","position":2,"name":"Viyana T\u00fcrk Tatl\u0131s\u0131"}]},{"@type":"WebSite","@id":"https:\/\/www.damak.at\/en\/#website","url":"https:\/\/www.damak.at\/en\/","name":"Damak Restaurant Wien","description":"Konya Etliekmek","publisher":{"@id":"https:\/\/www.damak.at\/en\/#organization"},"potentialAction":[{"@type":"SearchAction","target":{"@type":"EntryPoint","urlTemplate":"https:\/\/www.damak.at\/en\/?s={search_term_string}"},"query-input":{"@type":"PropertyValueSpecification","valueRequired":true,"valueName":"search_term_string"}}],"inLanguage":"tr"},{"@type":"Organization","@id":"https:\/\/www.damak.at\/en\/#organization","name":"Damak Restaurant Wien","url":"https:\/\/www.damak.at\/en\/","logo":{"@type":"ImageObject","inLanguage":"tr","@id":"https:\/\/www.damak.at\/en\/#\/schema\/logo\/image\/","url":"https:\/\/www.damak.at\/wp-content\/uploads\/favicon.png","contentUrl":"https:\/\/www.damak.at\/wp-content\/uploads\/favicon.png","width":32,"height":32,"caption":"Damak Restaurant Wien"},"image":{"@id":"https:\/\/www.damak.at\/en\/#\/schema\/logo\/image\/"},"sameAs":["https:\/\/www.facebook.com\/damaketliekmek\/?locale=de_DE","https:\/\/www.instagram.com\/damak.restaurant\/?hl=de"]}]}},"_links":{"self":[{"href":"https:\/\/www.damak.at\/tr\/wp-json\/wp\/v2\/pages\/1274","targetHints":{"allow":["GET"]}}],"collection":[{"href":"https:\/\/www.damak.at\/tr\/wp-json\/wp\/v2\/pages"}],"about":[{"href":"https:\/\/www.damak.at\/tr\/wp-json\/wp\/v2\/types\/page"}],"author":[{"embeddable":true,"href":"https:\/\/www.damak.at\/tr\/wp-json\/wp\/v2\/users\/2"}],"replies":[{"embeddable":true,"href":"https:\/\/www.damak.at\/tr\/wp-json\/wp\/v2\/comments?post=1274"}],"version-history":[{"count":4,"href":"https:\/\/www.damak.at\/tr\/wp-json\/wp\/v2\/pages\/1274\/revisions"}],"predecessor-version":[{"id":2129,"href":"https:\/\/www.damak.at\/tr\/wp-json\/wp\/v2\/pages\/1274\/revisions\/2129"}],"wp:attachment":[{"href":"https:\/\/www.damak.at\/tr\/wp-json\/wp\/v2\/media?parent=1274"}],"curies":[{"name":"wp","href":"https:\/\/api.w.org\/{rel}","templated":true}]}}