{"id":1494,"date":"2019-05-09T13:15:48","date_gmt":"2019-05-09T11:15:48","guid":{"rendered":"https:\/\/www.damak.at\/?page_id=1494"},"modified":"2019-05-09T13:20:41","modified_gmt":"2019-05-09T11:20:41","slug":"viyanada-en-luks-restaurant","status":"publish","type":"page","link":"https:\/\/www.damak.at\/tr\/viyanada-en-luks-restaurant\/","title":{"rendered":"Viyana\u2019da En L\u00fcks Restaurant"},"content":{"rendered":"<div class=\"wpb-content-wrapper\"><p>[vc_row full_width=&#8221;stretch_row&#8221; css=&#8221;.vc_custom_1545577927891{background-color: #000000 !important;}&#8221;][vc_column offset=&#8221;vc_hidden-md vc_hidden-sm vc_hidden-xs&#8221;][vc_empty_space height=&#8221;30px&#8221;][\/vc_column][\/vc_row][vc_row full_width=&#8221;stretch_row&#8221; content_placement=&#8221;bottom&#8221; css=&#8221;.vc_custom_1544714892435{background-image: url(https:\/\/www.damak.at\/wp-content\/uploads\/top-back.png?id=376) !important;background-position: 0 0 !important;background-repeat: no-repeat !important;}&#8221;][vc_column][vc_empty_space][vc_column_text css=&#8221;.vc_custom_1557400517803{margin-bottom: -5px !important;}&#8221;]<\/p>\n<h1 style=\"text-align: center;\">10. Bezirk Viyana&#8217;da En L\u00fcks Restaurant<\/h1>\n<p>Viyana\u2019da var olan en iyi restaurantlardan olan Damak, sizin i\u00e7in T\u00fcrk Mutfa\u011f\u0131n\u0131n en g\u00fczel yemeklerini sunmaya devam ediyor. \u00d6zellikle de t\u00fcm m\u00fc\u015fterilerimiz taraf\u0131ndan b\u00fcy\u00fck hayranl\u0131kla t\u00fcketilen bu kebaplar, pideler ve tatl\u0131lar\u0131 sizde \u00e7ok severerek yiyebileceksiniz.<br \/>\nKonya etli ekme\u011fi, beyti kebab\u0131, lahmacun, k\u00fcnefe gibi \u0131zgaradan tatl\u0131ya bir\u00e7ok T\u00fcrklere \u00f6zel yemekleri T\u00fcrkiye\u2019de yiyormu\u015fcas\u0131na restaurant\u0131m\u0131zda t\u00fcketebilirsiniz.<br \/>\nViyana\u2019da bulunan <strong>en l\u00fcks restaurant<\/strong> olarak da adland\u0131r\u0131labilen, Viyana\u2019da bulunan Damak Restaurant\u0131m\u0131za u\u011fray\u0131p denemelisiniz.[\/vc_column_text][\/vc_column][\/vc_row][vc_row][vc_column][vc_column_text]<\/p>\n<h3><div class=\"mfn_heading heading_lines align_left\"><h3 class=\"title\" style=\"color:#000;\"><span class=\"line line_l\" style=\"background:#000;\"><\/span>Viyana&#8217;n\u0131n En L\u00fcks Restaurantlar\u0131ndan Damak<span class=\"line line_r\" style=\"background:#000;\"><\/span><\/h3><\/div>\n<\/h3>\n<p>[\/vc_column_text][vc_row_inner][vc_column_inner width=&#8221;1\/2&#8243;][vc_single_image image=&#8221;1162&#8243; img_size=&#8221;full&#8221; el_class=&#8221;mobildeyukari&#8221; css=&#8221;.vc_custom_1557400811411{margin-bottom: 0px !important;}&#8221;][vc_single_image image=&#8221;1031&#8243; img_size=&#8221;full&#8221; el_class=&#8221;mobildeyukari&#8221; css=&#8221;.vc_custom_1557399845003{margin-bottom: 0px !important;}&#8221;][vc_single_image image=&#8221;1023&#8243; img_size=&#8221;full&#8221; el_class=&#8221;mobildeyukari&#8221; css=&#8221;.vc_custom_1557400770403{margin-bottom: 0px !important;}&#8221;][\/vc_column_inner][vc_column_inner width=&#8221;1\/2&#8243;][vc_single_image image=&#8221;1027&#8243; img_size=&#8221;full&#8221; el_class=&#8221;mobildeyukari&#8221; css=&#8221;.vc_custom_1557400835489{margin-bottom: 0px !important;}&#8221;][vc_single_image image=&#8221;1174&#8243; img_size=&#8221;full&#8221; el_class=&#8221;mobildeyukari&#8221; css=&#8221;.vc_custom_1557400797716{margin-bottom: 0px !important;}&#8221;][vc_single_image image=&#8221;1029&#8243; img_size=&#8221;full&#8221; el_class=&#8221;mobildeyukari&#8221; css=&#8221;.vc_custom_1557399853963{margin-bottom: 0px !important;}&#8221;][\/vc_column_inner][\/vc_row_inner][\/vc_column][\/vc_row][vc_row][vc_column][vc_message message_box_style=&#8221;outline&#8221; css=&#8221;.vc_custom_1553692492821{margin-top: -30px !important;}&#8221;]Yiyeceklerimizde alerji veya tahamm\u00fcls\u00fczl\u00fc\u011fe neden olabilecek maddeler hakk\u0131nda bilgi alabilirsiniz. (\u00a7 3 Abs. 2 Alerjenlerin formasyonlar\u0131na g\u00f6re VO BGBl. II No. 175\/2014)[\/vc_message][\/vc_column][\/vc_row][vc_row css=&#8221;.vc_custom_1544991450514{background-image: url(https:\/\/www.damak.at\/wp-content\/uploads\/2018\/09\/burger2-home-greenbg.png?id=45) !important;background-position: 0 0 !important;background-repeat: repeat !important;}&#8221;][vc_column width=&#8221;2\/3&#8243; css=&#8221;.vc_custom_1544988200185{background-position: 0 0 !important;background-repeat: no-repeat !important;}&#8221;][vc_column_text css=&#8221;.vc_custom_1553692544267{margin-bottom: -10px !important;background-position: 0 0 !important;background-repeat: no-repeat !important;}&#8221;]<\/p>\n<table>\n<tbody>\n<tr>\n<td style=\"border: 0;\"><span class=\"single_icon  icon_right\"><i style=\"font-size:55px;line-height:55px;color:#fff;\" class=\"icon-phone\"><\/i><\/span>\n<\/td>\n<td>\n<h3 class=\"ctasiparis\">Paket Servisi<\/h3>\n<h2 class=\"ctasiparis\"><b>+43 1 236 0 222<\/b><\/h2>\n<p class=\"ctasiparis\">Haftan\u0131n herg\u00fcn\u00fc. Pazar &amp; Tatil G\u00fcnleri: 08:00-24:00<\/p>\n<\/td>\n<\/tr>\n<\/tbody>\n<\/table>\n<p>[\/vc_column_text][\/vc_column][vc_column width=&#8221;1\/3&#8243;][vc_column_text css=&#8221;.vc_custom_1553692566041{padding-top: 25px !important;padding-right: 20px !important;padding-left: 20px !important;}&#8221; el_class=&#8221;mobildeyukari&#8221;]<a class=\"button  button_left button_full_width button_size_4\" href=\"http:\/\/..\/online-bestellung\/\"     style=\"background-color:#fff!important;color:#000000;\"     title=\"\"><span class=\"button_icon\"><i class=\"icon-cart\"  style=\"color:#000000!important;\" aria-hidden=\"true\"><\/i><\/span><span class=\"button_label\">Online Sipari\u015f<\/span><\/a>\n[\/vc_column_text][\/vc_column][\/vc_row][vc_row full_width=&#8221;stretch_row_content_no_spaces&#8221;][vc_column][vc_empty_space height=&#8221;15px&#8221;][vc_single_image image=&#8221;40&#8243; img_size=&#8221;full&#8221; alignment=&#8221;center&#8221; css=&#8221;.vc_custom_1538614234640{margin-bottom: -40px !important;}&#8221;][\/vc_column][\/vc_row]<\/p>\n<\/div>","protected":false},"excerpt":{"rendered":"<p>[vc_row full_width=&#8221;stretch_row&#8221; css=&#8221;.vc_custom_1545577927891{background-color: #000000 !important;}&#8221;][vc_column offset=&#8221;vc_hidden-md vc_hidden-sm vc_hidden-xs&#8221;][vc_empty_space height=&#8221;30px&#8221;][\/vc_column][\/vc_row][vc_row full_width=&#8221;stretch_row&#8221; content_placement=&#8221;bottom&#8221; css=&#8221;.vc_custom_1544714892435{background-image: url(https:\/\/www.damak.at\/wp-content\/uploads\/top-back.png?id=376) !important;background-position: 0 0 !important;background-repeat: no-repeat !important;}&#8221;][vc_column][vc_empty_space][vc_column_text css=&#8221;.vc_custom_1557400517803{margin-bottom: -5px !important;}&#8221;] 10. Bezirk Viyana&#8217;da En<span class=\"excerpt-hellip\"> [\u2026]<\/span><\/p>\n","protected":false},"author":2,"featured_media":0,"parent":0,"menu_order":0,"comment_status":"closed","ping_status":"closed","template":"","meta":{"inline_featured_image":false,"footnotes":""},"class_list":["post-1494","page","type-page","status-publish","hentry"],"yoast_head":"<!-- This site is optimized with the Yoast SEO plugin v27.3 - https:\/\/yoast.com\/product\/yoast-seo-wordpress\/ -->\n<title>Viyana\u2019da En L\u00fcks Restaurant - Damak Restaurant Wien<\/title>\n<meta name=\"robots\" content=\"index, follow, max-snippet:-1, max-image-preview:large, max-video-preview:-1\" \/>\n<link rel=\"canonical\" href=\"https:\/\/www.damak.at\/tr\/viyanada-en-luks-restaurant\/\" \/>\n<meta property=\"og:locale\" content=\"tr_TR\" \/>\n<meta property=\"og:type\" content=\"article\" \/>\n<meta property=\"og:title\" content=\"Viyana\u2019da En L\u00fcks Restaurant - Damak Restaurant Wien\" \/>\n<meta property=\"og:description\" content=\"[vc_row full_width=&#8221;stretch_row&#8221; css=&#8221;.vc_custom_1545577927891{background-color: #000000 !important;}&#8221;][vc_column offset=&#8221;vc_hidden-md vc_hidden-sm vc_hidden-xs&#8221;][vc_empty_space height=&#8221;30px&#8221;][\/vc_column][\/vc_row][vc_row full_width=&#8221;stretch_row&#8221; content_placement=&#8221;bottom&#8221; css=&#8221;.vc_custom_1544714892435{background-image: url(https:\/\/www.damak.at\/wp-content\/uploads\/top-back.png?id=376) !important;background-position: 0 0 !important;background-repeat: no-repeat !important;}&#8221;][vc_column][vc_empty_space][vc_column_text css=&#8221;.vc_custom_1557400517803{margin-bottom: -5px !important;}&#8221;] 10. Bezirk Viyana&#8217;da En [\u2026]\" \/>\n<meta property=\"og:url\" content=\"https:\/\/www.damak.at\/tr\/viyanada-en-luks-restaurant\/\" \/>\n<meta property=\"og:site_name\" content=\"Damak Restaurant Wien\" \/>\n<meta property=\"article:publisher\" content=\"https:\/\/www.facebook.com\/damaketliekmek\/?locale=de_DE\" \/>\n<meta property=\"article:modified_time\" content=\"2019-05-09T11:20:41+00:00\" \/>\n<meta name=\"twitter:card\" content=\"summary_large_image\" \/>\n<meta name=\"twitter:label1\" content=\"Tahmini okuma s\u00fcresi\" \/>\n\t<meta name=\"twitter:data1\" content=\"3 dakika\" \/>\n<script type=\"application\/ld+json\" class=\"yoast-schema-graph\">{\"@context\":\"https:\\\/\\\/schema.org\",\"@graph\":[{\"@type\":\"WebPage\",\"@id\":\"https:\\\/\\\/www.damak.at\\\/tr\\\/viyanada-en-luks-restaurant\\\/\",\"url\":\"https:\\\/\\\/www.damak.at\\\/tr\\\/viyanada-en-luks-restaurant\\\/\",\"name\":\"Viyana\u2019da En L\u00fcks Restaurant - Damak Restaurant Wien\",\"isPartOf\":{\"@id\":\"https:\\\/\\\/www.damak.at\\\/en\\\/#website\"},\"datePublished\":\"2019-05-09T11:15:48+00:00\",\"dateModified\":\"2019-05-09T11:20:41+00:00\",\"breadcrumb\":{\"@id\":\"https:\\\/\\\/www.damak.at\\\/tr\\\/viyanada-en-luks-restaurant\\\/#breadcrumb\"},\"inLanguage\":\"tr\",\"potentialAction\":[{\"@type\":\"ReadAction\",\"target\":[\"https:\\\/\\\/www.damak.at\\\/tr\\\/viyanada-en-luks-restaurant\\\/\"]}]},{\"@type\":\"BreadcrumbList\",\"@id\":\"https:\\\/\\\/www.damak.at\\\/tr\\\/viyanada-en-luks-restaurant\\\/#breadcrumb\",\"itemListElement\":[{\"@type\":\"ListItem\",\"position\":1,\"name\":\"Startseite\",\"item\":\"https:\\\/\\\/www.damak.at\\\/tr\\\/\"},{\"@type\":\"ListItem\",\"position\":2,\"name\":\"Viyana\u2019da En L\u00fcks Restaurant\"}]},{\"@type\":\"WebSite\",\"@id\":\"https:\\\/\\\/www.damak.at\\\/en\\\/#website\",\"url\":\"https:\\\/\\\/www.damak.at\\\/en\\\/\",\"name\":\"Damak Restaurant Wien\",\"description\":\"Konya Etliekmek\",\"publisher\":{\"@id\":\"https:\\\/\\\/www.damak.at\\\/en\\\/#organization\"},\"potentialAction\":[{\"@type\":\"SearchAction\",\"target\":{\"@type\":\"EntryPoint\",\"urlTemplate\":\"https:\\\/\\\/www.damak.at\\\/en\\\/?s={search_term_string}\"},\"query-input\":{\"@type\":\"PropertyValueSpecification\",\"valueRequired\":true,\"valueName\":\"search_term_string\"}}],\"inLanguage\":\"tr\"},{\"@type\":\"Organization\",\"@id\":\"https:\\\/\\\/www.damak.at\\\/en\\\/#organization\",\"name\":\"Damak Restaurant Wien\",\"url\":\"https:\\\/\\\/www.damak.at\\\/en\\\/\",\"logo\":{\"@type\":\"ImageObject\",\"inLanguage\":\"tr\",\"@id\":\"https:\\\/\\\/www.damak.at\\\/en\\\/#\\\/schema\\\/logo\\\/image\\\/\",\"url\":\"https:\\\/\\\/www.damak.at\\\/wp-content\\\/uploads\\\/favicon.png\",\"contentUrl\":\"https:\\\/\\\/www.damak.at\\\/wp-content\\\/uploads\\\/favicon.png\",\"width\":32,\"height\":32,\"caption\":\"Damak Restaurant Wien\"},\"image\":{\"@id\":\"https:\\\/\\\/www.damak.at\\\/en\\\/#\\\/schema\\\/logo\\\/image\\\/\"},\"sameAs\":[\"https:\\\/\\\/www.facebook.com\\\/damaketliekmek\\\/?locale=de_DE\",\"https:\\\/\\\/www.instagram.com\\\/damak.restaurant\\\/?hl=de\"]}]}<\/script>\n<!-- \/ Yoast SEO plugin. -->","yoast_head_json":{"title":"Viyana\u2019da En L\u00fcks Restaurant - Damak Restaurant Wien","robots":{"index":"index","follow":"follow","max-snippet":"max-snippet:-1","max-image-preview":"max-image-preview:large","max-video-preview":"max-video-preview:-1"},"canonical":"https:\/\/www.damak.at\/tr\/viyanada-en-luks-restaurant\/","og_locale":"tr_TR","og_type":"article","og_title":"Viyana\u2019da En L\u00fcks Restaurant - Damak Restaurant Wien","og_description":"[vc_row full_width=&#8221;stretch_row&#8221; css=&#8221;.vc_custom_1545577927891{background-color: #000000 !important;}&#8221;][vc_column offset=&#8221;vc_hidden-md vc_hidden-sm vc_hidden-xs&#8221;][vc_empty_space height=&#8221;30px&#8221;][\/vc_column][\/vc_row][vc_row full_width=&#8221;stretch_row&#8221; content_placement=&#8221;bottom&#8221; css=&#8221;.vc_custom_1544714892435{background-image: url(https:\/\/www.damak.at\/wp-content\/uploads\/top-back.png?id=376) !important;background-position: 0 0 !important;background-repeat: no-repeat !important;}&#8221;][vc_column][vc_empty_space][vc_column_text css=&#8221;.vc_custom_1557400517803{margin-bottom: -5px !important;}&#8221;] 10. Bezirk Viyana&#8217;da En [\u2026]","og_url":"https:\/\/www.damak.at\/tr\/viyanada-en-luks-restaurant\/","og_site_name":"Damak Restaurant Wien","article_publisher":"https:\/\/www.facebook.com\/damaketliekmek\/?locale=de_DE","article_modified_time":"2019-05-09T11:20:41+00:00","twitter_card":"summary_large_image","twitter_misc":{"Tahmini okuma s\u00fcresi":"3 dakika"},"schema":{"@context":"https:\/\/schema.org","@graph":[{"@type":"WebPage","@id":"https:\/\/www.damak.at\/tr\/viyanada-en-luks-restaurant\/","url":"https:\/\/www.damak.at\/tr\/viyanada-en-luks-restaurant\/","name":"Viyana\u2019da En L\u00fcks Restaurant - Damak Restaurant Wien","isPartOf":{"@id":"https:\/\/www.damak.at\/en\/#website"},"datePublished":"2019-05-09T11:15:48+00:00","dateModified":"2019-05-09T11:20:41+00:00","breadcrumb":{"@id":"https:\/\/www.damak.at\/tr\/viyanada-en-luks-restaurant\/#breadcrumb"},"inLanguage":"tr","potentialAction":[{"@type":"ReadAction","target":["https:\/\/www.damak.at\/tr\/viyanada-en-luks-restaurant\/"]}]},{"@type":"BreadcrumbList","@id":"https:\/\/www.damak.at\/tr\/viyanada-en-luks-restaurant\/#breadcrumb","itemListElement":[{"@type":"ListItem","position":1,"name":"Startseite","item":"https:\/\/www.damak.at\/tr\/"},{"@type":"ListItem","position":2,"name":"Viyana\u2019da En L\u00fcks Restaurant"}]},{"@type":"WebSite","@id":"https:\/\/www.damak.at\/en\/#website","url":"https:\/\/www.damak.at\/en\/","name":"Damak Restaurant Wien","description":"Konya Etliekmek","publisher":{"@id":"https:\/\/www.damak.at\/en\/#organization"},"potentialAction":[{"@type":"SearchAction","target":{"@type":"EntryPoint","urlTemplate":"https:\/\/www.damak.at\/en\/?s={search_term_string}"},"query-input":{"@type":"PropertyValueSpecification","valueRequired":true,"valueName":"search_term_string"}}],"inLanguage":"tr"},{"@type":"Organization","@id":"https:\/\/www.damak.at\/en\/#organization","name":"Damak Restaurant Wien","url":"https:\/\/www.damak.at\/en\/","logo":{"@type":"ImageObject","inLanguage":"tr","@id":"https:\/\/www.damak.at\/en\/#\/schema\/logo\/image\/","url":"https:\/\/www.damak.at\/wp-content\/uploads\/favicon.png","contentUrl":"https:\/\/www.damak.at\/wp-content\/uploads\/favicon.png","width":32,"height":32,"caption":"Damak Restaurant Wien"},"image":{"@id":"https:\/\/www.damak.at\/en\/#\/schema\/logo\/image\/"},"sameAs":["https:\/\/www.facebook.com\/damaketliekmek\/?locale=de_DE","https:\/\/www.instagram.com\/damak.restaurant\/?hl=de"]}]}},"_links":{"self":[{"href":"https:\/\/www.damak.at\/tr\/wp-json\/wp\/v2\/pages\/1494","targetHints":{"allow":["GET"]}}],"collection":[{"href":"https:\/\/www.damak.at\/tr\/wp-json\/wp\/v2\/pages"}],"about":[{"href":"https:\/\/www.damak.at\/tr\/wp-json\/wp\/v2\/types\/page"}],"author":[{"embeddable":true,"href":"https:\/\/www.damak.at\/tr\/wp-json\/wp\/v2\/users\/2"}],"replies":[{"embeddable":true,"href":"https:\/\/www.damak.at\/tr\/wp-json\/wp\/v2\/comments?post=1494"}],"version-history":[{"count":3,"href":"https:\/\/www.damak.at\/tr\/wp-json\/wp\/v2\/pages\/1494\/revisions"}],"predecessor-version":[{"id":1498,"href":"https:\/\/www.damak.at\/tr\/wp-json\/wp\/v2\/pages\/1494\/revisions\/1498"}],"wp:attachment":[{"href":"https:\/\/www.damak.at\/tr\/wp-json\/wp\/v2\/media?parent=1494"}],"curies":[{"name":"wp","href":"https:\/\/api.w.org\/{rel}","templated":true}]}}