{"id":1631,"date":"2019-05-14T11:53:49","date_gmt":"2019-05-14T09:53:49","guid":{"rendered":"https:\/\/www.damak.at\/?page_id=1631"},"modified":"2026-01-20T13:55:08","modified_gmt":"2026-01-20T12:55:08","slug":"ramazan-iftar-menusu-2026","status":"publish","type":"page","link":"https:\/\/www.damak.at\/tr\/ramazan-iftar-menusu-2026\/","title":{"rendered":"Viyana\u2019da Ramazan Men\u00fcs\u00fc &#038; \u0130ftar 2026"},"content":{"rendered":"<div class=\"wpb-content-wrapper\"><p>[vc_row full_width=&#8221;stretch_row&#8221; css=&#8221;.vc_custom_1545578568204{background-color: #000000 !important;}&#8221;][vc_column offset=&#8221;vc_hidden-md vc_hidden-sm vc_hidden-xs&#8221;][vc_empty_space height=&#8221;30px&#8221;][\/vc_column][\/vc_row][vc_row full_width=&#8221;stretch_row&#8221; content_placement=&#8221;bottom&#8221; css=&#8221;.vc_custom_1545140460190{background-image: url(https:\/\/www.damak.at\/wp-content\/uploads\/top-back.png?id=376) !important;background-position: 0 0 !important;background-repeat: no-repeat !important;}&#8221;][vc_column][vc_empty_space height=&#8221;35px&#8221;][vc_row_inner][vc_column_inner][vc_column_text css=&#8221;&#8221;]<\/p>\n<h1 style=\"text-align: center;\">Viyana\u2019da Ramazan Men\u00fcs\u00fc &amp; \u0130ftar 2026<\/h1>\n<h2 style=\"text-align: center;\">\u0130ftar Men\u00fc \u2013 Damak Restaurant<\/h2>\n<p style=\"text-align: center;\">Bol \u00e7e\u015fitli men\u00fcm\u00fcz ile Sizleri\u00a0 Ramazan Ay\u0131nda a\u011f\u0131rlamaktadan mutluluk duyar, Hay\u0131rl\u0131 Ramazanlar Dileriz..<\/p>\n<h3 style=\"text-align: center;\">L\u00fctfen Rezervasyon yapt\u0131r\u0131n\u0131z. <strong><a href=\"tel: 01 236 0 222\">+43 1 236 0 222<\/a>\u00a0<\/strong><\/h3>\n<p style=\"text-align: center;\" data-start=\"106\" data-end=\"131\"><strong data-start=\"106\" data-end=\"129\">De\u011ferli misafirler,<\/strong><\/p>\n<p style=\"text-align: center;\" data-start=\"133\" data-end=\"279\">Ramazan ay\u0131 boyunca 18:00 ile 19:30 saatleri aras\u0131nda Ramazan men\u00fcs\u00fc sunuyoruz. Bu saatler aras\u0131nda sadece Ramazan men\u00fcleri servis edilmektedir.<\/p>\n<p style=\"text-align: center;\" data-start=\"281\" data-end=\"376\">Ramazan boyunca Damak2go ve Damak Streetfood \u015fubelerimiz sahura kadar (05:00) a\u00e7\u0131k olacakt\u0131r.<\/p>\n<p style=\"text-align: center;\" data-start=\"378\" data-end=\"468\">Sizleri bol \u00e7e\u015fitli men\u00fcm\u00fcz ile a\u011f\u0131rlamaktan mutluluk duyar, hay\u0131rl\u0131 Ramazanlar dileriz.<\/p>\n<p style=\"text-align: center;\" data-start=\"470\" data-end=\"505\"><strong data-start=\"470\" data-end=\"489\">Sayg\u0131lar\u0131m\u0131zla,<\/strong><br data-start=\"489\" data-end=\"492\" \/>Damak Ekibi<\/p>\n<p>[\/vc_column_text][\/vc_column_inner][\/vc_row_inner][\/vc_column][\/vc_row][vc_row][vc_column][vc_column_text]<\/p>\n<h3><div class=\"mfn_heading heading_lines align_left\"><h3 class=\"title\" style=\"color:#000;\"><span class=\"line line_l\" style=\"background:#000;\"><\/span>Iftar Men\u00fc<span class=\"line line_r\" style=\"background:#000;\"><\/span><\/h3><\/div>\n<\/h3>\n<p>[\/vc_column_text][vc_row_inner][vc_column_inner][vc_single_image image=&#8221;3762&#8243; img_size=&#8221;full&#8221; alignment=&#8221;center&#8221; css=&#8221;.vc_custom_1768821810693{margin-bottom: 0px !important;}&#8221; el_class=&#8221;mobildeyukari&#8221;][\/vc_column_inner][\/vc_row_inner][\/vc_column][\/vc_row][vc_column width=&#8221;2\/3&#8243; css=&#8221;.vc_custom_1544988200185{background-position: 0 0 !important;background-repeat: no-repeat !important;}&#8221;][\/vc_column]<\/p>\n<\/div>","protected":false},"excerpt":{"rendered":"<p>[vc_row full_width=&#8221;stretch_row&#8221; css=&#8221;.vc_custom_1545578568204{background-color: #000000 !important;}&#8221;][vc_column offset=&#8221;vc_hidden-md vc_hidden-sm vc_hidden-xs&#8221;][vc_empty_space height=&#8221;30px&#8221;][\/vc_column][\/vc_row][vc_row full_width=&#8221;stretch_row&#8221; content_placement=&#8221;bottom&#8221; css=&#8221;.vc_custom_1545140460190{background-image: url(https:\/\/www.damak.at\/wp-content\/uploads\/top-back.png?id=376) !important;background-position: 0 0 !important;background-repeat: no-repeat !important;}&#8221;][vc_column][vc_empty_space height=&#8221;35px&#8221;][vc_row_inner][vc_column_inner][vc_column_text css=&#8221;&#8221;] Viyana\u2019da Ramazan Men\u00fcs\u00fc &amp; \u0130ftar<span class=\"excerpt-hellip\"> [\u2026]<\/span><\/p>\n","protected":false},"author":2,"featured_media":-1,"parent":0,"menu_order":0,"comment_status":"closed","ping_status":"closed","template":"","meta":{"inline_featured_image":false,"footnotes":""},"class_list":["post-1631","page","type-page","status-publish","has-post-thumbnail","hentry"],"yoast_head":"<!-- This site is optimized with the Yoast SEO plugin v27.3 - https:\/\/yoast.com\/product\/yoast-seo-wordpress\/ -->\n<title>Viyana\u2019da Ramazan Men\u00fcs\u00fc &amp; \u0130ftar 2026 - Damak Restaurant Wien<\/title>\n<meta name=\"description\" content=\"Viyana 1100 Damak\u2019ta iftar: s\u0131cak \u00e7orba, etli ekmek, kebap ve \u00e7ay \u2013 helal. G\u00fcncel iftar saatleri ve iftar men\u00fcs\u00fc i\u00e7in rezervasyon.\" \/>\n<meta name=\"robots\" content=\"index, follow, max-snippet:-1, max-image-preview:large, max-video-preview:-1\" \/>\n<link rel=\"canonical\" href=\"https:\/\/www.damak.at\/tr\/ramazan-iftar-menusu-2026\/\" \/>\n<meta property=\"og:locale\" content=\"tr_TR\" \/>\n<meta property=\"og:type\" content=\"article\" \/>\n<meta property=\"og:title\" content=\"Viyana\u2019da Ramazan Men\u00fcs\u00fc &amp; \u0130ftar 2026 - Damak Restaurant Wien\" \/>\n<meta property=\"og:description\" content=\"Viyana 1100 Damak\u2019ta iftar: s\u0131cak \u00e7orba, etli ekmek, kebap ve \u00e7ay \u2013 helal. G\u00fcncel iftar saatleri ve iftar men\u00fcs\u00fc i\u00e7in rezervasyon.\" \/>\n<meta property=\"og:url\" content=\"https:\/\/www.damak.at\/tr\/ramazan-iftar-menusu-2026\/\" \/>\n<meta property=\"og:site_name\" content=\"Damak Restaurant Wien\" \/>\n<meta property=\"article:publisher\" content=\"https:\/\/www.facebook.com\/damaketliekmek\/?locale=de_DE\" \/>\n<meta property=\"article:modified_time\" content=\"2026-01-20T12:55:08+00:00\" \/>\n<meta name=\"twitter:card\" content=\"summary_large_image\" \/>\n<meta name=\"twitter:label1\" content=\"Tahmini okuma s\u00fcresi\" \/>\n\t<meta name=\"twitter:data1\" content=\"1 dakika\" \/>\n<script type=\"application\/ld+json\" class=\"yoast-schema-graph\">{\"@context\":\"https:\\\/\\\/schema.org\",\"@graph\":[{\"@type\":\"WebPage\",\"@id\":\"https:\\\/\\\/www.damak.at\\\/tr\\\/ramazan-iftar-menusu-2026\\\/\",\"url\":\"https:\\\/\\\/www.damak.at\\\/tr\\\/ramazan-iftar-menusu-2026\\\/\",\"name\":\"Viyana\u2019da Ramazan Men\u00fcs\u00fc & \u0130ftar 2026 - Damak Restaurant Wien\",\"isPartOf\":{\"@id\":\"https:\\\/\\\/www.damak.at\\\/en\\\/#website\"},\"datePublished\":\"2019-05-14T09:53:49+00:00\",\"dateModified\":\"2026-01-20T12:55:08+00:00\",\"description\":\"Viyana 1100 Damak\u2019ta iftar: s\u0131cak \u00e7orba, etli ekmek, kebap ve \u00e7ay \u2013 helal. G\u00fcncel iftar saatleri ve iftar men\u00fcs\u00fc i\u00e7in rezervasyon.\",\"breadcrumb\":{\"@id\":\"https:\\\/\\\/www.damak.at\\\/tr\\\/ramazan-iftar-menusu-2026\\\/#breadcrumb\"},\"inLanguage\":\"tr\",\"potentialAction\":[{\"@type\":\"ReadAction\",\"target\":[\"https:\\\/\\\/www.damak.at\\\/tr\\\/ramazan-iftar-menusu-2026\\\/\"]}]},{\"@type\":\"BreadcrumbList\",\"@id\":\"https:\\\/\\\/www.damak.at\\\/tr\\\/ramazan-iftar-menusu-2026\\\/#breadcrumb\",\"itemListElement\":[{\"@type\":\"ListItem\",\"position\":1,\"name\":\"Startseite\",\"item\":\"https:\\\/\\\/www.damak.at\\\/tr\\\/\"},{\"@type\":\"ListItem\",\"position\":2,\"name\":\"Viyana\u2019da Ramazan Men\u00fcs\u00fc &#038; \u0130ftar 2026\"}]},{\"@type\":\"WebSite\",\"@id\":\"https:\\\/\\\/www.damak.at\\\/en\\\/#website\",\"url\":\"https:\\\/\\\/www.damak.at\\\/en\\\/\",\"name\":\"Damak Restaurant Wien\",\"description\":\"Konya Etliekmek\",\"publisher\":{\"@id\":\"https:\\\/\\\/www.damak.at\\\/en\\\/#organization\"},\"potentialAction\":[{\"@type\":\"SearchAction\",\"target\":{\"@type\":\"EntryPoint\",\"urlTemplate\":\"https:\\\/\\\/www.damak.at\\\/en\\\/?s={search_term_string}\"},\"query-input\":{\"@type\":\"PropertyValueSpecification\",\"valueRequired\":true,\"valueName\":\"search_term_string\"}}],\"inLanguage\":\"tr\"},{\"@type\":\"Organization\",\"@id\":\"https:\\\/\\\/www.damak.at\\\/en\\\/#organization\",\"name\":\"Damak Restaurant Wien\",\"url\":\"https:\\\/\\\/www.damak.at\\\/en\\\/\",\"logo\":{\"@type\":\"ImageObject\",\"inLanguage\":\"tr\",\"@id\":\"https:\\\/\\\/www.damak.at\\\/en\\\/#\\\/schema\\\/logo\\\/image\\\/\",\"url\":\"https:\\\/\\\/www.damak.at\\\/wp-content\\\/uploads\\\/favicon.png\",\"contentUrl\":\"https:\\\/\\\/www.damak.at\\\/wp-content\\\/uploads\\\/favicon.png\",\"width\":32,\"height\":32,\"caption\":\"Damak Restaurant Wien\"},\"image\":{\"@id\":\"https:\\\/\\\/www.damak.at\\\/en\\\/#\\\/schema\\\/logo\\\/image\\\/\"},\"sameAs\":[\"https:\\\/\\\/www.facebook.com\\\/damaketliekmek\\\/?locale=de_DE\",\"https:\\\/\\\/www.instagram.com\\\/damak.restaurant\\\/?hl=de\"]}]}<\/script>\n<!-- \/ Yoast SEO plugin. -->","yoast_head_json":{"title":"Viyana\u2019da Ramazan Men\u00fcs\u00fc & \u0130ftar 2026 - Damak Restaurant Wien","description":"Viyana 1100 Damak\u2019ta iftar: s\u0131cak \u00e7orba, etli ekmek, kebap ve \u00e7ay \u2013 helal. G\u00fcncel iftar saatleri ve iftar men\u00fcs\u00fc i\u00e7in rezervasyon.","robots":{"index":"index","follow":"follow","max-snippet":"max-snippet:-1","max-image-preview":"max-image-preview:large","max-video-preview":"max-video-preview:-1"},"canonical":"https:\/\/www.damak.at\/tr\/ramazan-iftar-menusu-2026\/","og_locale":"tr_TR","og_type":"article","og_title":"Viyana\u2019da Ramazan Men\u00fcs\u00fc & \u0130ftar 2026 - Damak Restaurant Wien","og_description":"Viyana 1100 Damak\u2019ta iftar: s\u0131cak \u00e7orba, etli ekmek, kebap ve \u00e7ay \u2013 helal. G\u00fcncel iftar saatleri ve iftar men\u00fcs\u00fc i\u00e7in rezervasyon.","og_url":"https:\/\/www.damak.at\/tr\/ramazan-iftar-menusu-2026\/","og_site_name":"Damak Restaurant Wien","article_publisher":"https:\/\/www.facebook.com\/damaketliekmek\/?locale=de_DE","article_modified_time":"2026-01-20T12:55:08+00:00","twitter_card":"summary_large_image","twitter_misc":{"Tahmini okuma s\u00fcresi":"1 dakika"},"schema":{"@context":"https:\/\/schema.org","@graph":[{"@type":"WebPage","@id":"https:\/\/www.damak.at\/tr\/ramazan-iftar-menusu-2026\/","url":"https:\/\/www.damak.at\/tr\/ramazan-iftar-menusu-2026\/","name":"Viyana\u2019da Ramazan Men\u00fcs\u00fc & \u0130ftar 2026 - Damak Restaurant Wien","isPartOf":{"@id":"https:\/\/www.damak.at\/en\/#website"},"datePublished":"2019-05-14T09:53:49+00:00","dateModified":"2026-01-20T12:55:08+00:00","description":"Viyana 1100 Damak\u2019ta iftar: s\u0131cak \u00e7orba, etli ekmek, kebap ve \u00e7ay \u2013 helal. G\u00fcncel iftar saatleri ve iftar men\u00fcs\u00fc i\u00e7in rezervasyon.","breadcrumb":{"@id":"https:\/\/www.damak.at\/tr\/ramazan-iftar-menusu-2026\/#breadcrumb"},"inLanguage":"tr","potentialAction":[{"@type":"ReadAction","target":["https:\/\/www.damak.at\/tr\/ramazan-iftar-menusu-2026\/"]}]},{"@type":"BreadcrumbList","@id":"https:\/\/www.damak.at\/tr\/ramazan-iftar-menusu-2026\/#breadcrumb","itemListElement":[{"@type":"ListItem","position":1,"name":"Startseite","item":"https:\/\/www.damak.at\/tr\/"},{"@type":"ListItem","position":2,"name":"Viyana\u2019da Ramazan Men\u00fcs\u00fc &#038; \u0130ftar 2026"}]},{"@type":"WebSite","@id":"https:\/\/www.damak.at\/en\/#website","url":"https:\/\/www.damak.at\/en\/","name":"Damak Restaurant Wien","description":"Konya Etliekmek","publisher":{"@id":"https:\/\/www.damak.at\/en\/#organization"},"potentialAction":[{"@type":"SearchAction","target":{"@type":"EntryPoint","urlTemplate":"https:\/\/www.damak.at\/en\/?s={search_term_string}"},"query-input":{"@type":"PropertyValueSpecification","valueRequired":true,"valueName":"search_term_string"}}],"inLanguage":"tr"},{"@type":"Organization","@id":"https:\/\/www.damak.at\/en\/#organization","name":"Damak Restaurant Wien","url":"https:\/\/www.damak.at\/en\/","logo":{"@type":"ImageObject","inLanguage":"tr","@id":"https:\/\/www.damak.at\/en\/#\/schema\/logo\/image\/","url":"https:\/\/www.damak.at\/wp-content\/uploads\/favicon.png","contentUrl":"https:\/\/www.damak.at\/wp-content\/uploads\/favicon.png","width":32,"height":32,"caption":"Damak Restaurant Wien"},"image":{"@id":"https:\/\/www.damak.at\/en\/#\/schema\/logo\/image\/"},"sameAs":["https:\/\/www.facebook.com\/damaketliekmek\/?locale=de_DE","https:\/\/www.instagram.com\/damak.restaurant\/?hl=de"]}]}},"_links":{"self":[{"href":"https:\/\/www.damak.at\/tr\/wp-json\/wp\/v2\/pages\/1631","targetHints":{"allow":["GET"]}}],"collection":[{"href":"https:\/\/www.damak.at\/tr\/wp-json\/wp\/v2\/pages"}],"about":[{"href":"https:\/\/www.damak.at\/tr\/wp-json\/wp\/v2\/types\/page"}],"author":[{"embeddable":true,"href":"https:\/\/www.damak.at\/tr\/wp-json\/wp\/v2\/users\/2"}],"replies":[{"embeddable":true,"href":"https:\/\/www.damak.at\/tr\/wp-json\/wp\/v2\/comments?post=1631"}],"version-history":[{"count":29,"href":"https:\/\/www.damak.at\/tr\/wp-json\/wp\/v2\/pages\/1631\/revisions"}],"predecessor-version":[{"id":3765,"href":"https:\/\/www.damak.at\/tr\/wp-json\/wp\/v2\/pages\/1631\/revisions\/3765"}],"wp:featuredmedia":[{"embeddable":true,"href":"https:\/\/www.damak.at\/tr\/wp-json\/"}],"wp:attachment":[{"href":"https:\/\/www.damak.at\/tr\/wp-json\/wp\/v2\/media?parent=1631"}],"curies":[{"name":"wp","href":"https:\/\/api.w.org\/{rel}","templated":true}]}}