{"id":2139,"date":"2021-06-08T14:37:37","date_gmt":"2021-06-08T12:37:37","guid":{"rendered":"https:\/\/www.damak.at\/?page_id=2139"},"modified":"2021-06-08T15:56:25","modified_gmt":"2021-06-08T13:56:25","slug":"idari-asistan-is-ilani","status":"publish","type":"page","link":"https:\/\/www.damak.at\/tr\/idari-asistan-is-ilani\/","title":{"rendered":"\u0130dari Asistan \u0130\u015f \u0130lan\u0131"},"content":{"rendered":"<div class=\"wpb-content-wrapper\"><p>[vc_row full_width=&#8221;stretch_row&#8221; css=&#8221;.vc_custom_1545577927891{background-color: #000000 !important;}&#8221;][vc_column offset=&#8221;vc_hidden-md vc_hidden-sm vc_hidden-xs&#8221;][vc_empty_space height=&#8221;30px&#8221;][\/vc_column][\/vc_row][vc_row][vc_column][vc_empty_space height=&#8221;30px&#8221;][vc_column_text]<\/p>\n<h2 style=\"text-align: center;\">\u0130dari Asistan\u201c (Verwaltungsassistent)<\/h2>\n<p style=\"text-align: center;\">\u015eirketimizin b\u00fcnyesinde \u00e7al\u0131\u015fmak \u00fczere<br \/>\n\u201e\u0130dari Asistan\u201c (Verwaltungsassistent) al\u0131nacakt\u0131r.<\/p>\n<p>&nbsp;<\/p>\n<p><strong>Adayda olmas\u0131 gereken \u00f6zellikler:<\/strong><\/p>\n<ul>\n<li>Excel kullanmas\u0131<\/li>\n<li>\u00d6n muhabesede deneyimli olmas\u0131<\/li>\n<li>Almanca s\u00f6zl\u00fc ve yaz\u0131l\u0131 ileti\u015fimi kuvvetli olmas\u0131<\/li>\n<li>Sorumluluk alabilen, yenili\u011fe a\u00e7\u0131k, kendini geli\u015ftirebilen<\/li>\n<li>\u00c7\u00f6z\u00fcm odakl\u0131 ve ara\u015ft\u0131rma yetene\u011fine sahip olmas\u0131<\/li>\n<li>\u00a0Tak\u0131m \u00e7al\u0131\u015fmas\u0131 uyumlu<\/li>\n<\/ul>\n<p>E\u011fer bu \u00f6zelliklere sahipseniz ve Avusturya\u00b4n\u0131n en k\u00f6kl\u00fc Reiseb\u00fcro zincirinde \u00e7al\u0131\u015fmak istiyorsan\u0131z, l\u00fctfen ba\u015fvurular\u0131n\u0131z\u0131 (Lebenslauf &amp; Bewerbung)<br \/>\na\u015fa\u011f\u0131daki mail adresine g\u00f6nderiniz.<\/p>\n<p><strong>Ba\u015fvuru Email:<\/strong><a href=\"mailto:mansur@tribus-business.at\"> mansur@tribus-business.at<\/a>[\/vc_column_text][\/vc_column][\/vc_row][vc_row][vc_column][vc_text_separator title=&#8221;Online \u0130\u015f Ba\u015fvuru Formu&#8221; i_icon_fontawesome=&#8221;fa fa-handshake-o&#8221; i_color=&#8221;custom&#8221; color=&#8221;custom&#8221; border_width=&#8221;6&#8243; add_icon=&#8221;true&#8221; accent_color=&#8221;#c59d5f&#8221; i_custom_color=&#8221;#c59d5f&#8221;][vc_column_text]<\/p>\n<p class=\"subheadline\" style=\"text-align: center;\"><strong>Ba\u015fvuru Formu<\/strong><\/p>\n<p>[\/vc_column_text][vc_column_text][quform id=&#8221;1&#8243; name=&#8221;\u0130\u015f Ba\u015fvuru Formu Damak&#8221;][\/vc_column_text][\/vc_column][\/vc_row][vc_row full_width=&#8221;stretch_row_content_no_spaces&#8221;][vc_column][vc_empty_space height=&#8221;15px&#8221;][vc_single_image image=&#8221;40&#8243; img_size=&#8221;full&#8221; alignment=&#8221;center&#8221; css=&#8221;.vc_custom_1538614234640{margin-bottom: -40px !important;}&#8221;][\/vc_column][\/vc_row][vc_row][vc_column][vc_column_text]<\/p>\n<p>[\/vc_column_text][\/vc_column][\/vc_row]<\/p>\n<\/div>","protected":false},"excerpt":{"rendered":"<p>[vc_row full_width=&#8221;stretch_row&#8221; css=&#8221;.vc_custom_1545577927891{background-color: #000000 !important;}&#8221;][vc_column offset=&#8221;vc_hidden-md vc_hidden-sm vc_hidden-xs&#8221;][vc_empty_space height=&#8221;30px&#8221;][\/vc_column][\/vc_row][vc_row][vc_column][vc_empty_space height=&#8221;30px&#8221;][vc_column_text] \u0130dari Asistan\u201c (Verwaltungsassistent) \u015eirketimizin b\u00fcnyesinde \u00e7al\u0131\u015fmak \u00fczere \u201e\u0130dari Asistan\u201c (Verwaltungsassistent) al\u0131nacakt\u0131r. &nbsp; Adayda olmas\u0131 gereken \u00f6zellikler:<span class=\"excerpt-hellip\"> [\u2026]<\/span><\/p>\n","protected":false},"author":2,"featured_media":0,"parent":0,"menu_order":0,"comment_status":"closed","ping_status":"closed","template":"","meta":{"inline_featured_image":false,"footnotes":""},"class_list":["post-2139","page","type-page","status-publish","hentry"],"yoast_head":"<!-- This site is optimized with the Yoast SEO plugin v27.3 - https:\/\/yoast.com\/product\/yoast-seo-wordpress\/ -->\n<title>\u0130dari Asistan \u0130\u015f \u0130lan\u0131 - Damak Restaurant Wien<\/title>\n<meta name=\"robots\" content=\"index, follow, max-snippet:-1, max-image-preview:large, max-video-preview:-1\" \/>\n<link rel=\"canonical\" href=\"https:\/\/www.damak.at\/tr\/idari-asistan-is-ilani\/\" \/>\n<meta property=\"og:locale\" content=\"tr_TR\" \/>\n<meta property=\"og:type\" content=\"article\" \/>\n<meta property=\"og:title\" content=\"\u0130dari Asistan \u0130\u015f \u0130lan\u0131 - Damak Restaurant Wien\" \/>\n<meta property=\"og:description\" content=\"[vc_row full_width=&#8221;stretch_row&#8221; css=&#8221;.vc_custom_1545577927891{background-color: #000000 !important;}&#8221;][vc_column offset=&#8221;vc_hidden-md vc_hidden-sm vc_hidden-xs&#8221;][vc_empty_space height=&#8221;30px&#8221;][\/vc_column][\/vc_row][vc_row][vc_column][vc_empty_space height=&#8221;30px&#8221;][vc_column_text] \u0130dari Asistan\u201c (Verwaltungsassistent) \u015eirketimizin b\u00fcnyesinde \u00e7al\u0131\u015fmak \u00fczere \u201e\u0130dari Asistan\u201c (Verwaltungsassistent) al\u0131nacakt\u0131r. &nbsp; Adayda olmas\u0131 gereken \u00f6zellikler: [\u2026]\" \/>\n<meta property=\"og:url\" content=\"https:\/\/www.damak.at\/tr\/idari-asistan-is-ilani\/\" \/>\n<meta property=\"og:site_name\" content=\"Damak Restaurant Wien\" \/>\n<meta property=\"article:publisher\" content=\"https:\/\/www.facebook.com\/damaketliekmek\/?locale=de_DE\" \/>\n<meta property=\"article:modified_time\" content=\"2021-06-08T13:56:25+00:00\" \/>\n<meta name=\"twitter:card\" content=\"summary_large_image\" \/>\n<meta name=\"twitter:label1\" content=\"Tahmini okuma s\u00fcresi\" \/>\n\t<meta name=\"twitter:data1\" content=\"1 dakika\" \/>\n<script type=\"application\/ld+json\" class=\"yoast-schema-graph\">{\"@context\":\"https:\\\/\\\/schema.org\",\"@graph\":[{\"@type\":\"WebPage\",\"@id\":\"https:\\\/\\\/www.damak.at\\\/tr\\\/idari-asistan-is-ilani\\\/\",\"url\":\"https:\\\/\\\/www.damak.at\\\/tr\\\/idari-asistan-is-ilani\\\/\",\"name\":\"\u0130dari Asistan \u0130\u015f \u0130lan\u0131 - Damak Restaurant Wien\",\"isPartOf\":{\"@id\":\"https:\\\/\\\/www.damak.at\\\/en\\\/#website\"},\"datePublished\":\"2021-06-08T12:37:37+00:00\",\"dateModified\":\"2021-06-08T13:56:25+00:00\",\"breadcrumb\":{\"@id\":\"https:\\\/\\\/www.damak.at\\\/tr\\\/idari-asistan-is-ilani\\\/#breadcrumb\"},\"inLanguage\":\"tr\",\"potentialAction\":[{\"@type\":\"ReadAction\",\"target\":[\"https:\\\/\\\/www.damak.at\\\/tr\\\/idari-asistan-is-ilani\\\/\"]}]},{\"@type\":\"BreadcrumbList\",\"@id\":\"https:\\\/\\\/www.damak.at\\\/tr\\\/idari-asistan-is-ilani\\\/#breadcrumb\",\"itemListElement\":[{\"@type\":\"ListItem\",\"position\":1,\"name\":\"Startseite\",\"item\":\"https:\\\/\\\/www.damak.at\\\/tr\\\/\"},{\"@type\":\"ListItem\",\"position\":2,\"name\":\"\u0130dari Asistan \u0130\u015f \u0130lan\u0131\"}]},{\"@type\":\"WebSite\",\"@id\":\"https:\\\/\\\/www.damak.at\\\/en\\\/#website\",\"url\":\"https:\\\/\\\/www.damak.at\\\/en\\\/\",\"name\":\"Damak Restaurant Wien\",\"description\":\"Konya Etliekmek\",\"publisher\":{\"@id\":\"https:\\\/\\\/www.damak.at\\\/en\\\/#organization\"},\"potentialAction\":[{\"@type\":\"SearchAction\",\"target\":{\"@type\":\"EntryPoint\",\"urlTemplate\":\"https:\\\/\\\/www.damak.at\\\/en\\\/?s={search_term_string}\"},\"query-input\":{\"@type\":\"PropertyValueSpecification\",\"valueRequired\":true,\"valueName\":\"search_term_string\"}}],\"inLanguage\":\"tr\"},{\"@type\":\"Organization\",\"@id\":\"https:\\\/\\\/www.damak.at\\\/en\\\/#organization\",\"name\":\"Damak Restaurant Wien\",\"url\":\"https:\\\/\\\/www.damak.at\\\/en\\\/\",\"logo\":{\"@type\":\"ImageObject\",\"inLanguage\":\"tr\",\"@id\":\"https:\\\/\\\/www.damak.at\\\/en\\\/#\\\/schema\\\/logo\\\/image\\\/\",\"url\":\"https:\\\/\\\/www.damak.at\\\/wp-content\\\/uploads\\\/favicon.png\",\"contentUrl\":\"https:\\\/\\\/www.damak.at\\\/wp-content\\\/uploads\\\/favicon.png\",\"width\":32,\"height\":32,\"caption\":\"Damak Restaurant Wien\"},\"image\":{\"@id\":\"https:\\\/\\\/www.damak.at\\\/en\\\/#\\\/schema\\\/logo\\\/image\\\/\"},\"sameAs\":[\"https:\\\/\\\/www.facebook.com\\\/damaketliekmek\\\/?locale=de_DE\",\"https:\\\/\\\/www.instagram.com\\\/damak.restaurant\\\/?hl=de\"]}]}<\/script>\n<!-- \/ Yoast SEO plugin. -->","yoast_head_json":{"title":"\u0130dari Asistan \u0130\u015f \u0130lan\u0131 - Damak Restaurant Wien","robots":{"index":"index","follow":"follow","max-snippet":"max-snippet:-1","max-image-preview":"max-image-preview:large","max-video-preview":"max-video-preview:-1"},"canonical":"https:\/\/www.damak.at\/tr\/idari-asistan-is-ilani\/","og_locale":"tr_TR","og_type":"article","og_title":"\u0130dari Asistan \u0130\u015f \u0130lan\u0131 - Damak Restaurant Wien","og_description":"[vc_row full_width=&#8221;stretch_row&#8221; css=&#8221;.vc_custom_1545577927891{background-color: #000000 !important;}&#8221;][vc_column offset=&#8221;vc_hidden-md vc_hidden-sm vc_hidden-xs&#8221;][vc_empty_space height=&#8221;30px&#8221;][\/vc_column][\/vc_row][vc_row][vc_column][vc_empty_space height=&#8221;30px&#8221;][vc_column_text] \u0130dari Asistan\u201c (Verwaltungsassistent) \u015eirketimizin b\u00fcnyesinde \u00e7al\u0131\u015fmak \u00fczere \u201e\u0130dari Asistan\u201c (Verwaltungsassistent) al\u0131nacakt\u0131r. &nbsp; Adayda olmas\u0131 gereken \u00f6zellikler: [\u2026]","og_url":"https:\/\/www.damak.at\/tr\/idari-asistan-is-ilani\/","og_site_name":"Damak Restaurant Wien","article_publisher":"https:\/\/www.facebook.com\/damaketliekmek\/?locale=de_DE","article_modified_time":"2021-06-08T13:56:25+00:00","twitter_card":"summary_large_image","twitter_misc":{"Tahmini okuma s\u00fcresi":"1 dakika"},"schema":{"@context":"https:\/\/schema.org","@graph":[{"@type":"WebPage","@id":"https:\/\/www.damak.at\/tr\/idari-asistan-is-ilani\/","url":"https:\/\/www.damak.at\/tr\/idari-asistan-is-ilani\/","name":"\u0130dari Asistan \u0130\u015f \u0130lan\u0131 - Damak Restaurant Wien","isPartOf":{"@id":"https:\/\/www.damak.at\/en\/#website"},"datePublished":"2021-06-08T12:37:37+00:00","dateModified":"2021-06-08T13:56:25+00:00","breadcrumb":{"@id":"https:\/\/www.damak.at\/tr\/idari-asistan-is-ilani\/#breadcrumb"},"inLanguage":"tr","potentialAction":[{"@type":"ReadAction","target":["https:\/\/www.damak.at\/tr\/idari-asistan-is-ilani\/"]}]},{"@type":"BreadcrumbList","@id":"https:\/\/www.damak.at\/tr\/idari-asistan-is-ilani\/#breadcrumb","itemListElement":[{"@type":"ListItem","position":1,"name":"Startseite","item":"https:\/\/www.damak.at\/tr\/"},{"@type":"ListItem","position":2,"name":"\u0130dari Asistan \u0130\u015f \u0130lan\u0131"}]},{"@type":"WebSite","@id":"https:\/\/www.damak.at\/en\/#website","url":"https:\/\/www.damak.at\/en\/","name":"Damak Restaurant Wien","description":"Konya Etliekmek","publisher":{"@id":"https:\/\/www.damak.at\/en\/#organization"},"potentialAction":[{"@type":"SearchAction","target":{"@type":"EntryPoint","urlTemplate":"https:\/\/www.damak.at\/en\/?s={search_term_string}"},"query-input":{"@type":"PropertyValueSpecification","valueRequired":true,"valueName":"search_term_string"}}],"inLanguage":"tr"},{"@type":"Organization","@id":"https:\/\/www.damak.at\/en\/#organization","name":"Damak Restaurant Wien","url":"https:\/\/www.damak.at\/en\/","logo":{"@type":"ImageObject","inLanguage":"tr","@id":"https:\/\/www.damak.at\/en\/#\/schema\/logo\/image\/","url":"https:\/\/www.damak.at\/wp-content\/uploads\/favicon.png","contentUrl":"https:\/\/www.damak.at\/wp-content\/uploads\/favicon.png","width":32,"height":32,"caption":"Damak Restaurant Wien"},"image":{"@id":"https:\/\/www.damak.at\/en\/#\/schema\/logo\/image\/"},"sameAs":["https:\/\/www.facebook.com\/damaketliekmek\/?locale=de_DE","https:\/\/www.instagram.com\/damak.restaurant\/?hl=de"]}]}},"_links":{"self":[{"href":"https:\/\/www.damak.at\/tr\/wp-json\/wp\/v2\/pages\/2139","targetHints":{"allow":["GET"]}}],"collection":[{"href":"https:\/\/www.damak.at\/tr\/wp-json\/wp\/v2\/pages"}],"about":[{"href":"https:\/\/www.damak.at\/tr\/wp-json\/wp\/v2\/types\/page"}],"author":[{"embeddable":true,"href":"https:\/\/www.damak.at\/tr\/wp-json\/wp\/v2\/users\/2"}],"replies":[{"embeddable":true,"href":"https:\/\/www.damak.at\/tr\/wp-json\/wp\/v2\/comments?post=2139"}],"version-history":[{"count":10,"href":"https:\/\/www.damak.at\/tr\/wp-json\/wp\/v2\/pages\/2139\/revisions"}],"predecessor-version":[{"id":2168,"href":"https:\/\/www.damak.at\/tr\/wp-json\/wp\/v2\/pages\/2139\/revisions\/2168"}],"wp:attachment":[{"href":"https:\/\/www.damak.at\/tr\/wp-json\/wp\/v2\/media?parent=2139"}],"curies":[{"name":"wp","href":"https:\/\/api.w.org\/{rel}","templated":true}]}}