{"id":3468,"date":"2025-09-25T10:40:32","date_gmt":"2025-09-25T08:40:32","guid":{"rendered":"https:\/\/www.damak.at\/?page_id=3468"},"modified":"2025-09-25T10:40:32","modified_gmt":"2025-09-25T08:40:32","slug":"viyana-helal-restaurant","status":"publish","type":"page","link":"https:\/\/www.damak.at\/tr\/viyana-helal-restaurant\/","title":{"rendered":"Viyana Helal Restaurant"},"content":{"rendered":"<div class=\"wpb-content-wrapper\"><p>[vc_row full_width=&#8221;stretch_row&#8221; css=&#8221;.vc_custom_<span id=\"appCallback_ext-click-06214360373001035\">1545577927891<\/span>{background-color: #000000 !important;}&#8221;][vc_column offset=&#8221;vc_hidden-md vc_hidden-sm vc_hidden-xs&#8221;][vc_empty_space height=&#8221;30px&#8221;][\/vc_column][\/vc_row][vc_row full_width=&#8221;stretch_row&#8221; content_placement=&#8221;bottom&#8221; css=&#8221;.vc_custom_<span id=\"appCallback_ext-click-06214360373001035\">1544714892435<\/span>{background-image: url(https:\/\/www.damak.at\/wp-content\/uploads\/top-back.png?id=376) !important;background-position: 0 0 !important;background-repeat: no-repeat !important;}&#8221;][vc_column][vc_empty_space][vc_column_text css=&#8221;.vc_custom_<span id=\"appCallback_ext-click-06214360373001035\">1556355353713<\/span>{margin-bottom: -5px !important;}&#8221;]<\/p>\n<h1 style=\"text-align: center;\">Viyana&#8217;da Helal Restaurant<\/h1>\n<p>Viyana s\u0131n\u0131rlar\u0131 i\u00e7erisinde en iyi <strong>T\u00fcrk<\/strong> Mutfa\u011f\u0131n\u0131 sunuyor olmakla birlikte, Damak Restaurant sizlere t\u00fcm \u00fcr\u00fcnlerini Helal Et ve Helal Restaurant kapsam\u0131nda sunmaktad\u0131r. T\u00fcm \u00fcr\u00fcnlerimiz \u0130slami ko\u015fullara uygun \u015fekilde haz\u0131rlan\u0131p servis edilmektedir. \u00d6zellikle t\u00fcm Et \u00e7e\u015fitlerimiz inek, dana ve koyun \u00fcr\u00fcn\u00fc olup kesinlikle Viyana&#8217;da bulabilece\u011finiz en iyi ve g\u00fcvenilir T\u00fcrk Restaurant\u0131 kimli\u011finde sizlere sunulmaktad\u0131r. Damak Restaurant kapsam\u0131nda T\u00fcrk Mutfa\u011f\u0131na ait t\u00fcm kebap, lahmacun, pide, etli ekmek ve \u00e7e\u015fitli tatl\u0131 \u00e7e\u015fitlerine ula\u015fabilece\u011finiz gibi en kaliteli ve sa\u011fl\u0131kl\u0131 \u00fcr\u00fcnleri tadaca\u011f\u0131n\u0131z konusunda sizlere kesin garanti veriyoruz.<\/p>\n<p>\u00d6zellikle Viyana i\u00e7erisinde <strong>Helal Kesim Et<\/strong> bulman\u0131n zorla\u015fabildi\u011fi bu g\u00fcnlerde Damak Restaurant olarak sizlere Y\u00fczde 100 g\u00fcvence ile Helal Restaurant hizmeti veriyoruz. Tamamen \u0130slami ko\u015fullara uygun \u015fekilde haz\u0131rlanan ve servis edilen \u00fcr\u00fcnlerimiz ihtiyac\u0131n\u0131z olan lezzeti kar\u015f\u0131layacak ve g\u00fcvenli bir \u015fekilde yemek yemenizi sa\u011flayacakt\u0131r. Viyana&#8217;da Damak Restauranta u\u011frayarak mutlaka Helal Et \u00fcr\u00fcnlerimizi tatmal\u0131 ve t\u00fcm d\u00fcnyan\u0131n hayranl\u0131k duydu\u011fu T\u00fcrk Mutfa\u011f\u0131n\u0131n tad\u0131n\u0131 \u00e7\u0131karmal\u0131s\u0131n\u0131z. \u00d6zellikle birbirinden g\u00fczel Kebap ve Et yemeklerimiz sizleri bekliyor.[\/vc_column_text][\/vc_column][\/vc_row][vc_row content_placement=&#8221;top&#8221;][vc_column][vc_column_text]<\/p>\n<h3><div class=\"mfn_heading heading_lines align_left\"><h3 class=\"title\" style=\"color:#000;\"><span class=\"line line_l\" style=\"background:#000;\"><\/span>Damak Mezeler &amp; \u00c7orbalar<span class=\"line line_r\" style=\"background:#000;\"><\/span><\/h3><\/div>\n<\/h3>\n<p>[\/vc_column_text][vc_row_inner][vc_column_inner width=&#8221;1\/2&#8243;][vc_single_image image=&#8221;895&#8243; img_size=&#8221;full&#8221; el_class=&#8221;mobildeyukari&#8221; css=&#8221;.vc_custom_<span id=\"appCallback_ext-click-07986305280797207\">1553604994309<\/span>{margin-bottom: 0px !important;}&#8221;][\/vc_column_inner][vc_column_inner width=&#8221;1\/2&#8243;][vc_single_image image=&#8221;893&#8243; img_size=&#8221;full&#8221; el_class=&#8221;mobildeyukari&#8221; css=&#8221;.vc_custom_<span id=\"appCallback_ext-click-07986305280797207\">1553605002706<\/span>{margin-bottom: 0px !important;}&#8221;][\/vc_column_inner][\/vc_row_inner][\/vc_column][\/vc_row][vc_row][vc_column][vc_column_text]<\/p>\n<h3><div class=\"mfn_heading heading_lines align_left\"><h3 class=\"title\" style=\"color:#000;\"><span class=\"line line_l\" style=\"background:#000;\"><\/span>Damak\u00a0Spesiyal &amp; Etliekmek<span class=\"line line_r\" style=\"background:#000;\"><\/span><\/h3><\/div>\n<\/h3>\n<p>[\/vc_column_text][vc_row_inner][vc_column_inner width=&#8221;1\/2&#8243;][vc_single_image image=&#8221;897&#8243; img_size=&#8221;full&#8221; el_class=&#8221;mobildeyukari&#8221; css=&#8221;.vc_custom_<span id=\"appCallback_ext-click-03367722248754611\">1553605036125<\/span>{margin-bottom: 0px !important;}&#8221;][\/vc_column_inner][vc_column_inner width=&#8221;1\/2&#8243;][vc_single_image image=&#8221;899&#8243; img_size=&#8221;full&#8221; el_class=&#8221;mobildeyukari&#8221; css=&#8221;.vc_custom_<span id=\"appCallback_ext-click-03367722248754611\">1553605043657<\/span>{margin-bottom: 0px !important;}&#8221;][\/vc_column_inner][\/vc_row_inner][vc_row_inner][vc_column_inner width=&#8221;1\/2&#8243;][vc_single_image image=&#8221;901&#8243; img_size=&#8221;full&#8221; el_class=&#8221;mobildeyukari&#8221; css=&#8221;.vc_custom_<span id=\"appCallback_ext-click-03367722248754611\">1553605059882<\/span>{margin-bottom: 0px !important;}&#8221;][\/vc_column_inner][vc_column_inner width=&#8221;1\/2&#8243;][vc_single_image image=&#8221;903&#8243; img_size=&#8221;full&#8221; el_class=&#8221;mobildeyukari&#8221; css=&#8221;.vc_custom_<span id=\"appCallback_ext-click-03367722248754611\">1553605340218<\/span>{margin-bottom: 0px !important;}&#8221;][\/vc_column_inner][\/vc_row_inner][vc_row_inner][vc_column_inner width=&#8221;1\/2&#8243;][vc_single_image image=&#8221;905&#8243; img_size=&#8221;full&#8221; el_class=&#8221;mobildeyukari&#8221; css=&#8221;.vc_custom_<span id=\"appCallback_ext-click-03367722248754611\">1553605370340<\/span>{margin-bottom: 0px !important;}&#8221;][\/vc_column_inner][vc_column_inner width=&#8221;1\/2&#8243;][vc_single_image image=&#8221;907&#8243; img_size=&#8221;full&#8221; el_class=&#8221;mobildeyukari&#8221; css=&#8221;.vc_custom_<span id=\"appCallback_ext-click-03367722248754611\">1553605378681<\/span>{margin-bottom: 0px !important;}&#8221;][\/vc_column_inner][\/vc_row_inner][\/vc_column][\/vc_row][vc_row][vc_column][vc_column_text]<\/p>\n<h3><div class=\"mfn_heading heading_lines align_left\"><h3 class=\"title\" style=\"color:#000;\"><span class=\"line line_l\" style=\"background:#000;\"><\/span>Damak Tatl\u0131lar<span class=\"line line_r\" style=\"background:#000;\"><\/span><\/h3><\/div>\n<\/h3>\n<p>[\/vc_column_text][vc_row_inner][vc_column_inner width=&#8221;1\/2&#8243;][vc_single_image image=&#8221;909&#8243; img_size=&#8221;full&#8221; el_class=&#8221;mobildeyukari&#8221; css=&#8221;.vc_custom_<span id=\"appCallback_ext-click-08706265557051022\">1553605195274<\/span>{margin-bottom: 0px !important;}&#8221;][\/vc_column_inner][vc_column_inner width=&#8221;1\/2&#8243;][vc_single_image image=&#8221;911&#8243; img_size=&#8221;full&#8221; el_class=&#8221;mobildeyukari&#8221; css=&#8221;.vc_custom_<span id=\"appCallback_ext-click-08706265557051022\">1553605207586<\/span>{margin-bottom: 0px !important;}&#8221;][\/vc_column_inner][\/vc_row_inner][\/vc_column][\/vc_row][vc_row][vc_column][vc_column_text]<\/p>\n<h3><div class=\"mfn_heading heading_lines align_left\"><h3 class=\"title\" style=\"color:#000;\"><span class=\"line line_l\" style=\"background:#000;\"><\/span>Damak So\u011fuk &amp; S\u0131cak \u0130\u00e7ecekler<span class=\"line line_r\" style=\"background:#000;\"><\/span><\/h3><\/div>\n<\/h3>\n<p>[\/vc_column_text][vc_row_inner][vc_column_inner width=&#8221;1\/2&#8243;][vc_single_image image=&#8221;913&#8243; img_size=&#8221;full&#8221; el_class=&#8221;mobildeyukari&#8221; css=&#8221;.vc_custom_<span id=\"appCallback_ext-click-02218555411359162\">1553605113538<\/span>{margin-bottom: 0px !important;}&#8221;][\/vc_column_inner][vc_column_inner width=&#8221;1\/2&#8243;][vc_single_image image=&#8221;915&#8243; img_size=&#8221;full&#8221; el_class=&#8221;mobildeyukari&#8221; css=&#8221;.vc_custom_<span id=\"appCallback_ext-click-02218555411359162\">1553605134163<\/span>{margin-bottom: 0px !important;}&#8221;][\/vc_column_inner][\/vc_row_inner][\/vc_column][\/vc_row][vc_row][vc_column][vc_column_text]<\/p>\n<h3><div class=\"mfn_heading heading_lines align_center\"><h3 class=\"title\" style=\"color:#000;\"><span class=\"line line_l\" style=\"background:#000;\"><\/span>A<span lang=\"tr\" tabindex=\"0\">lerjen Bilgi<\/span><\/h3>\n<h3><span class=\"line line_r\" style=\"background:#000;\"><\/span><\/h3><\/div>\n<\/h3>\n<p>[\/vc_column_text][vc_row_inner][vc_column_inner][vc_single_image image=&#8221;920&#8243; img_size=&#8221;full&#8221; alignment=&#8221;center&#8221; el_class=&#8221;mobildeyukari&#8221; css=&#8221;.vc_custom_<span id=\"appCallback_ext-click-045091113327474663\">1553608027570<\/span>{margin-bottom: 0px !important;}&#8221;][\/vc_column_inner][\/vc_row_inner][\/vc_column][\/vc_row][vc_row][vc_column][vc_message message_box_style=&#8221;outline&#8221; css=&#8221;.vc_custom_<span id=\"appCallback_ext-click-045091113327474663\">1553692492821<\/span>{margin-top: -30px !important;}&#8221;]Yiyeceklerimizde alerji veya tahamm\u00fcls\u00fczl\u00fc\u011fe neden olabilecek maddeler hakk\u0131nda bilgi alabilirsiniz. (\u00a7 3 Abs. 2 Alerjenlerin formasyonlar\u0131na g\u00f6re VO BGBl. II No. 175\/2014)[\/vc_message][\/vc_column][\/vc_row][vc_row css=&#8221;.vc_custom_<span id=\"appCallback_ext-click-045091113327474663\">1544991450514<\/span>{background-image: url(https:\/\/www.damak.at\/wp-content\/uploads\/2018\/09\/burger2-home-greenbg.png?id=45) !important;background-position: 0 0 !important;background-repeat: repeat !important;}&#8221;][vc_column width=&#8221;2\/3&#8243; css=&#8221;.vc_custom_<span id=\"appCallback_ext-click-045091113327474663\">1544988200185<\/span>{background-position: 0 0 !important;background-repeat: no-repeat !important;}&#8221;][vc_column_text css=&#8221;.vc_custom_<span id=\"appCallback_ext-click-045091113327474663\">1553692544267<\/span>{margin-bottom: -10px !important;background-position: 0 0 !important;background-repeat: no-repeat !important;}&#8221;]<\/p>\n<table>\n<tbody>\n<tr>\n<td style=\"border: 0;\"><span class=\"single_icon  icon_right\"><i style=\"font-size:55px;line-height:55px;color:#fff;\" class=\"icon-phone\"><\/i><\/span>\n<\/td>\n<td>\n<h3 class=\"ctasiparis\">Paket Servisi<\/h3>\n<h2 class=\"ctasiparis\"><b><span id=\"appCallback_ext-click-026786101893634406\">+43 1 236 0 222<\/span><\/b><\/h2>\n<p class=\"ctasiparis\">Haftan\u0131n herg\u00fcn\u00fc. Pazar &amp; Tatil G\u00fcnleri: 08:00-24:00<\/p>\n<\/td>\n<\/tr>\n<\/tbody>\n<\/table>\n<p>[\/vc_column_text][\/vc_column][vc_column width=&#8221;1\/3&#8243;][vc_column_text css=&#8221;.vc_custom_<span id=\"appCallback_ext-click-05652074759956005\"><span id=\"appCallback_ext-click-09244829556169515\">1553692566041<\/span><\/span>{padding-top: 25px !important;padding-right: 20px !important;padding-left: 20px !important;}&#8221; el_class=&#8221;mobildeyukari&#8221;]<a class=\"button  button_left button_full_width button_size_4\" href=\"http:\/\/..\/online-bestellung\/\"     style=\"background-color:#fff!important;color:#000000;\"     title=\"\"><span class=\"button_icon\"><i class=\"icon-cart\"  style=\"color:#000000!important;\" aria-hidden=\"true\"><\/i><\/span><span class=\"button_label\">Online Sipari\u015f<\/span><\/a>\n[\/vc_column_text][\/vc_column][\/vc_row][vc_row full_width=&#8221;stretch_row_content_no_spaces&#8221;][vc_column][vc_empty_space height=&#8221;15px&#8221;][vc_single_image image=&#8221;40&#8243; img_size=&#8221;full&#8221; alignment=&#8221;center&#8221; css=&#8221;.vc_custom_<span id=\"appCallback_ext-click-05652074759956005\"><span id=\"appCallback_ext-click-06742278601053808\">1538614234640<\/span><\/span>{margin-bottom: -40px !important;}&#8221;][\/vc_column][\/vc_row]<\/p>\n<\/div>","protected":false},"excerpt":{"rendered":"<p>[vc_row full_width=&#8221;stretch_row&#8221; css=&#8221;.vc_custom_1545577927891{background-color: #000000 !important;}&#8221;][vc_column offset=&#8221;vc_hidden-md vc_hidden-sm vc_hidden-xs&#8221;][vc_empty_space height=&#8221;30px&#8221;][\/vc_column][\/vc_row][vc_row full_width=&#8221;stretch_row&#8221; content_placement=&#8221;bottom&#8221; css=&#8221;.vc_custom_1544714892435{background-image: url(https:\/\/www.damak.at\/wp-content\/uploads\/top-back.png?id=376) !important;background-position: 0 0 !important;background-repeat: no-repeat !important;}&#8221;][vc_column][vc_empty_space][vc_column_text css=&#8221;.vc_custom_1556355353713{margin-bottom: -5px !important;}&#8221;] Viyana&#8217;da Helal Restaurant Viyana<span class=\"excerpt-hellip\"> [\u2026]<\/span><\/p>\n","protected":false},"author":2,"featured_media":0,"parent":0,"menu_order":0,"comment_status":"closed","ping_status":"closed","template":"","meta":{"inline_featured_image":false,"footnotes":""},"class_list":["post-3468","page","type-page","status-publish","hentry"],"yoast_head":"<!-- This site is optimized with the Yoast SEO plugin v27.3 - https:\/\/yoast.com\/product\/yoast-seo-wordpress\/ -->\n<title>Viyana Helal Restaurant - Damak Restaurant Wien<\/title>\n<meta name=\"robots\" content=\"index, follow, max-snippet:-1, max-image-preview:large, max-video-preview:-1\" \/>\n<link rel=\"canonical\" href=\"https:\/\/www.damak.at\/tr\/viyana-helal-restaurant\/\" \/>\n<meta property=\"og:locale\" content=\"tr_TR\" \/>\n<meta property=\"og:type\" content=\"article\" \/>\n<meta property=\"og:title\" content=\"Viyana Helal Restaurant - Damak Restaurant Wien\" \/>\n<meta property=\"og:description\" content=\"[vc_row full_width=&#8221;stretch_row&#8221; css=&#8221;.vc_custom_1545577927891{background-color: #000000 !important;}&#8221;][vc_column offset=&#8221;vc_hidden-md vc_hidden-sm vc_hidden-xs&#8221;][vc_empty_space height=&#8221;30px&#8221;][\/vc_column][\/vc_row][vc_row full_width=&#8221;stretch_row&#8221; content_placement=&#8221;bottom&#8221; css=&#8221;.vc_custom_1544714892435{background-image: url(https:\/\/www.damak.at\/wp-content\/uploads\/top-back.png?id=376) !important;background-position: 0 0 !important;background-repeat: no-repeat !important;}&#8221;][vc_column][vc_empty_space][vc_column_text css=&#8221;.vc_custom_1556355353713{margin-bottom: -5px !important;}&#8221;] Viyana&#8217;da Helal Restaurant Viyana [\u2026]\" \/>\n<meta property=\"og:url\" content=\"https:\/\/www.damak.at\/tr\/viyana-helal-restaurant\/\" \/>\n<meta property=\"og:site_name\" content=\"Damak Restaurant Wien\" \/>\n<meta property=\"article:publisher\" content=\"https:\/\/www.facebook.com\/damaketliekmek\/?locale=de_DE\" \/>\n<meta name=\"twitter:card\" content=\"summary_large_image\" \/>\n<script type=\"application\/ld+json\" class=\"yoast-schema-graph\">{\"@context\":\"https:\\\/\\\/schema.org\",\"@graph\":[{\"@type\":\"WebPage\",\"@id\":\"https:\\\/\\\/www.damak.at\\\/tr\\\/viyana-helal-restaurant\\\/\",\"url\":\"https:\\\/\\\/www.damak.at\\\/tr\\\/viyana-helal-restaurant\\\/\",\"name\":\"Viyana Helal Restaurant - Damak Restaurant Wien\",\"isPartOf\":{\"@id\":\"https:\\\/\\\/www.damak.at\\\/en\\\/#website\"},\"datePublished\":\"2025-09-25T08:40:32+00:00\",\"breadcrumb\":{\"@id\":\"https:\\\/\\\/www.damak.at\\\/tr\\\/viyana-helal-restaurant\\\/#breadcrumb\"},\"inLanguage\":\"tr\",\"potentialAction\":[{\"@type\":\"ReadAction\",\"target\":[\"https:\\\/\\\/www.damak.at\\\/tr\\\/viyana-helal-restaurant\\\/\"]}]},{\"@type\":\"BreadcrumbList\",\"@id\":\"https:\\\/\\\/www.damak.at\\\/tr\\\/viyana-helal-restaurant\\\/#breadcrumb\",\"itemListElement\":[{\"@type\":\"ListItem\",\"position\":1,\"name\":\"Startseite\",\"item\":\"https:\\\/\\\/www.damak.at\\\/tr\\\/\"},{\"@type\":\"ListItem\",\"position\":2,\"name\":\"Viyana Helal Restaurant\"}]},{\"@type\":\"WebSite\",\"@id\":\"https:\\\/\\\/www.damak.at\\\/en\\\/#website\",\"url\":\"https:\\\/\\\/www.damak.at\\\/en\\\/\",\"name\":\"Damak Restaurant Wien\",\"description\":\"Konya Etliekmek\",\"publisher\":{\"@id\":\"https:\\\/\\\/www.damak.at\\\/en\\\/#organization\"},\"potentialAction\":[{\"@type\":\"SearchAction\",\"target\":{\"@type\":\"EntryPoint\",\"urlTemplate\":\"https:\\\/\\\/www.damak.at\\\/en\\\/?s={search_term_string}\"},\"query-input\":{\"@type\":\"PropertyValueSpecification\",\"valueRequired\":true,\"valueName\":\"search_term_string\"}}],\"inLanguage\":\"tr\"},{\"@type\":\"Organization\",\"@id\":\"https:\\\/\\\/www.damak.at\\\/en\\\/#organization\",\"name\":\"Damak Restaurant Wien\",\"url\":\"https:\\\/\\\/www.damak.at\\\/en\\\/\",\"logo\":{\"@type\":\"ImageObject\",\"inLanguage\":\"tr\",\"@id\":\"https:\\\/\\\/www.damak.at\\\/en\\\/#\\\/schema\\\/logo\\\/image\\\/\",\"url\":\"https:\\\/\\\/www.damak.at\\\/wp-content\\\/uploads\\\/favicon.png\",\"contentUrl\":\"https:\\\/\\\/www.damak.at\\\/wp-content\\\/uploads\\\/favicon.png\",\"width\":32,\"height\":32,\"caption\":\"Damak Restaurant Wien\"},\"image\":{\"@id\":\"https:\\\/\\\/www.damak.at\\\/en\\\/#\\\/schema\\\/logo\\\/image\\\/\"},\"sameAs\":[\"https:\\\/\\\/www.facebook.com\\\/damaketliekmek\\\/?locale=de_DE\",\"https:\\\/\\\/www.instagram.com\\\/damak.restaurant\\\/?hl=de\"]}]}<\/script>\n<!-- \/ Yoast SEO plugin. -->","yoast_head_json":{"title":"Viyana Helal Restaurant - Damak Restaurant Wien","robots":{"index":"index","follow":"follow","max-snippet":"max-snippet:-1","max-image-preview":"max-image-preview:large","max-video-preview":"max-video-preview:-1"},"canonical":"https:\/\/www.damak.at\/tr\/viyana-helal-restaurant\/","og_locale":"tr_TR","og_type":"article","og_title":"Viyana Helal Restaurant - Damak Restaurant Wien","og_description":"[vc_row full_width=&#8221;stretch_row&#8221; css=&#8221;.vc_custom_1545577927891{background-color: #000000 !important;}&#8221;][vc_column offset=&#8221;vc_hidden-md vc_hidden-sm vc_hidden-xs&#8221;][vc_empty_space height=&#8221;30px&#8221;][\/vc_column][\/vc_row][vc_row full_width=&#8221;stretch_row&#8221; content_placement=&#8221;bottom&#8221; css=&#8221;.vc_custom_1544714892435{background-image: url(https:\/\/www.damak.at\/wp-content\/uploads\/top-back.png?id=376) !important;background-position: 0 0 !important;background-repeat: no-repeat !important;}&#8221;][vc_column][vc_empty_space][vc_column_text css=&#8221;.vc_custom_1556355353713{margin-bottom: -5px !important;}&#8221;] Viyana&#8217;da Helal Restaurant Viyana [\u2026]","og_url":"https:\/\/www.damak.at\/tr\/viyana-helal-restaurant\/","og_site_name":"Damak Restaurant Wien","article_publisher":"https:\/\/www.facebook.com\/damaketliekmek\/?locale=de_DE","twitter_card":"summary_large_image","schema":{"@context":"https:\/\/schema.org","@graph":[{"@type":"WebPage","@id":"https:\/\/www.damak.at\/tr\/viyana-helal-restaurant\/","url":"https:\/\/www.damak.at\/tr\/viyana-helal-restaurant\/","name":"Viyana Helal Restaurant - Damak Restaurant Wien","isPartOf":{"@id":"https:\/\/www.damak.at\/en\/#website"},"datePublished":"2025-09-25T08:40:32+00:00","breadcrumb":{"@id":"https:\/\/www.damak.at\/tr\/viyana-helal-restaurant\/#breadcrumb"},"inLanguage":"tr","potentialAction":[{"@type":"ReadAction","target":["https:\/\/www.damak.at\/tr\/viyana-helal-restaurant\/"]}]},{"@type":"BreadcrumbList","@id":"https:\/\/www.damak.at\/tr\/viyana-helal-restaurant\/#breadcrumb","itemListElement":[{"@type":"ListItem","position":1,"name":"Startseite","item":"https:\/\/www.damak.at\/tr\/"},{"@type":"ListItem","position":2,"name":"Viyana Helal Restaurant"}]},{"@type":"WebSite","@id":"https:\/\/www.damak.at\/en\/#website","url":"https:\/\/www.damak.at\/en\/","name":"Damak Restaurant Wien","description":"Konya Etliekmek","publisher":{"@id":"https:\/\/www.damak.at\/en\/#organization"},"potentialAction":[{"@type":"SearchAction","target":{"@type":"EntryPoint","urlTemplate":"https:\/\/www.damak.at\/en\/?s={search_term_string}"},"query-input":{"@type":"PropertyValueSpecification","valueRequired":true,"valueName":"search_term_string"}}],"inLanguage":"tr"},{"@type":"Organization","@id":"https:\/\/www.damak.at\/en\/#organization","name":"Damak Restaurant Wien","url":"https:\/\/www.damak.at\/en\/","logo":{"@type":"ImageObject","inLanguage":"tr","@id":"https:\/\/www.damak.at\/en\/#\/schema\/logo\/image\/","url":"https:\/\/www.damak.at\/wp-content\/uploads\/favicon.png","contentUrl":"https:\/\/www.damak.at\/wp-content\/uploads\/favicon.png","width":32,"height":32,"caption":"Damak Restaurant Wien"},"image":{"@id":"https:\/\/www.damak.at\/en\/#\/schema\/logo\/image\/"},"sameAs":["https:\/\/www.facebook.com\/damaketliekmek\/?locale=de_DE","https:\/\/www.instagram.com\/damak.restaurant\/?hl=de"]}]}},"_links":{"self":[{"href":"https:\/\/www.damak.at\/tr\/wp-json\/wp\/v2\/pages\/3468","targetHints":{"allow":["GET"]}}],"collection":[{"href":"https:\/\/www.damak.at\/tr\/wp-json\/wp\/v2\/pages"}],"about":[{"href":"https:\/\/www.damak.at\/tr\/wp-json\/wp\/v2\/types\/page"}],"author":[{"embeddable":true,"href":"https:\/\/www.damak.at\/tr\/wp-json\/wp\/v2\/users\/2"}],"replies":[{"embeddable":true,"href":"https:\/\/www.damak.at\/tr\/wp-json\/wp\/v2\/comments?post=3468"}],"version-history":[{"count":1,"href":"https:\/\/www.damak.at\/tr\/wp-json\/wp\/v2\/pages\/3468\/revisions"}],"predecessor-version":[{"id":3469,"href":"https:\/\/www.damak.at\/tr\/wp-json\/wp\/v2\/pages\/3468\/revisions\/3469"}],"wp:attachment":[{"href":"https:\/\/www.damak.at\/tr\/wp-json\/wp\/v2\/media?parent=3468"}],"curies":[{"name":"wp","href":"https:\/\/api.w.org\/{rel}","templated":true}]}}