{"id":3666,"date":"2026-01-14T09:22:59","date_gmt":"2026-01-14T08:22:59","guid":{"rendered":"https:\/\/www.damak.at\/?page_id=3666"},"modified":"2026-02-19T15:49:02","modified_gmt":"2026-02-19T14:49:02","slug":"2026-linz-iftar-vakti-ramazan","status":"publish","type":"page","link":"https:\/\/www.damak.at\/tr\/2026-linz-iftar-vakti-ramazan\/","title":{"rendered":"Ramazan 2026 Linz \u0130ftar Vakitleri \u2013 Namaz Saatleri"},"content":{"rendered":"<div class=\"wpb-content-wrapper\"><p>[vc_row full_width=&#8221;stretch_row&#8221; css=&#8221;.vc_custom_1545578568204{background-color: #000000 !important;}&#8221;][vc_column offset=&#8221;vc_hidden-md vc_hidden-sm vc_hidden-xs&#8221;][vc_empty_space height=&#8221;30px&#8221;][\/vc_column][\/vc_row][vc_row full_width=&#8221;stretch_row&#8221; css=&#8221;.vc_custom_1545578568204{background-color: #000000 !important;}&#8221;][vc_column offset=&#8221;vc_hidden-md vc_hidden-sm vc_hidden-xs&#8221;][vc_empty_space height=&#8221;30px&#8221;][\/vc_column][\/vc_row][vc_row full_width=&#8221;stretch_row&#8221; content_placement=&#8221;bottom&#8221; css=&#8221;.vc_custom_1545140460190{background-image: url(https:\/\/www.damak.at\/wp-content\/uploads\/top-back.png?id=376) !important;background-position: 0 0 !important;background-repeat: no-repeat !important;}&#8221;][vc_column][vc_empty_space height=&#8221;35px&#8221;][vc_column_text css=&#8221;&#8221;]<\/p>\n<h1 style=\"text-align: center;\">Ramazan 2026 Iftar Vakti Linz<\/h1>\n<h2 style=\"text-align: center;\"><\/h2>\n<p>[\/vc_column_text][vc_column_text css=&#8221;&#8221;]<\/p>\n<p style=\"text-align: center;\"><strong>2026 Linz Ramazan \u0130msakiyesi<\/strong> ile Linz i\u00e7in iftar ve sahur vakitleri ni an be an takip edebilir,<strong> Linz `de iftara ne kadar zaman kald\u0131\u011f\u0131n\u0131 \u00f6\u011frenebilir<\/strong>, Linz<strong>`de sahur<\/strong>un saat ka\u00e7ta bitece\u011fini kolayl\u0131kla takip edebilirsiniz. Ayr\u0131ca \u201cLinz <strong>\u00a0iftar ezan\u0131<\/strong> saat ka\u00e7ta okunacak, teravih namaz\u0131 saat ka\u00e7ta, Linz <strong>i\u00e7in ak\u015fam ezan\u0131<\/strong>na ne kadar kald\u0131, <strong>Linz<\/strong> <strong>`de oru\u00e7<\/strong> saat ka\u00e7ta a\u00e7\u0131lacak\u201d gibi en \u00e7ok merak edilen sorular\u0131n yan\u0131t\u0131n\u0131 da <strong>Damak <a href=\"https:\/\/www.avusturyacenazefonu.at\/2026-linz-iftar-vakti-ramazan\/\">Linz iftar\u00a0 vakitleri<\/a><\/strong>\u00a0sayfam\u0131zda bulabilirsiniz.<\/p>\n<h2 style=\"text-align: center;\"><\/h2>\n<p>[\/vc_column_text][\/vc_column][\/vc_row][vc_row full_width=&#8221;stretch_row&#8221;][vc_column offset=&#8221;vc_hidden-md&#8221;][vc_single_image image=&#8221;3795&#8243; img_size=&#8221;full&#8221; alignment=&#8221;center&#8221; onclick=&#8221;custom_link&#8221; css=&#8221;&#8221; link=&#8221;https:\/\/www.avusturyacenazefonu.at\/basvuru-formu\/&#8221;][\/vc_column][\/vc_row][vc_row][vc_column][vc_column_text css=&#8221;&#8221;]<\/p>\n<div class=\"readyShortCode\"><\/div>\n<div class=\"saveContent\"><\/div>\n<p>[\/vc_column_text][\/vc_column][\/vc_row][vc_row full_width=&#8221;stretch_row&#8221; content_placement=&#8221;bottom&#8221; css=&#8221;.vc_custom_1648861761290{background-position: 0 0 !important;background-repeat: no-repeat !important;}&#8221;][vc_column][vc_empty_space height=&#8221;35px&#8221;][vc_row_inner][vc_column_inner][vc_column_text]<\/p>\n<h2 style=\"text-align: center;\">\u0130ftar Men\u00fc \u2013 Damak Restaurant<\/h2>\n<p style=\"text-align: center;\">De\u011ferli Misafirlerimiz;<\/p>\n<p style=\"text-align: center;\">Ramazan ay\u0131 boyunca 18:00 ile 19.30 saatleri aras\u0131nda Ramazan men\u00fcs\u00fc sunuyoruz. Bu saatler aras\u0131nda sadece ramazan men\u00fcleri servis edilmektedir.<br \/>\nSayg\u0131lar\u0131m\u0131zla.\u00a0Damak\u00a0ekibi<\/p>\n<p>&nbsp;<\/p>\n<h3 style=\"text-align: center;\">L\u00fctfen Rezervasyon yapt\u0131r\u0131n\u0131z. <strong><a href=\"tel: 01 236 0 222\">+43 1 236 0 222<\/a>\u00a0<\/strong><\/h3>\n<p>[\/vc_column_text][\/vc_column_inner][\/vc_row_inner][\/vc_column][\/vc_row][vc_row][vc_column][vc_column_text]<\/p>\n<h3><div class=\"mfn_heading heading_lines align_left\"><h3 class=\"title\" style=\"color:#000;\"><span class=\"line line_l\" style=\"background:#000;\"><\/span>Iftar Men\u00fc<span class=\"line line_r\" style=\"background:#000;\"><\/span><\/h3><\/div>\n<\/h3>\n<p>[\/vc_column_text][\/vc_column][\/vc_row]<\/p>\n<\/div>","protected":false},"excerpt":{"rendered":"<p>[vc_row full_width=&#8221;stretch_row&#8221; css=&#8221;.vc_custom_1545578568204{background-color: #000000 !important;}&#8221;][vc_column offset=&#8221;vc_hidden-md vc_hidden-sm vc_hidden-xs&#8221;][vc_empty_space height=&#8221;30px&#8221;][\/vc_column][\/vc_row][vc_row full_width=&#8221;stretch_row&#8221; css=&#8221;.vc_custom_1545578568204{background-color: #000000 !important;}&#8221;][vc_column offset=&#8221;vc_hidden-md vc_hidden-sm vc_hidden-xs&#8221;][vc_empty_space height=&#8221;30px&#8221;][\/vc_column][\/vc_row][vc_row full_width=&#8221;stretch_row&#8221; content_placement=&#8221;bottom&#8221; css=&#8221;.vc_custom_1545140460190{background-image: url(https:\/\/www.damak.at\/wp-content\/uploads\/top-back.png?id=376) !important;background-position: 0 0 !important;background-repeat: no-repeat<span class=\"excerpt-hellip\"> [\u2026]<\/span><\/p>\n","protected":false},"author":2,"featured_media":-1,"parent":0,"menu_order":0,"comment_status":"closed","ping_status":"closed","template":"","meta":{"inline_featured_image":false,"footnotes":""},"class_list":["post-3666","page","type-page","status-publish","has-post-thumbnail","hentry"],"yoast_head":"<!-- This site is optimized with the Yoast SEO plugin v27.3 - https:\/\/yoast.com\/product\/yoast-seo-wordpress\/ -->\n<title>Ramazan 2026 Linz \u0130ftar Vakitleri \u2013 Namaz Saatleri - Damak Restaurant Wien<\/title>\n<meta name=\"robots\" content=\"index, follow, max-snippet:-1, max-image-preview:large, max-video-preview:-1\" \/>\n<link rel=\"canonical\" href=\"https:\/\/www.damak.at\/tr\/2026-linz-iftar-vakti-ramazan\/\" \/>\n<meta property=\"og:locale\" content=\"tr_TR\" \/>\n<meta property=\"og:type\" content=\"article\" \/>\n<meta property=\"og:title\" content=\"Ramazan 2026 Linz \u0130ftar Vakitleri \u2013 Namaz Saatleri - Damak Restaurant Wien\" \/>\n<meta property=\"og:description\" content=\"[vc_row full_width=&#8221;stretch_row&#8221; css=&#8221;.vc_custom_1545578568204{background-color: #000000 !important;}&#8221;][vc_column offset=&#8221;vc_hidden-md vc_hidden-sm vc_hidden-xs&#8221;][vc_empty_space height=&#8221;30px&#8221;][\/vc_column][\/vc_row][vc_row full_width=&#8221;stretch_row&#8221; css=&#8221;.vc_custom_1545578568204{background-color: #000000 !important;}&#8221;][vc_column offset=&#8221;vc_hidden-md vc_hidden-sm vc_hidden-xs&#8221;][vc_empty_space height=&#8221;30px&#8221;][\/vc_column][\/vc_row][vc_row full_width=&#8221;stretch_row&#8221; content_placement=&#8221;bottom&#8221; css=&#8221;.vc_custom_1545140460190{background-image: url(https:\/\/www.damak.at\/wp-content\/uploads\/top-back.png?id=376) !important;background-position: 0 0 !important;background-repeat: no-repeat [\u2026]\" \/>\n<meta property=\"og:url\" content=\"https:\/\/www.damak.at\/tr\/2026-linz-iftar-vakti-ramazan\/\" \/>\n<meta property=\"og:site_name\" content=\"Damak Restaurant Wien\" \/>\n<meta property=\"article:publisher\" content=\"https:\/\/www.facebook.com\/damaketliekmek\/?locale=de_DE\" \/>\n<meta property=\"article:modified_time\" content=\"2026-02-19T14:49:02+00:00\" \/>\n<meta name=\"twitter:card\" content=\"summary_large_image\" \/>\n<meta name=\"twitter:label1\" content=\"Tahmini okuma s\u00fcresi\" \/>\n\t<meta name=\"twitter:data1\" content=\"2 dakika\" \/>\n<script type=\"application\/ld+json\" class=\"yoast-schema-graph\">{\"@context\":\"https:\\\/\\\/schema.org\",\"@graph\":[{\"@type\":\"WebPage\",\"@id\":\"https:\\\/\\\/www.damak.at\\\/tr\\\/2026-linz-iftar-vakti-ramazan\\\/\",\"url\":\"https:\\\/\\\/www.damak.at\\\/tr\\\/2026-linz-iftar-vakti-ramazan\\\/\",\"name\":\"Ramazan 2026 Linz \u0130ftar Vakitleri \u2013 Namaz Saatleri - Damak Restaurant Wien\",\"isPartOf\":{\"@id\":\"https:\\\/\\\/www.damak.at\\\/en\\\/#website\"},\"datePublished\":\"2026-01-14T08:22:59+00:00\",\"dateModified\":\"2026-02-19T14:49:02+00:00\",\"breadcrumb\":{\"@id\":\"https:\\\/\\\/www.damak.at\\\/tr\\\/2026-linz-iftar-vakti-ramazan\\\/#breadcrumb\"},\"inLanguage\":\"tr\",\"potentialAction\":[{\"@type\":\"ReadAction\",\"target\":[\"https:\\\/\\\/www.damak.at\\\/tr\\\/2026-linz-iftar-vakti-ramazan\\\/\"]}]},{\"@type\":\"BreadcrumbList\",\"@id\":\"https:\\\/\\\/www.damak.at\\\/tr\\\/2026-linz-iftar-vakti-ramazan\\\/#breadcrumb\",\"itemListElement\":[{\"@type\":\"ListItem\",\"position\":1,\"name\":\"Startseite\",\"item\":\"https:\\\/\\\/www.damak.at\\\/tr\\\/\"},{\"@type\":\"ListItem\",\"position\":2,\"name\":\"Ramazan 2026 Linz \u0130ftar Vakitleri \u2013 Namaz Saatleri\"}]},{\"@type\":\"WebSite\",\"@id\":\"https:\\\/\\\/www.damak.at\\\/en\\\/#website\",\"url\":\"https:\\\/\\\/www.damak.at\\\/en\\\/\",\"name\":\"Damak Restaurant Wien\",\"description\":\"Konya Etliekmek\",\"publisher\":{\"@id\":\"https:\\\/\\\/www.damak.at\\\/en\\\/#organization\"},\"potentialAction\":[{\"@type\":\"SearchAction\",\"target\":{\"@type\":\"EntryPoint\",\"urlTemplate\":\"https:\\\/\\\/www.damak.at\\\/en\\\/?s={search_term_string}\"},\"query-input\":{\"@type\":\"PropertyValueSpecification\",\"valueRequired\":true,\"valueName\":\"search_term_string\"}}],\"inLanguage\":\"tr\"},{\"@type\":\"Organization\",\"@id\":\"https:\\\/\\\/www.damak.at\\\/en\\\/#organization\",\"name\":\"Damak Restaurant Wien\",\"url\":\"https:\\\/\\\/www.damak.at\\\/en\\\/\",\"logo\":{\"@type\":\"ImageObject\",\"inLanguage\":\"tr\",\"@id\":\"https:\\\/\\\/www.damak.at\\\/en\\\/#\\\/schema\\\/logo\\\/image\\\/\",\"url\":\"https:\\\/\\\/www.damak.at\\\/wp-content\\\/uploads\\\/favicon.png\",\"contentUrl\":\"https:\\\/\\\/www.damak.at\\\/wp-content\\\/uploads\\\/favicon.png\",\"width\":32,\"height\":32,\"caption\":\"Damak Restaurant Wien\"},\"image\":{\"@id\":\"https:\\\/\\\/www.damak.at\\\/en\\\/#\\\/schema\\\/logo\\\/image\\\/\"},\"sameAs\":[\"https:\\\/\\\/www.facebook.com\\\/damaketliekmek\\\/?locale=de_DE\",\"https:\\\/\\\/www.instagram.com\\\/damak.restaurant\\\/?hl=de\"]}]}<\/script>\n<!-- \/ Yoast SEO plugin. -->","yoast_head_json":{"title":"Ramazan 2026 Linz \u0130ftar Vakitleri \u2013 Namaz Saatleri - Damak Restaurant Wien","robots":{"index":"index","follow":"follow","max-snippet":"max-snippet:-1","max-image-preview":"max-image-preview:large","max-video-preview":"max-video-preview:-1"},"canonical":"https:\/\/www.damak.at\/tr\/2026-linz-iftar-vakti-ramazan\/","og_locale":"tr_TR","og_type":"article","og_title":"Ramazan 2026 Linz \u0130ftar Vakitleri \u2013 Namaz Saatleri - Damak Restaurant Wien","og_description":"[vc_row full_width=&#8221;stretch_row&#8221; css=&#8221;.vc_custom_1545578568204{background-color: #000000 !important;}&#8221;][vc_column offset=&#8221;vc_hidden-md vc_hidden-sm vc_hidden-xs&#8221;][vc_empty_space height=&#8221;30px&#8221;][\/vc_column][\/vc_row][vc_row full_width=&#8221;stretch_row&#8221; css=&#8221;.vc_custom_1545578568204{background-color: #000000 !important;}&#8221;][vc_column offset=&#8221;vc_hidden-md vc_hidden-sm vc_hidden-xs&#8221;][vc_empty_space height=&#8221;30px&#8221;][\/vc_column][\/vc_row][vc_row full_width=&#8221;stretch_row&#8221; content_placement=&#8221;bottom&#8221; css=&#8221;.vc_custom_1545140460190{background-image: url(https:\/\/www.damak.at\/wp-content\/uploads\/top-back.png?id=376) !important;background-position: 0 0 !important;background-repeat: no-repeat [\u2026]","og_url":"https:\/\/www.damak.at\/tr\/2026-linz-iftar-vakti-ramazan\/","og_site_name":"Damak Restaurant Wien","article_publisher":"https:\/\/www.facebook.com\/damaketliekmek\/?locale=de_DE","article_modified_time":"2026-02-19T14:49:02+00:00","twitter_card":"summary_large_image","twitter_misc":{"Tahmini okuma s\u00fcresi":"2 dakika"},"schema":{"@context":"https:\/\/schema.org","@graph":[{"@type":"WebPage","@id":"https:\/\/www.damak.at\/tr\/2026-linz-iftar-vakti-ramazan\/","url":"https:\/\/www.damak.at\/tr\/2026-linz-iftar-vakti-ramazan\/","name":"Ramazan 2026 Linz \u0130ftar Vakitleri \u2013 Namaz Saatleri - Damak Restaurant Wien","isPartOf":{"@id":"https:\/\/www.damak.at\/en\/#website"},"datePublished":"2026-01-14T08:22:59+00:00","dateModified":"2026-02-19T14:49:02+00:00","breadcrumb":{"@id":"https:\/\/www.damak.at\/tr\/2026-linz-iftar-vakti-ramazan\/#breadcrumb"},"inLanguage":"tr","potentialAction":[{"@type":"ReadAction","target":["https:\/\/www.damak.at\/tr\/2026-linz-iftar-vakti-ramazan\/"]}]},{"@type":"BreadcrumbList","@id":"https:\/\/www.damak.at\/tr\/2026-linz-iftar-vakti-ramazan\/#breadcrumb","itemListElement":[{"@type":"ListItem","position":1,"name":"Startseite","item":"https:\/\/www.damak.at\/tr\/"},{"@type":"ListItem","position":2,"name":"Ramazan 2026 Linz \u0130ftar Vakitleri \u2013 Namaz Saatleri"}]},{"@type":"WebSite","@id":"https:\/\/www.damak.at\/en\/#website","url":"https:\/\/www.damak.at\/en\/","name":"Damak Restaurant Wien","description":"Konya Etliekmek","publisher":{"@id":"https:\/\/www.damak.at\/en\/#organization"},"potentialAction":[{"@type":"SearchAction","target":{"@type":"EntryPoint","urlTemplate":"https:\/\/www.damak.at\/en\/?s={search_term_string}"},"query-input":{"@type":"PropertyValueSpecification","valueRequired":true,"valueName":"search_term_string"}}],"inLanguage":"tr"},{"@type":"Organization","@id":"https:\/\/www.damak.at\/en\/#organization","name":"Damak Restaurant Wien","url":"https:\/\/www.damak.at\/en\/","logo":{"@type":"ImageObject","inLanguage":"tr","@id":"https:\/\/www.damak.at\/en\/#\/schema\/logo\/image\/","url":"https:\/\/www.damak.at\/wp-content\/uploads\/favicon.png","contentUrl":"https:\/\/www.damak.at\/wp-content\/uploads\/favicon.png","width":32,"height":32,"caption":"Damak Restaurant Wien"},"image":{"@id":"https:\/\/www.damak.at\/en\/#\/schema\/logo\/image\/"},"sameAs":["https:\/\/www.facebook.com\/damaketliekmek\/?locale=de_DE","https:\/\/www.instagram.com\/damak.restaurant\/?hl=de"]}]}},"_links":{"self":[{"href":"https:\/\/www.damak.at\/tr\/wp-json\/wp\/v2\/pages\/3666","targetHints":{"allow":["GET"]}}],"collection":[{"href":"https:\/\/www.damak.at\/tr\/wp-json\/wp\/v2\/pages"}],"about":[{"href":"https:\/\/www.damak.at\/tr\/wp-json\/wp\/v2\/types\/page"}],"author":[{"embeddable":true,"href":"https:\/\/www.damak.at\/tr\/wp-json\/wp\/v2\/users\/2"}],"replies":[{"embeddable":true,"href":"https:\/\/www.damak.at\/tr\/wp-json\/wp\/v2\/comments?post=3666"}],"version-history":[{"count":7,"href":"https:\/\/www.damak.at\/tr\/wp-json\/wp\/v2\/pages\/3666\/revisions"}],"predecessor-version":[{"id":3812,"href":"https:\/\/www.damak.at\/tr\/wp-json\/wp\/v2\/pages\/3666\/revisions\/3812"}],"wp:featuredmedia":[{"embeddable":true,"href":"https:\/\/www.damak.at\/tr\/wp-json\/"}],"wp:attachment":[{"href":"https:\/\/www.damak.at\/tr\/wp-json\/wp\/v2\/media?parent=3666"}],"curies":[{"name":"wp","href":"https:\/\/api.w.org\/{rel}","templated":true}]}}