{"id":933,"date":"2018-10-03T14:30:27","date_gmt":"2018-10-03T12:30:27","guid":{"rendered":"https:\/\/www.damak.at\/startseite\/"},"modified":"2025-11-27T10:39:58","modified_gmt":"2025-11-27T09:39:58","slug":"startseite","status":"publish","type":"page","link":"https:\/\/www.damak.at\/tr\/","title":{"rendered":"Damak T\u00fcrk Restaurant Viyana | Konya Etli Ekmek, Kebap, Izgara"},"content":{"rendered":"<div class=\"wpb-content-wrapper\"><p>[vc_row full_width=&#8221;stretch_row&#8221; full_height=&#8221;yes&#8221; columns_placement=&#8221;bottom&#8221; el_class=&#8221;devamok&#8221; css=&#8221;.vc_custom_1758887738796{background-image: url(https:\/\/www.damak.at\/wp-content\/uploads\/2-1024&#215;683-2.jpg?id=1159) !important;background-position: center !important;background-repeat: no-repeat !important;background-size: cover !important;}&#8221;][vc_column el_class=&#8221;devamok&#8221;][vc_row_inner][vc_column_inner width=&#8221;5\/6&#8243;][vc_column_text]<\/p>\n<h1><span style=\"text-shadow: 3px 3px 5px #000000; color: #ffffff;\"><strong>Damak Restaurant-Cafe<\/strong><\/span><\/h1>\n<h3><span style=\"text-shadow: 2px 2px 5px #000000; color: #ffffff;\">T\u00fcrk mutfa\u011f\u0131n\u0131n \u00e7ekici bir b\u00fcy\u00fcs\u00fc var ve Viyana&#8217;da ke\u015ffedilmeyi bekliyor.<\/span><\/h3>\n<p>[\/vc_column_text][vc_raw_html]JTNDZGl2JTIwaWQlM0QlMjJUQV9yZXN0YXVyYW50V2lkZ2V0V2hpdGU3NTElMjIlMjBjbGFzcyUzRCUyMlRBX3Jlc3RhdXJhbnRXaWRnZXRXaGl0ZSUyMiUzRSUzQ3VsJTIwaWQlM0QlMjJRMkFsRmhrJTIyJTIwY2xhc3MlM0QlMjJUQV9saW5rcyUyMG05ODdac3hITCUyMiUzRSUzQ2xpJTIwaWQlM0QlMjJDczV3UWZwRjRjJTIyJTIwY2xhc3MlM0QlMjJudHROM3hSS0VPcWYlMjIlM0UlM0NhJTIwdGFyZ2V0JTNEJTIyX2JsYW5rJTIyJTIwaHJlZiUzRCUyMmh0dHBzJTNBJTJGJTJGd3d3LnRyaXBhZHZpc29yLmF0JTJGJTIyJTNFJTNDaW1nJTIwc3JjJTNEJTIyaHR0cHMlM0ElMkYlMkZ3d3cudHJpcGFkdmlzb3IuYXQlMkZpbWclMkZjZHNpJTJGaW1nMiUyRmJyYW5kaW5nJTJGdjIlMkZUcmlwYWR2aXNvcl9sb2NrdXBfaG9yaXpvbnRhbF9yZWdpc3RlcmVkLTI0MTc3LTIuc3ZnJTIyJTIwYWx0JTNEJTIyVHJpcGFkdmlzb3IlMjIlMkYlM0UlM0MlMkZhJTNFJTNDJTJGbGklM0UlM0MlMkZ1bCUzRSUzQyUyRmRpdiUzRSUzQ3NjcmlwdCUyMGFzeW5jJTIwc3JjJTNEJTIyaHR0cHMlM0ElMkYlMkZ3d3cuanNjYWNoZS5jb20lMkZ3ZWpzJTNGd3R5cGUlM0RyZXN0YXVyYW50V2lkZ2V0V2hpdGUlMjZhbXAlM0J1bmlxJTNENzUxJTI2YW1wJTNCbG9jYXRpb25JZCUzRDE1NjU2OTUwJTI2YW1wJTNCbGFuZyUzRGRlX0FUJTI2YW1wJTNCZGlzcGxheV92ZXJzaW9uJTNEMiUyMiUyMGRhdGEtbG9hZHRyayUyMG9ubG9hZCUzRCUyMnRoaXMubG9hZHRyayUzRHRydWUlMjIlM0UlM0MlMkZzY3JpcHQlM0U=[\/vc_raw_html][vc_raw_html]JTNDZGl2JTIwY2xhc3MlM0QlMjJkb3duQXJyb3clMjBib3VuY2UlMjIlM0UlMEElMjAlMjAlM0NpJTIwY2xhc3MlM0QlMjJpY29uLWRvd24tb3Blbi1iaWclMjIlM0UlM0MlMkZpJTNFJTBBJTNDJTJGZGl2JTNF[\/vc_raw_html][\/vc_column_inner][vc_column_inner width=&#8221;1\/6&#8243;][\/vc_column_inner][\/vc_row_inner][\/vc_column][\/vc_row][vc_row full_width=&#8221;stretch_row&#8221; css=&#8221;.vc_custom_1758887761436{background-image: url(https:\/\/www.damak.at\/wp-content\/uploads\/2018\/10\/damak-restaurant.jpg?id=934) !important;}&#8221;][vc_column width=&#8221;1\/2&#8243;][vc_column_text]<\/p>\n<h5>DAMAK Restaurant, Cafe, Grill Restaurant<\/h5>\n<h2>&gt;Tad\u0131\u00a0<strong>Dama\u011f\u0131n\u0131zda\u00a0<\/strong>Kalacak&#8230;<\/h2>\n<p><hr class=\"no_line\" style=\"margin: 0 auto 10px auto\"\/>\nGeleneksel T\u00fcrk mutfa\u011f\u0131n\u0131n benzersiz etli ekmek, pide ve kebaplar\u0131n\u0131, Avusturya halk\u0131n\u0131n damak lezzetine g\u00f6re yorumlayarak sunuyoruz. Viyana\u2019n\u0131n merkez noktas\u0131nda, misafirlerimizi keyifli vakit ge\u00e7irebilecekleri\u00a0 modern i\u00e7 tasar\u0131ma sahip ve geni\u015f\u00a0 mekan\u0131m\u0131zda a\u011f\u0131rl\u0131yoruz.<\/p>\n<p>Sadece kebap \u00e7e\u015fitlerimiz ile de\u011fil ayn\u0131 zamanda serpme kahvalt\u0131,\u00e7orba,\u0131zgarave tatl\u0131lar\u0131m\u0131z ile de damaklar\u0131n\u0131zda e\u015fsiz tatlar b\u0131rak\u0131yoruz. T\u00fcm lezzetlerimizde mevsimsel ve do\u011fal malzemeler kullan\u0131lmaktad\u0131r. Avusturya\u2019n\u0131n standart restoran ve lezzetlerinden s\u0131k\u0131l\u0131p farkl\u0131 tatlar ar\u0131yorsan\u0131z, bu keyifli deneyimi ya\u015famak i\u00e7in daha fazla vakit kaybetmeden Damak Restaurant\u2019a misafir olun.[\/vc_column_text][\/vc_column][vc_column width=&#8221;1\/2&#8243;][\/vc_column][\/vc_row][vc_row full_width=&#8221;stretch_row_content_no_spaces&#8221; content_placement=&#8221;middle&#8221; el_class=&#8221;clearfix uste-cikar&#8221;][vc_column width=&#8221;1\/2&#8243;][vc_single_image image=&#8221;204&#8243; img_size=&#8221;full&#8221; alignment=&#8221;right&#8221; style=&#8221;vc_box_border&#8221; border_color=&#8221;white&#8221;][\/vc_column][vc_column width=&#8221;1\/2&#8243;][vc_row_inner equal_height=&#8221;yes&#8221;][vc_column_inner width=&#8221;3\/4&#8243;][vc_column_text]<\/p>\n<h5>Izgara K\u00f6m\u00fcr\u00fcnde&#8230;<\/h5>\n<h2>DAMAK OCAKBA\u015eI<\/h2>\n<p>[\/vc_column_text][vc_column_text]Do\u011fu\u2019nun y\u00f6resel kebap \u00e7e\u015fitlerini lezzetlerini sizlere daima birinci s\u0131n\u0131f helal malzemeler kullanarak\u00a0y\u0131llar\u0131n tecr\u00fcbesi ve en iyi ustalarla, lezzet s\u0131n\u0131rlar\u0131n\u0131 zorluyoruz. Bunun yan\u0131nda Bat\u0131\u2019n\u0131n da ezgilerini ta\u015f\u0131yan lezzetleri de ayn\u0131 sofralarda birle\u015ftirerek be\u011feninize sunuyoruz.<\/p>\n<p><strong>Memnuniyetiniz, memnuniyetimizdir.<\/strong><\/p>\n<p>Restoran\u0131m\u0131zdaki yemeklerinizi, evinizin rahatl\u0131\u011f\u0131nda yemeniz ve \u00e7\u0131karken y\u00fcz\u00fcn\u00fcz\u00fcn g\u00fcl\u00fcmsemesi tek hedefimiz.[\/vc_column_text][\/vc_column_inner][\/vc_row_inner][\/vc_column][\/vc_row][vc_row][vc_column width=&#8221;1\/6&#8243; offset=&#8221;vc_hidden-md vc_hidden-sm vc_hidden-xs&#8221;][\/vc_column][vc_column width=&#8221;2\/3&#8243;][vc_column_text]<\/p>\n<h2 style=\"text-align: center;\">zengin men\u00fcm\u00fczden bir al\u0131nt\u0131\u2026<\/h2>\n<p>[\/vc_column_text][\/vc_column][\/vc_row][vc_row][vc_column width=&#8221;1\/4&#8243;][vc_single_image image=&#8221;3332&#8243; img_size=&#8221;full&#8221; alignment=&#8221;center&#8221;][vc_column_text]<\/p>\n<h3 style=\"text-align: center;\">Kahvalt\u0131<\/h3>\n<div class=\"image_frame image_item no_link scale-with-grid element_classes aligncenter no_border mfn-img-box\" style=\"margin-bottom:10px;\"><div class=\"image_wrapper \"><img loading=\"lazy\" decoding=\"async\" width=\"210\" height=\"6\" src=\"https:\/\/www.damak.at\/wp-content\/uploads\/2018\/09\/burger2-home-divider.png\" class=\"scale-with-grid\" alt=\"\" style=\"\" srcset=\"https:\/\/www.damak.at\/wp-content\/uploads\/2018\/09\/burger2-home-divider.png 210w, https:\/\/www.damak.at\/wp-content\/uploads\/2018\/09\/burger2-home-divider-50x1.png 50w, https:\/\/www.damak.at\/wp-content\/uploads\/2018\/09\/burger2-home-divider-150x4.png 150w\" sizes=\"auto, (max-width:767px) 210px, 210px\" \/><\/div><\/div>\n\n<p style=\"text-align: center;\"><b>G\u00fcne lezzetli bir T\u00fcrk kahvalt\u0131s\u0131yla ba\u015flamak \u015fart.<\/b><\/p>\n<p>[\/vc_column_text][\/vc_column][vc_column width=&#8221;1\/4&#8243;][vc_single_image image=&#8221;151&#8243; img_size=&#8221;full&#8221; alignment=&#8221;center&#8221;][vc_column_text]<\/p>\n<h3 style=\"text-align: center;\">Konya Etliekmek<\/h3>\n<div class=\"image_frame image_item no_link scale-with-grid element_classes aligncenter no_border mfn-img-box\" style=\"margin-bottom:10px;\"><div class=\"image_wrapper \"><img loading=\"lazy\" decoding=\"async\" width=\"210\" height=\"6\" src=\"https:\/\/www.damak.at\/wp-content\/uploads\/2018\/09\/burger2-home-divider.png\" class=\"scale-with-grid\" alt=\"\" style=\"\" srcset=\"https:\/\/www.damak.at\/wp-content\/uploads\/2018\/09\/burger2-home-divider.png 210w, https:\/\/www.damak.at\/wp-content\/uploads\/2018\/09\/burger2-home-divider-50x1.png 50w, https:\/\/www.damak.at\/wp-content\/uploads\/2018\/09\/burger2-home-divider-150x4.png 150w\" sizes=\"auto, (max-width:767px) 210px, 210px\" \/><\/div><\/div>\n\n<p style=\"text-align: center;\"><b>Konya lezzetler diyar\u0131nda dola\u015fmak i\u00e7in mutlaka misafirimiz olun..<\/b><\/p>\n<p>[\/vc_column_text][\/vc_column][vc_column width=&#8221;1\/4&#8243;][vc_single_image image=&#8221;152&#8243; img_size=&#8221;full&#8221; alignment=&#8221;center&#8221;][vc_column_text]<\/p>\n<h3 style=\"text-align: center;\">Ocakba\u015f\u0131<\/h3>\n<div class=\"image_frame image_item no_link scale-with-grid element_classes aligncenter no_border mfn-img-box\" style=\"margin-bottom:10px;\"><div class=\"image_wrapper \"><img loading=\"lazy\" decoding=\"async\" width=\"210\" height=\"6\" src=\"https:\/\/www.damak.at\/wp-content\/uploads\/2018\/09\/burger2-home-divider.png\" class=\"scale-with-grid\" alt=\"\" style=\"\" srcset=\"https:\/\/www.damak.at\/wp-content\/uploads\/2018\/09\/burger2-home-divider.png 210w, https:\/\/www.damak.at\/wp-content\/uploads\/2018\/09\/burger2-home-divider-50x1.png 50w, https:\/\/www.damak.at\/wp-content\/uploads\/2018\/09\/burger2-home-divider-150x4.png 150w\" sizes=\"auto, (max-width:767px) 210px, 210px\" \/><\/div><\/div>\n\n<p style=\"text-align: center;\"><b>Mangal K\u00f6m\u00fcr\u00fcnde Izgara \u00e7e\u015fitleri lezzetinin tarifsiz yan\u0131n\u0131 bizimle ya\u015fayacaks\u0131n\u0131z..<\/b><\/p>\n<p>[\/vc_column_text][\/vc_column][vc_column width=&#8221;1\/4&#8243;][vc_single_image image=&#8221;150&#8243; img_size=&#8221;full&#8221; alignment=&#8221;center&#8221;][vc_column_text]<\/p>\n<h3 style=\"text-align: center;\">Cafe Bistro<\/h3>\n<div class=\"image_frame image_item no_link scale-with-grid element_classes aligncenter no_border mfn-img-box\" style=\"margin-bottom:10px;\"><div class=\"image_wrapper \"><img loading=\"lazy\" decoding=\"async\" width=\"210\" height=\"6\" src=\"https:\/\/www.damak.at\/wp-content\/uploads\/2018\/09\/burger2-home-divider.png\" class=\"scale-with-grid\" alt=\"\" style=\"\" srcset=\"https:\/\/www.damak.at\/wp-content\/uploads\/2018\/09\/burger2-home-divider.png 210w, https:\/\/www.damak.at\/wp-content\/uploads\/2018\/09\/burger2-home-divider-50x1.png 50w, https:\/\/www.damak.at\/wp-content\/uploads\/2018\/09\/burger2-home-divider-150x4.png 150w\" sizes=\"auto, (max-width:767px) 210px, 210px\" \/><\/div><\/div>\n\n<p style=\"text-align: center;\"><b>Lezzet patlamas\u0131 garantili tatl\u0131,pasta, \u00e7ay ve kahve \u00e7e\u015fitlerimizin ba\u011f\u0131ml\u0131s\u0131 olabilirsiniz&#8230;<\/b><\/p>\n<p>[\/vc_column_text][\/vc_column][\/vc_row][vc_row full_width=&#8221;stretch_row_content_no_spaces&#8221; disable_element=&#8221;yes&#8221;][vc_column][vc_zigzag color=&#8221;mulled_wine&#8221; el_width=&#8221;70&#8243;][\/vc_column][\/vc_row][vc_row full_width=&#8221;stretch_row_content_no_spaces&#8221;][vc_column][vc_empty_space height=&#8221;15px&#8221;][\/vc_column][\/vc_row][vc_row css=&#8221;.vc_custom_1758887795432{background-image: url(https:\/\/www.damak.at\/wp-content\/uploads\/burger2-home-greenbg.png?id=3488) !important;}&#8221;][vc_column width=&#8221;2\/3&#8243;][vc_column_text css=&#8221;&#8221;]<\/p>\n<table>\n<tbody>\n<tr>\n<td style=\"border: 0;\"><span class=\"single_icon  icon_right\"><i style=\"font-size:55px;line-height:55px;color:#fff;\" class=\"icon-phone\"><\/i><\/span>\n<\/td>\n<td>\n<h3 class=\"ctasiparis\">Paket Servisi<\/h3>\n<h2 class=\"ctasiparis\"><b><span id=\"appCallback_ext-click-003520268083912226\">+43 1 236 0 222<\/span><\/b><\/h2>\n<p class=\"ctasiparis\">\n<\/td>\n<\/tr>\n<\/tbody>\n<\/table>\n<p>[\/vc_column_text][\/vc_column][vc_column width=&#8221;1\/3&#8243;][vc_column_text el_class=&#8221;mobildeyukari&#8221;]<a class=\"button  button_left button_full_width button_size_4\" href=\"https:\/\/damak2go.at\"     style=\"background-color:#fff!important;color:#000000;\"     title=\"\"><span class=\"button_icon\"><i class=\"icon-cart\"  style=\"color:#000000!important;\" aria-hidden=\"true\"><\/i><\/span><span class=\"button_label\">Online Sipari\u015f<\/span><\/a>\n[\/vc_column_text][\/vc_column][\/vc_row][vc_row content_placement=&#8221;middle&#8221;][vc_column][vc_message message_box_color=&#8221;white&#8221;]<img loading=\"lazy\" decoding=\"async\" class=\"alignleft wp-image-2458\" src=\"https:\/\/www.damak.at\/wp-content\/uploads\/Kopecik1.png\" alt=\"\" width=\"51\" height=\"58\" srcset=\"https:\/\/www.damak.at\/wp-content\/uploads\/Kopecik1.png 100w, https:\/\/www.damak.at\/wp-content\/uploads\/Kopecik1-44x50.png 44w, https:\/\/www.damak.at\/wp-content\/uploads\/Kopecik1-66x75.png 66w\" sizes=\"auto, (max-width:767px) 51px, 51px\" \/><br \/>\n<span style=\"color: #000000;\">Minik dostlar\u0131m\u0131z\u0131 d\u0131\u015far\u0131da bekletmemiz gerekti\u011fini misafirlerimize hat\u0131rlatmak isteriz.<\/span>[\/vc_message][\/vc_column][\/vc_row][vc_row full_width=&#8221;stretch_row_content_no_spaces&#8221;][vc_column][vc_empty_space height=&#8221;15px&#8221;][vc_single_image image=&#8221;40&#8243; img_size=&#8221;full&#8221; alignment=&#8221;center&#8221;][\/vc_column][\/vc_row]<\/p>\n<\/div>","protected":false},"excerpt":{"rendered":"<p>[vc_row full_width=&#8221;stretch_row&#8221; full_height=&#8221;yes&#8221; columns_placement=&#8221;bottom&#8221; el_class=&#8221;devamok&#8221; css=&#8221;.vc_custom_1758887738796{background-image: url(https:\/\/www.damak.at\/wp-content\/uploads\/2-1024&#215;683-2.jpg?id=1159) !important;background-position: center !important;background-repeat: no-repeat !important;background-size: cover !important;}&#8221;][vc_column el_class=&#8221;devamok&#8221;][vc_row_inner][vc_column_inner width=&#8221;5\/6&#8243;][vc_column_text] Damak Restaurant-Cafe T\u00fcrk mutfa\u011f\u0131n\u0131n \u00e7ekici bir b\u00fcy\u00fcs\u00fc var ve Viyana&#8217;da<span class=\"excerpt-hellip\"> [\u2026]<\/span><\/p>\n","protected":false},"author":2,"featured_media":3382,"parent":0,"menu_order":0,"comment_status":"closed","ping_status":"closed","template":"","meta":{"inline_featured_image":false,"footnotes":""},"class_list":["post-933","page","type-page","status-publish","has-post-thumbnail","hentry"],"yoast_head":"<!-- This site is optimized with the Yoast SEO plugin v27.5 - https:\/\/yoast.com\/product\/yoast-seo-wordpress\/ -->\n<title>Damak T\u00fcrk Restaurant Viyana | Konya Etli Ekmek, Kebap, Izgara - Damak Restaurant Wien<\/title>\n<meta name=\"robots\" content=\"index, follow, max-snippet:-1, max-image-preview:large, max-video-preview:-1\" \/>\n<link rel=\"canonical\" href=\"https:\/\/www.damak.at\/tr\/\" \/>\n<meta property=\"og:locale\" content=\"tr_TR\" \/>\n<meta property=\"og:type\" content=\"article\" \/>\n<meta property=\"og:title\" content=\"Damak T\u00fcrk Restaurant Viyana | Konya Etli Ekmek, Kebap, Izgara - Damak Restaurant Wien\" \/>\n<meta property=\"og:description\" content=\"[vc_row full_width=&#8221;stretch_row&#8221; full_height=&#8221;yes&#8221; columns_placement=&#8221;bottom&#8221; el_class=&#8221;devamok&#8221; css=&#8221;.vc_custom_1758887738796{background-image: url(https:\/\/www.damak.at\/wp-content\/uploads\/2-1024&#215;683-2.jpg?id=1159) !important;background-position: center !important;background-repeat: no-repeat !important;background-size: cover !important;}&#8221;][vc_column el_class=&#8221;devamok&#8221;][vc_row_inner][vc_column_inner width=&#8221;5\/6&#8243;][vc_column_text] Damak Restaurant-Cafe T\u00fcrk mutfa\u011f\u0131n\u0131n \u00e7ekici bir b\u00fcy\u00fcs\u00fc var ve Viyana&#8217;da [\u2026]\" \/>\n<meta property=\"og:url\" content=\"https:\/\/www.damak.at\/tr\/\" \/>\n<meta property=\"og:site_name\" content=\"Damak Restaurant Wien\" \/>\n<meta property=\"article:publisher\" content=\"https:\/\/www.facebook.com\/damaketliekmek\/?locale=de_DE\" \/>\n<meta property=\"article:modified_time\" content=\"2025-11-27T09:39:58+00:00\" \/>\n<meta property=\"og:image\" content=\"https:\/\/www.damak.at\/wp-content\/uploads\/2018\/10\/cropped-Damak_logo.png\" \/>\n\t<meta property=\"og:image:width\" content=\"512\" \/>\n\t<meta property=\"og:image:height\" content=\"512\" \/>\n\t<meta property=\"og:image:type\" content=\"image\/png\" \/>\n<meta name=\"twitter:card\" content=\"summary_large_image\" \/>\n<meta name=\"twitter:label1\" content=\"Tahmini okuma s\u00fcresi\" \/>\n\t<meta name=\"twitter:data1\" content=\"4 dakika\" \/>\n<script type=\"application\/ld+json\" class=\"yoast-schema-graph\">{\"@context\":\"https:\\\/\\\/schema.org\",\"@graph\":[{\"@type\":\"WebPage\",\"@id\":\"https:\\\/\\\/www.damak.at\\\/tr\\\/\",\"url\":\"https:\\\/\\\/www.damak.at\\\/tr\\\/\",\"name\":\"Damak T\u00fcrk Restaurant Viyana | Konya Etli Ekmek, Kebap, Izgara - Damak Restaurant Wien\",\"isPartOf\":{\"@id\":\"https:\\\/\\\/www.damak.at\\\/en\\\/#website\"},\"primaryImageOfPage\":{\"@id\":\"https:\\\/\\\/www.damak.at\\\/tr\\\/#primaryimage\"},\"image\":{\"@id\":\"https:\\\/\\\/www.damak.at\\\/tr\\\/#primaryimage\"},\"thumbnailUrl\":\"https:\\\/\\\/www.damak.at\\\/wp-content\\\/uploads\\\/2018\\\/10\\\/cropped-Damak_logo.png\",\"datePublished\":\"2018-10-03T12:30:27+00:00\",\"dateModified\":\"2025-11-27T09:39:58+00:00\",\"breadcrumb\":{\"@id\":\"https:\\\/\\\/www.damak.at\\\/tr\\\/#breadcrumb\"},\"inLanguage\":\"tr\",\"potentialAction\":[{\"@type\":\"ReadAction\",\"target\":[\"https:\\\/\\\/www.damak.at\\\/tr\\\/\"]}]},{\"@type\":\"ImageObject\",\"inLanguage\":\"tr\",\"@id\":\"https:\\\/\\\/www.damak.at\\\/tr\\\/#primaryimage\",\"url\":\"https:\\\/\\\/www.damak.at\\\/wp-content\\\/uploads\\\/2018\\\/10\\\/cropped-Damak_logo.png\",\"contentUrl\":\"https:\\\/\\\/www.damak.at\\\/wp-content\\\/uploads\\\/2018\\\/10\\\/cropped-Damak_logo.png\",\"width\":512,\"height\":512,\"caption\":\"T\u00fcrkisches Restaurant Wien | Konya Etli Ekmek, Cafe, Grill Restaurant\"},{\"@type\":\"BreadcrumbList\",\"@id\":\"https:\\\/\\\/www.damak.at\\\/tr\\\/#breadcrumb\",\"itemListElement\":[{\"@type\":\"ListItem\",\"position\":1,\"name\":\"Startseite\",\"item\":\"https:\\\/\\\/www.damak.at\\\/tr\\\/\"},{\"@type\":\"ListItem\",\"position\":2,\"name\":\"Damak T\u00fcrk Restaurant Viyana | Konya Etli Ekmek, Kebap, Izgara\"}]},{\"@type\":\"WebSite\",\"@id\":\"https:\\\/\\\/www.damak.at\\\/en\\\/#website\",\"url\":\"https:\\\/\\\/www.damak.at\\\/en\\\/\",\"name\":\"Damak Restaurant Wien\",\"description\":\"Konya Etliekmek\",\"publisher\":{\"@id\":\"https:\\\/\\\/www.damak.at\\\/en\\\/#organization\"},\"potentialAction\":[{\"@type\":\"SearchAction\",\"target\":{\"@type\":\"EntryPoint\",\"urlTemplate\":\"https:\\\/\\\/www.damak.at\\\/en\\\/?s={search_term_string}\"},\"query-input\":{\"@type\":\"PropertyValueSpecification\",\"valueRequired\":true,\"valueName\":\"search_term_string\"}}],\"inLanguage\":\"tr\"},{\"@type\":\"Organization\",\"@id\":\"https:\\\/\\\/www.damak.at\\\/en\\\/#organization\",\"name\":\"Damak Restaurant Wien\",\"url\":\"https:\\\/\\\/www.damak.at\\\/en\\\/\",\"logo\":{\"@type\":\"ImageObject\",\"inLanguage\":\"tr\",\"@id\":\"https:\\\/\\\/www.damak.at\\\/en\\\/#\\\/schema\\\/logo\\\/image\\\/\",\"url\":\"https:\\\/\\\/www.damak.at\\\/wp-content\\\/uploads\\\/favicon.png\",\"contentUrl\":\"https:\\\/\\\/www.damak.at\\\/wp-content\\\/uploads\\\/favicon.png\",\"width\":32,\"height\":32,\"caption\":\"Damak Restaurant Wien\"},\"image\":{\"@id\":\"https:\\\/\\\/www.damak.at\\\/en\\\/#\\\/schema\\\/logo\\\/image\\\/\"},\"sameAs\":[\"https:\\\/\\\/www.facebook.com\\\/damaketliekmek\\\/?locale=de_DE\",\"https:\\\/\\\/www.instagram.com\\\/damak.restaurant\\\/?hl=de\"]}]}<\/script>\n<!-- \/ Yoast SEO plugin. -->","yoast_head_json":{"title":"Damak T\u00fcrk Restaurant Viyana | Konya Etli Ekmek, Kebap, Izgara - Damak Restaurant Wien","robots":{"index":"index","follow":"follow","max-snippet":"max-snippet:-1","max-image-preview":"max-image-preview:large","max-video-preview":"max-video-preview:-1"},"canonical":"https:\/\/www.damak.at\/tr\/","og_locale":"tr_TR","og_type":"article","og_title":"Damak T\u00fcrk Restaurant Viyana | Konya Etli Ekmek, Kebap, Izgara - Damak Restaurant Wien","og_description":"[vc_row full_width=&#8221;stretch_row&#8221; full_height=&#8221;yes&#8221; columns_placement=&#8221;bottom&#8221; el_class=&#8221;devamok&#8221; css=&#8221;.vc_custom_1758887738796{background-image: url(https:\/\/www.damak.at\/wp-content\/uploads\/2-1024&#215;683-2.jpg?id=1159) !important;background-position: center !important;background-repeat: no-repeat !important;background-size: cover !important;}&#8221;][vc_column el_class=&#8221;devamok&#8221;][vc_row_inner][vc_column_inner width=&#8221;5\/6&#8243;][vc_column_text] Damak Restaurant-Cafe T\u00fcrk mutfa\u011f\u0131n\u0131n \u00e7ekici bir b\u00fcy\u00fcs\u00fc var ve Viyana&#8217;da [\u2026]","og_url":"https:\/\/www.damak.at\/tr\/","og_site_name":"Damak Restaurant Wien","article_publisher":"https:\/\/www.facebook.com\/damaketliekmek\/?locale=de_DE","article_modified_time":"2025-11-27T09:39:58+00:00","og_image":[{"width":512,"height":512,"url":"https:\/\/www.damak.at\/wp-content\/uploads\/2018\/10\/cropped-Damak_logo.png","type":"image\/png"}],"twitter_card":"summary_large_image","twitter_misc":{"Tahmini okuma s\u00fcresi":"4 dakika"},"schema":{"@context":"https:\/\/schema.org","@graph":[{"@type":"WebPage","@id":"https:\/\/www.damak.at\/tr\/","url":"https:\/\/www.damak.at\/tr\/","name":"Damak T\u00fcrk Restaurant Viyana | Konya Etli Ekmek, Kebap, Izgara - Damak Restaurant Wien","isPartOf":{"@id":"https:\/\/www.damak.at\/en\/#website"},"primaryImageOfPage":{"@id":"https:\/\/www.damak.at\/tr\/#primaryimage"},"image":{"@id":"https:\/\/www.damak.at\/tr\/#primaryimage"},"thumbnailUrl":"https:\/\/www.damak.at\/wp-content\/uploads\/2018\/10\/cropped-Damak_logo.png","datePublished":"2018-10-03T12:30:27+00:00","dateModified":"2025-11-27T09:39:58+00:00","breadcrumb":{"@id":"https:\/\/www.damak.at\/tr\/#breadcrumb"},"inLanguage":"tr","potentialAction":[{"@type":"ReadAction","target":["https:\/\/www.damak.at\/tr\/"]}]},{"@type":"ImageObject","inLanguage":"tr","@id":"https:\/\/www.damak.at\/tr\/#primaryimage","url":"https:\/\/www.damak.at\/wp-content\/uploads\/2018\/10\/cropped-Damak_logo.png","contentUrl":"https:\/\/www.damak.at\/wp-content\/uploads\/2018\/10\/cropped-Damak_logo.png","width":512,"height":512,"caption":"T\u00fcrkisches Restaurant Wien | Konya Etli Ekmek, Cafe, Grill Restaurant"},{"@type":"BreadcrumbList","@id":"https:\/\/www.damak.at\/tr\/#breadcrumb","itemListElement":[{"@type":"ListItem","position":1,"name":"Startseite","item":"https:\/\/www.damak.at\/tr\/"},{"@type":"ListItem","position":2,"name":"Damak T\u00fcrk Restaurant Viyana | Konya Etli Ekmek, Kebap, Izgara"}]},{"@type":"WebSite","@id":"https:\/\/www.damak.at\/en\/#website","url":"https:\/\/www.damak.at\/en\/","name":"Damak Restaurant Wien","description":"Konya Etliekmek","publisher":{"@id":"https:\/\/www.damak.at\/en\/#organization"},"potentialAction":[{"@type":"SearchAction","target":{"@type":"EntryPoint","urlTemplate":"https:\/\/www.damak.at\/en\/?s={search_term_string}"},"query-input":{"@type":"PropertyValueSpecification","valueRequired":true,"valueName":"search_term_string"}}],"inLanguage":"tr"},{"@type":"Organization","@id":"https:\/\/www.damak.at\/en\/#organization","name":"Damak Restaurant Wien","url":"https:\/\/www.damak.at\/en\/","logo":{"@type":"ImageObject","inLanguage":"tr","@id":"https:\/\/www.damak.at\/en\/#\/schema\/logo\/image\/","url":"https:\/\/www.damak.at\/wp-content\/uploads\/favicon.png","contentUrl":"https:\/\/www.damak.at\/wp-content\/uploads\/favicon.png","width":32,"height":32,"caption":"Damak Restaurant Wien"},"image":{"@id":"https:\/\/www.damak.at\/en\/#\/schema\/logo\/image\/"},"sameAs":["https:\/\/www.facebook.com\/damaketliekmek\/?locale=de_DE","https:\/\/www.instagram.com\/damak.restaurant\/?hl=de"]}]}},"_links":{"self":[{"href":"https:\/\/www.damak.at\/tr\/wp-json\/wp\/v2\/pages\/933","targetHints":{"allow":["GET"]}}],"collection":[{"href":"https:\/\/www.damak.at\/tr\/wp-json\/wp\/v2\/pages"}],"about":[{"href":"https:\/\/www.damak.at\/tr\/wp-json\/wp\/v2\/types\/page"}],"author":[{"embeddable":true,"href":"https:\/\/www.damak.at\/tr\/wp-json\/wp\/v2\/users\/2"}],"replies":[{"embeddable":true,"href":"https:\/\/www.damak.at\/tr\/wp-json\/wp\/v2\/comments?post=933"}],"version-history":[{"count":80,"href":"https:\/\/www.damak.at\/tr\/wp-json\/wp\/v2\/pages\/933\/revisions"}],"predecessor-version":[{"id":3625,"href":"https:\/\/www.damak.at\/tr\/wp-json\/wp\/v2\/pages\/933\/revisions\/3625"}],"wp:featuredmedia":[{"embeddable":true,"href":"https:\/\/www.damak.at\/tr\/wp-json\/wp\/v2\/media\/3382"}],"wp:attachment":[{"href":"https:\/\/www.damak.at\/tr\/wp-json\/wp\/v2\/media?parent=933"}],"curies":[{"name":"wp","href":"https:\/\/api.w.org\/{rel}","templated":true}]}}