{"id":953,"date":"2018-09-19T12:17:38","date_gmt":"2018-09-19T10:17:38","guid":{"rendered":"https:\/\/www.damak.at\/kontakt\/"},"modified":"2025-11-27T12:28:29","modified_gmt":"2025-11-27T11:28:29","slug":"iletisim","status":"publish","type":"page","link":"https:\/\/www.damak.at\/tr\/iletisim\/","title":{"rendered":"\u0130leti\u015fim"},"content":{"rendered":"<div class=\"wpb-content-wrapper\"><p>[vc_row full_width=&#8221;stretch_row&#8221; full_height=&#8221;yes&#8221; columns_placement=&#8221;bottom&#8221; css=&#8221;.vc_custom_1764242907610{background-image: url(https:\/\/www.damak.at\/wp-content\/uploads\/burger2-contact-main-bg.jpg?id=3640) !important;}&#8221;][vc_column][vc_row_inner][vc_column_inner][vc_column_text]<\/p>\n<h1 style=\"color: #ddcfbc; text-align: center;\">Etliekmek?<br \/>\nAdana veya \u015ei\u015f Kebap?<br \/>\nya da Muhte\u015fem Serpme Kahvalt\u0131?<\/h1>\n<p><hr class=\"no_line\" style=\"margin: 0 auto 50px auto\"\/>\n[\/vc_column_text][\/vc_column_inner][\/vc_row_inner][vc_row_inner][vc_column_inner width=&#8221;1\/5&#8243;][\/vc_column_inner][vc_column_inner width=&#8221;1\/5&#8243;][vc_column_text]<div class=\"mfn_heading heading_lines align_left\"><h5 class=\"title\" style=\"color:#ffff90;\"><span class=\"line line_l\" style=\"background:#fff;\"><\/span><i class=\"icon-location-line\" style=\"\" aria-hidden=\"true\"><\/i>\u0130leti\u015fim<span class=\"line line_r\" style=\"background:#fff;\"><\/span><\/h5><\/div>\n<p class=\"kontakttext mobildesolayasla\">Leibnizgasse 15,<br \/>\n1100 Viyana<br \/>\n<span id=\"appCallback_ext-click-0857737507832288\">+43 1 236 0 222<\/span><br \/>\noffice@damak.at<\/p>\n<p>[\/vc_column_text][\/vc_column_inner][vc_column_inner width=&#8221;1\/5&#8243;][vc_column_text css=&#8221;&#8221; el_class=&#8221;mobildesolayasla&#8221;]<div class=\"mfn_heading heading_lines align_left\"><h5 class=\"title\" style=\"color:#ffff90;\"><span class=\"line line_l\" style=\"background:#fff;\"><\/span><i class=\"icon-clock\" style=\"\" aria-hidden=\"true\"><\/i>\u00c7al\u0131\u015fma Saati<span class=\"line line_r\" style=\"background:#fff;\"><\/span><\/h5><\/div>\n<p style=\"text-align: center;\"><span style=\"color: #ffffff;\"><label>Pazar\u2013Per\u015fembe<\/label>09<sup>00<\/sup>\u201322<sup>30<\/sup><label>Mutfak 22<sup>00<\/sup>&#8216;de kapan\u0131r<\/label><\/span><\/p>\n<p style=\"text-align: center;\"><span style=\"color: #ffffff;\"><label>Cuma\u2013Cumartesi<\/label>09<sup>00<\/sup>\u201323<sup>30<\/sup><label>Mutfak 23<sup>00<\/sup>&#8216;de kapan\u0131r<\/label><\/span><\/p>\n<p class=\"kontakttext\" style=\"text-align: center; color: #fff; font-size: large;\"><sup>0<\/sup><\/p>\n<p>[\/vc_column_text][\/vc_column_inner][vc_column_inner width=&#8221;1\/5&#8243; offset=&#8221;vc_hidden-md vc_hidden-sm vc_hidden-xs&#8221;][vc_column_text el_class=&#8221;mobildesolayasla&#8221;]<div class=\"mfn_heading heading_lines align_right\"><h5 class=\"title\" style=\"color:#ffff90;\"><span class=\"line line_l\" style=\"background:#fff;\"><\/span>Hakk\u0131m\u0131zda<i class=\"icon-help\" style=\"\" aria-hidden=\"true\"><\/i><span class=\"line line_r\" style=\"background:#fff;\"><\/span><\/h5><\/div>\n<p class=\"kontakttext3 mobildesolayasla\">FN 490828 g<br \/>\nATU 73395015<br \/>\n<a class=\"LinkRengi\" href=\"..\/impressum\/\">K\u00fcnye<\/a><br \/>\n<a class=\"LinkRengi\" href=\"https:\/\/www.damak.at\/tr\/gizlilik_politikasi\/\">Gizlilik Politikas\u0131<\/a><\/p>\n<p>[\/vc_column_text][\/vc_column_inner][vc_column_inner width=&#8221;1\/5&#8243; offset=&#8221;vc_hidden-lg&#8221;][vc_column_text el_class=&#8221;mobildesolayasla&#8221;]<div class=\"mfn_heading heading_lines align_left\"><h5 class=\"title\" style=\"color:#ffff90;\"><span class=\"line line_l\" style=\"background:#fff;\"><\/span><i class=\"icon-help\" style=\"\" aria-hidden=\"true\"><\/i>Hakk\u0131m\u0131zda<span class=\"line line_r\" style=\"background:#fff;\"><\/span><\/h5><\/div>\n<p class=\"kontakttext\">FN 490828 g<br \/>\nATU 73395015<br \/>\n<a class=\"LinkRengi\" href=\"https:\/\/www.damak.at\/tr\/kunye\/\">K\u00fcnye<\/a><br \/>\n<a class=\"LinkRengi\" href=\"..\/datenschutz\/\">Gizlilik Politikas\u0131<\/a><\/p>\n<p>[\/vc_column_text][\/vc_column_inner][\/vc_row_inner][\/vc_column][\/vc_row][vc_row full_width=&#8221;stretch_row_content_no_spaces&#8221; disable_element=&#8221;yes&#8221;][vc_column][vc_single_image image=&#8221;376&#8243; img_size=&#8221;full&#8221;][\/vc_column][\/vc_row][vc_row full_width=&#8221;stretch_row&#8221; content_placement=&#8221;top&#8221; disable_element=&#8221;yes&#8221;][vc_column width=&#8221;2\/3&#8243;][vc_column_text]<\/p>\n<h2>Masan\u0131 Ay\u0131r<\/h2>\n<p>Avusturya\u2019n\u0131n en nezih b\u00f6lgelerinden birisinde bulunan Damak Restaurant, yemek yerken ayn\u0131 zamanda keyifli bir zaman ge\u00e7irmenizi sa\u011fl\u0131yor. Zengin men\u00fcs\u00fcnden tercih yaparken bir hayli zorlanaca\u011f\u0131n\u0131z\u0131 s\u00f6yleyelim.<\/p>\n<p>Aileniz ile birlikte kahvalt\u0131 ve ak\u015fam yeme\u011fi.<\/p>\n<p>\u00d6zel organizasyonlar i\u00e7in \u00e7\u00f6z\u00fcmler.<\/p>\n<p>Geni\u015f mekan\u0131m\u0131zda d\u00fczenleyebilece\u011finiz i\u015f yemekleri.<\/p>\n<p>Farkl\u0131 talep ve istekleriniz i\u00e7in \u015fimdi bizi aray\u0131n.[\/vc_column_text][\/vc_column][vc_column width=&#8221;1\/3&#8243;][\/vc_column][\/vc_row][vc_row disable_element=&#8221;yes&#8221;][vc_column][vc_empty_space height=&#8221;25px&#8221;][\/vc_column][\/vc_row][vc_row disable_element=&#8221;yes&#8221;][vc_column width=&#8221;2\/3&#8243;][vc_column_text]<\/p>\n<table>\n<tbody>\n<tr>\n<td style=\"border: 0;\"><span class=\"single_icon  icon_right\"><i style=\"font-size:55px;line-height:55px;color:#fff;\" class=\"icon-phone\"><\/i><\/span>\n<\/td>\n<td>\n<h3 class=\"ctasiparis\">Paket Servisi<\/h3>\n<h2 class=\"ctasiparis\"><b><span id=\"appCallback_ext-click-044858428166147934\">+43 1 236 0 222<\/span><\/b><\/h2>\n<p>Paket servis hizmetimizi kullanarak, Damak Restaurant lezzetlerinizi evinizde, i\u015f yerinizde veya diledi\u011fini her yerde ya\u015fayabilirsiniz. \u00d6zel ambalajlar ile sunulan bu hizmetimizde, \u00fcr\u00fcnlerin s\u0131cakl\u0131\u011f\u0131 ve kalitesi d\u00fc\u015fmez.<\/p>\n<p class=\"ctasiparis\">\n<\/td>\n<\/tr>\n<\/tbody>\n<\/table>\n<p>[\/vc_column_text][\/vc_column][vc_column width=&#8221;1\/3&#8243;][vc_column_text el_class=&#8221;mobildeyukari&#8221;]<a class=\"button  button_left button_full_width button_size_4\" href=\"http:\/\/..\/online-bestellung\/\"     style=\"background-color:#fff!important;color:#000000;\"     title=\"\"><span class=\"button_icon\"><i class=\"icon-cart\"  style=\"color:#000000!important;\" aria-hidden=\"true\"><\/i><\/span><span class=\"button_label\">Online Sipari\u015f<\/span><\/a>\n[\/vc_column_text][\/vc_column][\/vc_row][vc_row full_width=&#8221;stretch_row_content_no_spaces&#8221; disable_element=&#8221;yes&#8221;][vc_column][vc_single_image image=&#8221;40&#8243; img_size=&#8221;full&#8221;][\/vc_column][\/vc_row]<\/p>\n<\/div>","protected":false},"excerpt":{"rendered":"<p>[vc_row full_width=&#8221;stretch_row&#8221; full_height=&#8221;yes&#8221; columns_placement=&#8221;bottom&#8221; css=&#8221;.vc_custom_1764242907610{background-image: url(https:\/\/www.damak.at\/wp-content\/uploads\/burger2-contact-main-bg.jpg?id=3640) !important;}&#8221;][vc_column][vc_row_inner][vc_column_inner][vc_column_text] Etliekmek? Adana veya \u015ei\u015f Kebap? ya da Muhte\u015fem Serpme Kahvalt\u0131? [\/vc_column_text][\/vc_column_inner][\/vc_row_inner][vc_row_inner][vc_column_inner width=&#8221;1\/5&#8243;][\/vc_column_inner][vc_column_inner width=&#8221;1\/5&#8243;][vc_column_text] Leibnizgasse 15, 1100 Viyana +43 1<span class=\"excerpt-hellip\"> [\u2026]<\/span><\/p>\n","protected":false},"author":2,"featured_media":0,"parent":0,"menu_order":0,"comment_status":"closed","ping_status":"closed","template":"","meta":{"inline_featured_image":false,"footnotes":""},"class_list":["post-953","page","type-page","status-publish","hentry"],"yoast_head":"<!-- This site is optimized with the Yoast SEO plugin v27.3 - https:\/\/yoast.com\/product\/yoast-seo-wordpress\/ -->\n<title>\u0130leti\u015fim - Damak Restaurant Wien<\/title>\n<meta name=\"robots\" content=\"index, follow, max-snippet:-1, max-image-preview:large, max-video-preview:-1\" \/>\n<link rel=\"canonical\" href=\"https:\/\/www.damak.at\/tr\/iletisim\/\" \/>\n<meta property=\"og:locale\" content=\"tr_TR\" \/>\n<meta property=\"og:type\" content=\"article\" \/>\n<meta property=\"og:title\" content=\"\u0130leti\u015fim - Damak Restaurant Wien\" \/>\n<meta property=\"og:description\" content=\"[vc_row full_width=&#8221;stretch_row&#8221; full_height=&#8221;yes&#8221; columns_placement=&#8221;bottom&#8221; css=&#8221;.vc_custom_1764242907610{background-image: url(https:\/\/www.damak.at\/wp-content\/uploads\/burger2-contact-main-bg.jpg?id=3640) !important;}&#8221;][vc_column][vc_row_inner][vc_column_inner][vc_column_text] Etliekmek? Adana veya \u015ei\u015f Kebap? ya da Muhte\u015fem Serpme Kahvalt\u0131? [\/vc_column_text][\/vc_column_inner][\/vc_row_inner][vc_row_inner][vc_column_inner width=&#8221;1\/5&#8243;][\/vc_column_inner][vc_column_inner width=&#8221;1\/5&#8243;][vc_column_text] Leibnizgasse 15, 1100 Viyana +43 1 [\u2026]\" \/>\n<meta property=\"og:url\" content=\"https:\/\/www.damak.at\/tr\/iletisim\/\" \/>\n<meta property=\"og:site_name\" content=\"Damak Restaurant Wien\" \/>\n<meta property=\"article:publisher\" content=\"https:\/\/www.facebook.com\/damaketliekmek\/?locale=de_DE\" \/>\n<meta property=\"article:modified_time\" content=\"2025-11-27T11:28:29+00:00\" \/>\n<meta name=\"twitter:card\" content=\"summary_large_image\" \/>\n<meta name=\"twitter:label1\" content=\"Tahmini okuma s\u00fcresi\" \/>\n\t<meta name=\"twitter:data1\" content=\"2 dakika\" \/>\n<script type=\"application\/ld+json\" class=\"yoast-schema-graph\">{\"@context\":\"https:\\\/\\\/schema.org\",\"@graph\":[{\"@type\":\"WebPage\",\"@id\":\"https:\\\/\\\/www.damak.at\\\/tr\\\/iletisim\\\/\",\"url\":\"https:\\\/\\\/www.damak.at\\\/tr\\\/iletisim\\\/\",\"name\":\"\u0130leti\u015fim - Damak Restaurant Wien\",\"isPartOf\":{\"@id\":\"https:\\\/\\\/www.damak.at\\\/en\\\/#website\"},\"datePublished\":\"2018-09-19T10:17:38+00:00\",\"dateModified\":\"2025-11-27T11:28:29+00:00\",\"breadcrumb\":{\"@id\":\"https:\\\/\\\/www.damak.at\\\/tr\\\/iletisim\\\/#breadcrumb\"},\"inLanguage\":\"tr\",\"potentialAction\":[{\"@type\":\"ReadAction\",\"target\":[\"https:\\\/\\\/www.damak.at\\\/tr\\\/iletisim\\\/\"]}]},{\"@type\":\"BreadcrumbList\",\"@id\":\"https:\\\/\\\/www.damak.at\\\/tr\\\/iletisim\\\/#breadcrumb\",\"itemListElement\":[{\"@type\":\"ListItem\",\"position\":1,\"name\":\"Startseite\",\"item\":\"https:\\\/\\\/www.damak.at\\\/tr\\\/\"},{\"@type\":\"ListItem\",\"position\":2,\"name\":\"\u0130leti\u015fim\"}]},{\"@type\":\"WebSite\",\"@id\":\"https:\\\/\\\/www.damak.at\\\/en\\\/#website\",\"url\":\"https:\\\/\\\/www.damak.at\\\/en\\\/\",\"name\":\"Damak Restaurant Wien\",\"description\":\"Konya Etliekmek\",\"publisher\":{\"@id\":\"https:\\\/\\\/www.damak.at\\\/en\\\/#organization\"},\"potentialAction\":[{\"@type\":\"SearchAction\",\"target\":{\"@type\":\"EntryPoint\",\"urlTemplate\":\"https:\\\/\\\/www.damak.at\\\/en\\\/?s={search_term_string}\"},\"query-input\":{\"@type\":\"PropertyValueSpecification\",\"valueRequired\":true,\"valueName\":\"search_term_string\"}}],\"inLanguage\":\"tr\"},{\"@type\":\"Organization\",\"@id\":\"https:\\\/\\\/www.damak.at\\\/en\\\/#organization\",\"name\":\"Damak Restaurant Wien\",\"url\":\"https:\\\/\\\/www.damak.at\\\/en\\\/\",\"logo\":{\"@type\":\"ImageObject\",\"inLanguage\":\"tr\",\"@id\":\"https:\\\/\\\/www.damak.at\\\/en\\\/#\\\/schema\\\/logo\\\/image\\\/\",\"url\":\"https:\\\/\\\/www.damak.at\\\/wp-content\\\/uploads\\\/favicon.png\",\"contentUrl\":\"https:\\\/\\\/www.damak.at\\\/wp-content\\\/uploads\\\/favicon.png\",\"width\":32,\"height\":32,\"caption\":\"Damak Restaurant Wien\"},\"image\":{\"@id\":\"https:\\\/\\\/www.damak.at\\\/en\\\/#\\\/schema\\\/logo\\\/image\\\/\"},\"sameAs\":[\"https:\\\/\\\/www.facebook.com\\\/damaketliekmek\\\/?locale=de_DE\",\"https:\\\/\\\/www.instagram.com\\\/damak.restaurant\\\/?hl=de\"]}]}<\/script>\n<!-- \/ Yoast SEO plugin. -->","yoast_head_json":{"title":"\u0130leti\u015fim - Damak Restaurant Wien","robots":{"index":"index","follow":"follow","max-snippet":"max-snippet:-1","max-image-preview":"max-image-preview:large","max-video-preview":"max-video-preview:-1"},"canonical":"https:\/\/www.damak.at\/tr\/iletisim\/","og_locale":"tr_TR","og_type":"article","og_title":"\u0130leti\u015fim - Damak Restaurant Wien","og_description":"[vc_row full_width=&#8221;stretch_row&#8221; full_height=&#8221;yes&#8221; columns_placement=&#8221;bottom&#8221; css=&#8221;.vc_custom_1764242907610{background-image: url(https:\/\/www.damak.at\/wp-content\/uploads\/burger2-contact-main-bg.jpg?id=3640) !important;}&#8221;][vc_column][vc_row_inner][vc_column_inner][vc_column_text] Etliekmek? Adana veya \u015ei\u015f Kebap? ya da Muhte\u015fem Serpme Kahvalt\u0131? [\/vc_column_text][\/vc_column_inner][\/vc_row_inner][vc_row_inner][vc_column_inner width=&#8221;1\/5&#8243;][\/vc_column_inner][vc_column_inner width=&#8221;1\/5&#8243;][vc_column_text] Leibnizgasse 15, 1100 Viyana +43 1 [\u2026]","og_url":"https:\/\/www.damak.at\/tr\/iletisim\/","og_site_name":"Damak Restaurant Wien","article_publisher":"https:\/\/www.facebook.com\/damaketliekmek\/?locale=de_DE","article_modified_time":"2025-11-27T11:28:29+00:00","twitter_card":"summary_large_image","twitter_misc":{"Tahmini okuma s\u00fcresi":"2 dakika"},"schema":{"@context":"https:\/\/schema.org","@graph":[{"@type":"WebPage","@id":"https:\/\/www.damak.at\/tr\/iletisim\/","url":"https:\/\/www.damak.at\/tr\/iletisim\/","name":"\u0130leti\u015fim - Damak Restaurant Wien","isPartOf":{"@id":"https:\/\/www.damak.at\/en\/#website"},"datePublished":"2018-09-19T10:17:38+00:00","dateModified":"2025-11-27T11:28:29+00:00","breadcrumb":{"@id":"https:\/\/www.damak.at\/tr\/iletisim\/#breadcrumb"},"inLanguage":"tr","potentialAction":[{"@type":"ReadAction","target":["https:\/\/www.damak.at\/tr\/iletisim\/"]}]},{"@type":"BreadcrumbList","@id":"https:\/\/www.damak.at\/tr\/iletisim\/#breadcrumb","itemListElement":[{"@type":"ListItem","position":1,"name":"Startseite","item":"https:\/\/www.damak.at\/tr\/"},{"@type":"ListItem","position":2,"name":"\u0130leti\u015fim"}]},{"@type":"WebSite","@id":"https:\/\/www.damak.at\/en\/#website","url":"https:\/\/www.damak.at\/en\/","name":"Damak Restaurant Wien","description":"Konya Etliekmek","publisher":{"@id":"https:\/\/www.damak.at\/en\/#organization"},"potentialAction":[{"@type":"SearchAction","target":{"@type":"EntryPoint","urlTemplate":"https:\/\/www.damak.at\/en\/?s={search_term_string}"},"query-input":{"@type":"PropertyValueSpecification","valueRequired":true,"valueName":"search_term_string"}}],"inLanguage":"tr"},{"@type":"Organization","@id":"https:\/\/www.damak.at\/en\/#organization","name":"Damak Restaurant Wien","url":"https:\/\/www.damak.at\/en\/","logo":{"@type":"ImageObject","inLanguage":"tr","@id":"https:\/\/www.damak.at\/en\/#\/schema\/logo\/image\/","url":"https:\/\/www.damak.at\/wp-content\/uploads\/favicon.png","contentUrl":"https:\/\/www.damak.at\/wp-content\/uploads\/favicon.png","width":32,"height":32,"caption":"Damak Restaurant Wien"},"image":{"@id":"https:\/\/www.damak.at\/en\/#\/schema\/logo\/image\/"},"sameAs":["https:\/\/www.facebook.com\/damaketliekmek\/?locale=de_DE","https:\/\/www.instagram.com\/damak.restaurant\/?hl=de"]}]}},"_links":{"self":[{"href":"https:\/\/www.damak.at\/tr\/wp-json\/wp\/v2\/pages\/953","targetHints":{"allow":["GET"]}}],"collection":[{"href":"https:\/\/www.damak.at\/tr\/wp-json\/wp\/v2\/pages"}],"about":[{"href":"https:\/\/www.damak.at\/tr\/wp-json\/wp\/v2\/types\/page"}],"author":[{"embeddable":true,"href":"https:\/\/www.damak.at\/tr\/wp-json\/wp\/v2\/users\/2"}],"replies":[{"embeddable":true,"href":"https:\/\/www.damak.at\/tr\/wp-json\/wp\/v2\/comments?post=953"}],"version-history":[{"count":9,"href":"https:\/\/www.damak.at\/tr\/wp-json\/wp\/v2\/pages\/953\/revisions"}],"predecessor-version":[{"id":955,"href":"https:\/\/www.damak.at\/tr\/wp-json\/wp\/v2\/pages\/953\/revisions\/955"}],"wp:attachment":[{"href":"https:\/\/www.damak.at\/tr\/wp-json\/wp\/v2\/media?parent=953"}],"curies":[{"name":"wp","href":"https:\/\/api.w.org\/{rel}","templated":true}]}}