{"id":981,"date":"2018-12-21T14:39:33","date_gmt":"2018-12-21T13:39:33","guid":{"rendered":"https:\/\/www.damak.at\/uber-uns\/"},"modified":"2019-04-15T09:46:55","modified_gmt":"2019-04-15T07:46:55","slug":"hakkimizda","status":"publish","type":"page","link":"https:\/\/www.damak.at\/tr\/hakkimizda\/","title":{"rendered":"Hakk\u0131m\u0131zda"},"content":{"rendered":"<div class=\"wpb-content-wrapper\"><p>[vc_row full_width=&#8221;stretch_row&#8221; full_height=&#8221;yes&#8221; css=&#8221;.vc_custom_1545404777555{background-image: url(https:\/\/www.damak.at\/wp-content\/uploads\/UberUns-1.png?id=794) !important;background-position: center !important;background-repeat: no-repeat !important;background-size: cover !important;}&#8221;][vc_column][vc_row_inner][vc_column_inner][vc_column_text]<hr class=\"no_line\" style=\"margin: 0 auto 50px auto\"\/>\n<\/p>\n<h1 style=\"color: #ddcfbc; text-align: center;\">Damak Restaurant\u2019\u0131n lezzet d\u00fcnyas\u0131na ho\u015f geldiniz<\/h1>\n<p>[\/vc_column_text][vc_empty_space height=&#8221;50px&#8221;][vc_raw_html]JTNDZGl2JTIwY2xhc3MlM0QlMjJkb3duQXJyb3clMjBib3VuY2UlMjIlM0UlMEElMjAlMjAlM0NpJTIwY2xhc3MlM0QlMjJpY29uLWRvd24tb3Blbi1iaWclMjIlM0UlM0MlMkZpJTNFJTBBJTNDJTJGZGl2JTNF[\/vc_raw_html][\/vc_column_inner][\/vc_row_inner][\/vc_column][\/vc_row][vc_row full_width=&#8221;stretch_row&#8221; css=&#8221;.vc_custom_1545408857676{background-color: #0a0a0a !important;}&#8221;][vc_column][vc_column_text]<\/p>\n<h2 style=\"text-align: left; color: #f89b26;\"><span style=\"color: #ec9b2f;\">T\u00fcrk Mutfa\u011f\u0131n\u0131n, Avusturya\u2019daki Kap\u0131s\u0131<\/span><\/h2>\n<p>[\/vc_column_text][vc_row_inner][vc_column_inner width=&#8221;1\/2&#8243;][vc_single_image image=&#8221;802&#8243; img_size=&#8221;full&#8221; alignment=&#8221;center&#8221; style=&#8221;vc_box_outline&#8221; border_color=&#8221;orange&#8221; css=&#8221;.vc_custom_1545409047803{margin-top: 0px !important;margin-bottom: 0px !important;}&#8221;][\/vc_column_inner][vc_column_inner width=&#8221;1\/2&#8243;][vc_column_text css=&#8221;.vc_custom_1553697804640{margin-bottom: 0px !important;}&#8221;]<\/p>\n<p style=\"text-align: justify; line-height: 1.4em;\"><span style=\"color: #ffffff;\">Damak Restaurant, T\u00fcrk mutfa\u011f\u0131n\u0131n e\u015fsiz lezzetlerini sunmak i\u00e7in kap\u0131lar\u0131n\u0131 2013 y\u0131l\u0131nda ziyarete a\u00e7m\u0131\u015ft\u0131r. T\u00fcrkiye\u2019nin do\u011fu b\u00f6lgesindeki kebap k\u00fclt\u00fcr\u00fcn\u00fc Avrupa\u2019ya ta\u015f\u0131man\u0131n yan\u0131nda, Avusturya\u2019daki ilk etli ekmek \u00fcreticisi olman\u0131n da sorumlulu\u011funu ve mutlulu\u011funu ya\u015famaktad\u0131r. Geleneksel Kebap \u00e7e\u015fitlerini kendi yorumuyla harmanlayarak ve ziyaret eden her bir m\u00fc\u015fterisini mutlu etmeye \u00e7al\u0131\u015farak hizmetlerine devam etmektedir. G\u00fcler y\u00fcl\u00fc personeli, sa\u011fl\u0131\u011f\u0131n\u0131z i\u00e7in daima en iyi \u00fcreticilerden tedarik edilen malzemeler ile yap\u0131lan \u00fcr\u00fcnleri ve geni\u015f mekanlar\u0131 ile size g\u00fczel bir g\u00fcn ya\u015fatmak i\u00e7in \u00e7al\u0131\u015f\u0131r.<br \/>\nZengin men\u00fcs\u00fcn\u00fc, Avusturya\u2019daki T\u00fcrklere ve T\u00fcrk mutfa\u011f\u0131na merakl\u0131 olan m\u00fc\u015fterilerine en kaliteli ve taze \u015fekilde sunmay\u0131 ama\u00e7lar. \u0130\u015f ve aile yemekleri, \u00f6zel kutlamalar, do\u011fum g\u00fcn\u00fc yemekleri ve t\u00fcm toplant\u0131lar\u0131n\u0131z i\u00e7in uygun mekan\u0131 ile, m\u00fc\u015fterilerini a\u011f\u0131rlamaktan mutluluk duyar. Damak Restaurant, y\u0131l\u0131n her g\u00fcn\u00fc m\u00fc\u015fterilerine sundu\u011fu serpme kahvalt\u0131s\u0131, \u00e7orbalar\u0131, tatl\u0131lar\u0131, kebaplar\u0131 ve bol \u00e7e\u015fit mezeleri ile \u00e7ok geni\u015f bir alana hitap eder. Damak zevkinizi doruklara ula\u015ft\u0131rmak ve Avrupa\u2019n\u0131n g\u00f6be\u011finde T\u00fcrk lezzetlerini en iyi \u015fekilde tatman\u0131z i\u00e7in sizi Damak Restaurant\u2019a bekliyoruz.<br \/>\n<\/span><\/p>\n<p>[\/vc_column_text][\/vc_column_inner][\/vc_row_inner][vc_column_text css=&#8221;.vc_custom_1553693272018{margin-top: -20px !important;}&#8221;]<\/p>\n<p style=\"text-align: justify; color: #fff;\">Anadolu mutfa\u011f\u0131n\u0131n e\u015fsiz lezzetleri bizzat T\u00fcrk ustalar taraf\u0131ndan haz\u0131rlanmaktad\u0131r. Asl\u0131na uygun olarak haz\u0131rlanan lezzetler sayesinde, bir an i\u00e7in kendinizi T\u00fcrk topraklar\u0131nda zannedebilirsiniz. Men\u00fcde bulunan t\u00fcm yemekler ve yan \u00fcr\u00fcnler birinci s\u0131n\u0131f malzemeler ile haz\u0131rlanmaktad\u0131r. Tarif edilemeyen lezzetin s\u0131rr\u0131 iyi malzemeler, ustal\u0131k ve odun f\u0131r\u0131n\u0131nda sakl\u0131d\u0131r. Men\u00fcdeki t\u00fcm \u00fcr\u00fcnler \u0130slami usullere g\u00f6re uygun olarak \u00fcst\u00fcn hijyenik standartlar ve titizlikle haz\u0131rlanmaktad\u0131r.<\/p>\n<p>[\/vc_column_text][\/vc_column][\/vc_row][vc_row full_width=&#8221;stretch_row&#8221; css=&#8221;.vc_custom_1545414595380{background-color: #0a0a0a !important;}&#8221;][vc_column][vc_column_text]<\/p>\n<h2 style=\"color: #f89b26; text-align: left;\">E\u015fsiz Lezzet \u2013 \u201eEtli Ekmek\u201c<\/h2>\n<p>[\/vc_column_text][vc_row_inner][vc_column_inner width=&#8221;1\/2&#8243;][vc_column_text css=&#8221;.vc_custom_1553694268444{margin-bottom: 0px !important;}&#8221;]<\/p>\n<p style=\"line-height: 1.6em; text-align: justify;\"><span style=\"color: #ffffff;\">\u201eEtli Ekmek\u201c Konya iline \u00f6zg\u00fc olan etli ekmek, ana maddesi koyun eti olan hamur i\u015fi bir yemek t\u00fcr\u00fcd\u00fcr. Onu bu kadar \u00f6zel k\u0131lan ise hamurudur, ince ve uzun olarak yap\u0131lan hamurunun k\u0131vam\u0131 etli ekme\u011fin kalitesini belirler. Zira bu hamur ne yumu\u015fak ne de \u00e7\u0131t\u0131r olmal\u0131d\u0131r, etli ekmek ustalar\u0131 haz\u0131rlad\u0131klar\u0131 hamurlar\u0131 tam bu iki k\u0131vam\u0131n aras\u0131ndayken f\u0131r\u0131ndan al\u0131rlar. \u00a0<\/span><\/p>\n<p style=\"line-height: 1.6em; text-align: justify;\"><span style=\"color: #ffffff;\">Avusturya\u2019n\u0131n en se\u00e7kin helal kasaplar\u0131ndan ald\u0131\u011f\u0131m\u0131z etler, Etli Ekmek ustalar\u0131m\u0131z\u0131n ellerinde adeta bir sanat eserine d\u00f6n\u00fc\u015f\u00fcyor. Etli ekme\u011fin karakterini olu\u015fturan ince, uzun hamur ve et a\u011f\u0131rl\u0131kl\u0131 i\u00e7 harc\u0131, son olarak odun ate\u015fiyle \u0131s\u0131nan ta\u015f f\u0131r\u0131nda bulu\u015fuyor. Lezzetinin s\u0131rr\u0131n\u0131 ustalar\u0131m\u0131z\u0131n elinde saklayan Etli Ekme\u011fi bu kadar \u00f6zel k\u0131lan ise \u00e7ok uzun olmas\u0131na ra\u011fmen \u00e7\u0131t\u0131rl\u0131\u011f\u0131n\u0131 kaybetmiyor olmas\u0131d\u0131r. Lahmacun ve pideye benzetilse de, etli ekmek bu iki \u00fcr\u00fcnden \u00e7ok daha \u00fcst d\u00fczey bir lezzet sunmaktad\u0131r. Hamuru, i\u00e7 harc\u0131 ve yap\u0131l\u0131\u015f\u0131 tecr\u00fcbe gerektiren etli ekmek, ilk \u0131s\u0131r\u0131ktan itibaren ba\u011f\u0131ml\u0131s\u0131 olaca\u011f\u0131n\u0131z\u0131 garanti etti\u011fimiz bir lezzet.<\/span><\/p>\n<p>[\/vc_column_text][\/vc_column_inner][vc_column_inner width=&#8221;1\/2&#8243;][vc_single_image image=&#8221;843&#8243; img_size=&#8221;full&#8221; alignment=&#8221;center&#8221; style=&#8221;vc_box_outline&#8221; border_color=&#8221;orange&#8221; css=&#8221;.vc_custom_1545417009074{margin-top: 0px !important;margin-bottom: 0px !important;}&#8221;][\/vc_column_inner][\/vc_row_inner][vc_column_text css=&#8221;.vc_custom_1553694054429{margin-top: -20px !important;}&#8221;]<\/p>\n<p style=\"text-align: justify;\"><span style=\"color: #ffffff;\">\u201eE\u015fsiz lezzetlerimiz aras\u0131nda bulunan ve Konya (T\u00fcrkiye) k\u00fclt\u00fcr\u00fcn\u00fc oldu\u011fu gibi yans\u0131tan etli ekmek, 3 y\u0131ldan beri m\u00fc\u015fterilerimizin damaklar\u0131nda lezzet patlamalar\u0131 ya\u015fat\u0131yor. Benzeri olmayan bu lezzeti size Viyana sokaklar\u0131nda da sunabiliyor olmaktan dolay\u0131 \u00e7ok mutluyuz.<\/span><\/p>\n<p style=\"text-align: justify;\"><span style=\"color: #ffffff;\">Geni\u015f ve ferah mekanlar\u0131m\u0131zda, T\u00fcrkiye\u2019nin bu muhte\u015fem lezzetini size sunmak i\u00e7in biz haftan\u0131n her g\u00fcn\u00fc haz\u0131r\u0131z. Ailenizle veya arkada\u015flar\u0131n\u0131z keyifli vakit ge\u00e7irirken, lezzetler diyar\u0131nda dola\u015fmak i\u00e7in mutlaka misafirimiz olun.<\/span><\/p>\n<p>[\/vc_column_text][\/vc_column][\/vc_row][vc_row full_width=&#8221;stretch_row&#8221; css=&#8221;.vc_custom_1545416472110{margin-top: -30px !important;background-color: #0a0a0a !important;}&#8221; el_class=&#8221;uberuns-arka&#8221;][vc_column][vc_column_text]<\/p>\n<h2 style=\"text-align: left; color: #f89b26;\">Lahmacundan \u00c7ok Daha Fazlas\u0131<\/h2>\n<p>[\/vc_column_text][vc_row_inner][vc_column_inner width=&#8221;1\/2&#8243;][vc_single_image image=&#8221;834&#8243; img_size=&#8221;full&#8221; alignment=&#8221;center&#8221; style=&#8221;vc_box_outline&#8221; border_color=&#8221;orange&#8221; css=&#8221;.vc_custom_1545415483614{margin-top: 0px !important;margin-bottom: 0px !important;}&#8221;][\/vc_column_inner][vc_column_inner width=&#8221;1\/2&#8243;][vc_column_text css=&#8221;.vc_custom_1553694881067{margin-bottom: 0px !important;}&#8221;]<\/p>\n<p style=\"text-align: justify; line-height: 1.5em; color: #fff;\">Yap\u0131l\u0131\u015f \u015fekli sebebiyle etli ekmek en \u00e7ok Lahmacuna benzetilir fakat asl\u0131nda etli ekmek ile aralar\u0131nda lezzet a\u00e7\u0131s\u0131ndan u\u00e7urum bulunmaktad\u0131r. Lahmacun, \u00e7ok yo\u011fun so\u011fan harc\u0131 ile yap\u0131lan ve etin tad\u0131n\u0131n zor al\u0131nd\u0131\u011f\u0131 bir yemek t\u00fcr\u00fcd\u00fcr. Etli ekmek ise etin yo\u011fun olarak eklendi\u011fi ve koyun eti olmas\u0131 sebebiyle de lezzeti \u00e7ok daha \u00fcst\u00fcn olan bir \u00fcr\u00fcnd\u00fcr. Etli ekmek yap\u0131m\u0131 ger\u00e7ek bir ustal\u0131k gerektirirken, Lahmacun bug\u00fcn neredeyse her mahallede hatta evlerdeki f\u0131r\u0131nlarda dahi yap\u0131labilmektedir.<\/p>\n<p>[\/vc_column_text][\/vc_column_inner][\/vc_row_inner][vc_column_text css=&#8221;.vc_custom_1553694988932{margin-top: -20px !important;}&#8221;]<\/p>\n<p style=\"text-align: justify; color: #fff;\">\u201eGeleneksel T\u00fcrk mutfa\u011f\u0131n\u0131n benzersiz etli ekmek pide ve kebaplar\u0131n\u0131, Avusturya halk\u0131n\u0131n damak lezzetine g\u00f6re yorumlayarak sunuyoruz. Viyana\u2019n\u0131n merkez noktas\u0131nda, misafirlerimizi keyifli vakit ge\u00e7irebilecekleri mekan\u0131m\u0131zda a\u011f\u0131rl\u0131yoruz.<br \/>\nSadece kebap \u00e7e\u015fitlerimiz ile de\u011fil ayn\u0131 zamanda serpme kahvalt\u0131 ve \u00e7orbalar\u0131m\u0131z ile de damaklar\u0131n\u0131zda e\u015fsiz tatlar b\u0131rak\u0131yoruz. Avusturya\u2019n\u0131n standart restoran ve lezzetlerinden s\u0131k\u0131l\u0131p farkl\u0131 tatlar ar\u0131yorsan\u0131z, bu keyifli deneyimi ya\u015famak i\u00e7in daha fazla vakit kaybetmeden Damak Restaurant\u2019a misafir olun.<\/p>\n<p>[\/vc_column_text][vc_zigzag el_border_width=&#8221;10&#8243;][\/vc_column][\/vc_row]<\/p>\n<\/div>","protected":false},"excerpt":{"rendered":"<p>[vc_row full_width=&#8221;stretch_row&#8221; full_height=&#8221;yes&#8221; css=&#8221;.vc_custom_1545404777555{background-image: url(https:\/\/www.damak.at\/wp-content\/uploads\/UberUns-1.png?id=794) !important;background-position: center !important;background-repeat: no-repeat !important;background-size: cover !important;}&#8221;][vc_column][vc_row_inner][vc_column_inner][vc_column_text] Damak Restaurant\u2019\u0131n lezzet d\u00fcnyas\u0131na ho\u015f geldiniz [\/vc_column_text][vc_empty_space height=&#8221;50px&#8221;][vc_raw_html]JTNDZGl2JTIwY2xhc3MlM0QlMjJkb3duQXJyb3clMjBib3VuY2UlMjIlM0UlMEElMjAlMjAlM0NpJTIwY2xhc3MlM0QlMjJpY29uLWRvd24tb3Blbi1iaWclMjIlM0UlM0MlMkZpJTNFJTBBJTNDJTJGZGl2JTNF[\/vc_raw_html][\/vc_column_inner][\/vc_row_inner][\/vc_column][\/vc_row][vc_row full_width=&#8221;stretch_row&#8221; css=&#8221;.vc_custom_1545408857676{background-color: #0a0a0a !important;}&#8221;][vc_column][vc_column_text] T\u00fcrk Mutfa\u011f\u0131n\u0131n,<span class=\"excerpt-hellip\"> [\u2026]<\/span><\/p>\n","protected":false},"author":2,"featured_media":0,"parent":0,"menu_order":0,"comment_status":"closed","ping_status":"closed","template":"","meta":{"inline_featured_image":false,"footnotes":""},"class_list":["post-981","page","type-page","status-publish","hentry"],"yoast_head":"<!-- This site is optimized with the Yoast SEO plugin v27.5 - https:\/\/yoast.com\/product\/yoast-seo-wordpress\/ -->\n<title>Hakk\u0131m\u0131zda - Damak Restaurant Wien<\/title>\n<meta name=\"robots\" content=\"index, follow, max-snippet:-1, max-image-preview:large, max-video-preview:-1\" \/>\n<link rel=\"canonical\" href=\"https:\/\/www.damak.at\/tr\/hakkimizda\/\" \/>\n<meta property=\"og:locale\" content=\"tr_TR\" \/>\n<meta property=\"og:type\" content=\"article\" \/>\n<meta property=\"og:title\" content=\"Hakk\u0131m\u0131zda - Damak Restaurant Wien\" \/>\n<meta property=\"og:description\" content=\"[vc_row full_width=&#8221;stretch_row&#8221; full_height=&#8221;yes&#8221; css=&#8221;.vc_custom_1545404777555{background-image: url(https:\/\/www.damak.at\/wp-content\/uploads\/UberUns-1.png?id=794) !important;background-position: center !important;background-repeat: no-repeat !important;background-size: cover !important;}&#8221;][vc_column][vc_row_inner][vc_column_inner][vc_column_text] Damak Restaurant\u2019\u0131n lezzet d\u00fcnyas\u0131na ho\u015f geldiniz [\/vc_column_text][vc_empty_space height=&#8221;50px&#8221;][vc_raw_html]JTNDZGl2JTIwY2xhc3MlM0QlMjJkb3duQXJyb3clMjBib3VuY2UlMjIlM0UlMEElMjAlMjAlM0NpJTIwY2xhc3MlM0QlMjJpY29uLWRvd24tb3Blbi1iaWclMjIlM0UlM0MlMkZpJTNFJTBBJTNDJTJGZGl2JTNF[\/vc_raw_html][\/vc_column_inner][\/vc_row_inner][\/vc_column][\/vc_row][vc_row full_width=&#8221;stretch_row&#8221; css=&#8221;.vc_custom_1545408857676{background-color: #0a0a0a !important;}&#8221;][vc_column][vc_column_text] T\u00fcrk Mutfa\u011f\u0131n\u0131n, [\u2026]\" \/>\n<meta property=\"og:url\" content=\"https:\/\/www.damak.at\/tr\/hakkimizda\/\" \/>\n<meta property=\"og:site_name\" content=\"Damak Restaurant Wien\" \/>\n<meta property=\"article:publisher\" content=\"https:\/\/www.facebook.com\/damaketliekmek\/?locale=de_DE\" \/>\n<meta property=\"article:modified_time\" content=\"2019-04-15T07:46:55+00:00\" \/>\n<meta name=\"twitter:card\" content=\"summary_large_image\" \/>\n<meta name=\"twitter:label1\" content=\"Tahmini okuma s\u00fcresi\" \/>\n\t<meta name=\"twitter:data1\" content=\"6 dakika\" \/>\n<script type=\"application\/ld+json\" class=\"yoast-schema-graph\">{\"@context\":\"https:\\\/\\\/schema.org\",\"@graph\":[{\"@type\":\"WebPage\",\"@id\":\"https:\\\/\\\/www.damak.at\\\/tr\\\/hakkimizda\\\/\",\"url\":\"https:\\\/\\\/www.damak.at\\\/tr\\\/hakkimizda\\\/\",\"name\":\"Hakk\u0131m\u0131zda - Damak Restaurant Wien\",\"isPartOf\":{\"@id\":\"https:\\\/\\\/www.damak.at\\\/en\\\/#website\"},\"datePublished\":\"2018-12-21T13:39:33+00:00\",\"dateModified\":\"2019-04-15T07:46:55+00:00\",\"breadcrumb\":{\"@id\":\"https:\\\/\\\/www.damak.at\\\/tr\\\/hakkimizda\\\/#breadcrumb\"},\"inLanguage\":\"tr\",\"potentialAction\":[{\"@type\":\"ReadAction\",\"target\":[\"https:\\\/\\\/www.damak.at\\\/tr\\\/hakkimizda\\\/\"]}]},{\"@type\":\"BreadcrumbList\",\"@id\":\"https:\\\/\\\/www.damak.at\\\/tr\\\/hakkimizda\\\/#breadcrumb\",\"itemListElement\":[{\"@type\":\"ListItem\",\"position\":1,\"name\":\"Startseite\",\"item\":\"https:\\\/\\\/www.damak.at\\\/tr\\\/\"},{\"@type\":\"ListItem\",\"position\":2,\"name\":\"Hakk\u0131m\u0131zda\"}]},{\"@type\":\"WebSite\",\"@id\":\"https:\\\/\\\/www.damak.at\\\/en\\\/#website\",\"url\":\"https:\\\/\\\/www.damak.at\\\/en\\\/\",\"name\":\"Damak Restaurant Wien\",\"description\":\"Konya Etliekmek\",\"publisher\":{\"@id\":\"https:\\\/\\\/www.damak.at\\\/en\\\/#organization\"},\"potentialAction\":[{\"@type\":\"SearchAction\",\"target\":{\"@type\":\"EntryPoint\",\"urlTemplate\":\"https:\\\/\\\/www.damak.at\\\/en\\\/?s={search_term_string}\"},\"query-input\":{\"@type\":\"PropertyValueSpecification\",\"valueRequired\":true,\"valueName\":\"search_term_string\"}}],\"inLanguage\":\"tr\"},{\"@type\":\"Organization\",\"@id\":\"https:\\\/\\\/www.damak.at\\\/en\\\/#organization\",\"name\":\"Damak Restaurant Wien\",\"url\":\"https:\\\/\\\/www.damak.at\\\/en\\\/\",\"logo\":{\"@type\":\"ImageObject\",\"inLanguage\":\"tr\",\"@id\":\"https:\\\/\\\/www.damak.at\\\/en\\\/#\\\/schema\\\/logo\\\/image\\\/\",\"url\":\"https:\\\/\\\/www.damak.at\\\/wp-content\\\/uploads\\\/favicon.png\",\"contentUrl\":\"https:\\\/\\\/www.damak.at\\\/wp-content\\\/uploads\\\/favicon.png\",\"width\":32,\"height\":32,\"caption\":\"Damak Restaurant Wien\"},\"image\":{\"@id\":\"https:\\\/\\\/www.damak.at\\\/en\\\/#\\\/schema\\\/logo\\\/image\\\/\"},\"sameAs\":[\"https:\\\/\\\/www.facebook.com\\\/damaketliekmek\\\/?locale=de_DE\",\"https:\\\/\\\/www.instagram.com\\\/damak.restaurant\\\/?hl=de\"]}]}<\/script>\n<!-- \/ Yoast SEO plugin. -->","yoast_head_json":{"title":"Hakk\u0131m\u0131zda - Damak Restaurant Wien","robots":{"index":"index","follow":"follow","max-snippet":"max-snippet:-1","max-image-preview":"max-image-preview:large","max-video-preview":"max-video-preview:-1"},"canonical":"https:\/\/www.damak.at\/tr\/hakkimizda\/","og_locale":"tr_TR","og_type":"article","og_title":"Hakk\u0131m\u0131zda - Damak Restaurant Wien","og_description":"[vc_row full_width=&#8221;stretch_row&#8221; full_height=&#8221;yes&#8221; css=&#8221;.vc_custom_1545404777555{background-image: url(https:\/\/www.damak.at\/wp-content\/uploads\/UberUns-1.png?id=794) !important;background-position: center !important;background-repeat: no-repeat !important;background-size: cover !important;}&#8221;][vc_column][vc_row_inner][vc_column_inner][vc_column_text] Damak Restaurant\u2019\u0131n lezzet d\u00fcnyas\u0131na ho\u015f geldiniz [\/vc_column_text][vc_empty_space height=&#8221;50px&#8221;][vc_raw_html]JTNDZGl2JTIwY2xhc3MlM0QlMjJkb3duQXJyb3clMjBib3VuY2UlMjIlM0UlMEElMjAlMjAlM0NpJTIwY2xhc3MlM0QlMjJpY29uLWRvd24tb3Blbi1iaWclMjIlM0UlM0MlMkZpJTNFJTBBJTNDJTJGZGl2JTNF[\/vc_raw_html][\/vc_column_inner][\/vc_row_inner][\/vc_column][\/vc_row][vc_row full_width=&#8221;stretch_row&#8221; css=&#8221;.vc_custom_1545408857676{background-color: #0a0a0a !important;}&#8221;][vc_column][vc_column_text] T\u00fcrk Mutfa\u011f\u0131n\u0131n, [\u2026]","og_url":"https:\/\/www.damak.at\/tr\/hakkimizda\/","og_site_name":"Damak Restaurant Wien","article_publisher":"https:\/\/www.facebook.com\/damaketliekmek\/?locale=de_DE","article_modified_time":"2019-04-15T07:46:55+00:00","twitter_card":"summary_large_image","twitter_misc":{"Tahmini okuma s\u00fcresi":"6 dakika"},"schema":{"@context":"https:\/\/schema.org","@graph":[{"@type":"WebPage","@id":"https:\/\/www.damak.at\/tr\/hakkimizda\/","url":"https:\/\/www.damak.at\/tr\/hakkimizda\/","name":"Hakk\u0131m\u0131zda - Damak Restaurant Wien","isPartOf":{"@id":"https:\/\/www.damak.at\/en\/#website"},"datePublished":"2018-12-21T13:39:33+00:00","dateModified":"2019-04-15T07:46:55+00:00","breadcrumb":{"@id":"https:\/\/www.damak.at\/tr\/hakkimizda\/#breadcrumb"},"inLanguage":"tr","potentialAction":[{"@type":"ReadAction","target":["https:\/\/www.damak.at\/tr\/hakkimizda\/"]}]},{"@type":"BreadcrumbList","@id":"https:\/\/www.damak.at\/tr\/hakkimizda\/#breadcrumb","itemListElement":[{"@type":"ListItem","position":1,"name":"Startseite","item":"https:\/\/www.damak.at\/tr\/"},{"@type":"ListItem","position":2,"name":"Hakk\u0131m\u0131zda"}]},{"@type":"WebSite","@id":"https:\/\/www.damak.at\/en\/#website","url":"https:\/\/www.damak.at\/en\/","name":"Damak Restaurant Wien","description":"Konya Etliekmek","publisher":{"@id":"https:\/\/www.damak.at\/en\/#organization"},"potentialAction":[{"@type":"SearchAction","target":{"@type":"EntryPoint","urlTemplate":"https:\/\/www.damak.at\/en\/?s={search_term_string}"},"query-input":{"@type":"PropertyValueSpecification","valueRequired":true,"valueName":"search_term_string"}}],"inLanguage":"tr"},{"@type":"Organization","@id":"https:\/\/www.damak.at\/en\/#organization","name":"Damak Restaurant Wien","url":"https:\/\/www.damak.at\/en\/","logo":{"@type":"ImageObject","inLanguage":"tr","@id":"https:\/\/www.damak.at\/en\/#\/schema\/logo\/image\/","url":"https:\/\/www.damak.at\/wp-content\/uploads\/favicon.png","contentUrl":"https:\/\/www.damak.at\/wp-content\/uploads\/favicon.png","width":32,"height":32,"caption":"Damak Restaurant Wien"},"image":{"@id":"https:\/\/www.damak.at\/en\/#\/schema\/logo\/image\/"},"sameAs":["https:\/\/www.facebook.com\/damaketliekmek\/?locale=de_DE","https:\/\/www.instagram.com\/damak.restaurant\/?hl=de"]}]}},"_links":{"self":[{"href":"https:\/\/www.damak.at\/tr\/wp-json\/wp\/v2\/pages\/981","targetHints":{"allow":["GET"]}}],"collection":[{"href":"https:\/\/www.damak.at\/tr\/wp-json\/wp\/v2\/pages"}],"about":[{"href":"https:\/\/www.damak.at\/tr\/wp-json\/wp\/v2\/types\/page"}],"author":[{"embeddable":true,"href":"https:\/\/www.damak.at\/tr\/wp-json\/wp\/v2\/users\/2"}],"replies":[{"embeddable":true,"href":"https:\/\/www.damak.at\/tr\/wp-json\/wp\/v2\/comments?post=981"}],"version-history":[{"count":12,"href":"https:\/\/www.damak.at\/tr\/wp-json\/wp\/v2\/pages\/981\/revisions"}],"predecessor-version":[{"id":1096,"href":"https:\/\/www.damak.at\/tr\/wp-json\/wp\/v2\/pages\/981\/revisions\/1096"}],"wp:attachment":[{"href":"https:\/\/www.damak.at\/tr\/wp-json\/wp\/v2\/media?parent=981"}],"curies":[{"name":"wp","href":"https:\/\/api.w.org\/{rel}","templated":true}]}}